{"id":4533,"date":"2024-09-16T17:59:00","date_gmt":"2024-09-16T17:59:00","guid":{"rendered":"https:\/\/4hh.9e1.mytemp.website\/?page_id=4533"},"modified":"2024-09-17T19:03:11","modified_gmt":"2024-09-17T19:03:11","slug":"technical-specifications","status":"publish","type":"page","link":"https:\/\/buspas.com\/pt\/technical-specifications\/","title":{"rendered":"Especifica\u00e7\u00f5es T\u00e9cnicas"},"content":{"rendered":"<div data-elementor-type=\"wp-page\" data-elementor-id=\"4533\" class=\"elementor elementor-4533\" data-elementor-post-type=\"page\">\n\t\t\t\t<div class=\"elementor-element elementor-element-454a950 e-flex e-con-boxed e-con e-parent\" data-id=\"454a950\" data-element_type=\"container\" data-e-type=\"container\">\n\t\t\t\t\t<div class=\"e-con-inner\">\n\t\t\t\t<div class=\"elementor-element elementor-element-603100c elementor-widget elementor-widget-crete_team_promo\" data-id=\"603100c\" data-element_type=\"widget\" data-e-type=\"widget\" data-widget_type=\"crete_team_promo.default\">\n\t\t\t\t<div class=\"elementor-widget-container\">\n\t\t\t\t\t        <div class=\"cr-service-section\">\n            <div class=\"container-1660 custom_container_width\">\n                <div class=\"cr-service-box bg-white rounded-top position-relative z-1\">\n                    <div class=\"row\">\n                        <div class=\"col-xl-6 align-self-end order-2 order-xl-1\">\n                            <div class=\"position-relative z-1\">\n                                                                    <img decoding=\"async\" src=\"https:\/\/buspas.com\/\/wp-content\/uploads\/2024\/09\/14-1.png\" alt=\"girl\" class=\"img-fluid\">\n                                \n                                                                    <img decoding=\"async\" src=\"https:\/\/buspas.com\/\/wp-content\/uploads\/2024\/09\/BusPas-Square-Social-Templates-6-e1725341279263.png\" alt=\"shape-image\" class=\"position-absolute start-50 bottom-0 translate-middle-x z--1 img-fluid\">\n                                \n                            <\/div>\n                        <\/div>\n                        <div class=\"col-xl-6 order-1 order-xl-2\">\n                            <div class=\"cr-content-right ps-xl-4\">\n                                                                    <span class=\"cr-subtitle position-relative fw-semibold primary-text-color wow fadeInUp\">Especifica\u00e7\u00f5es T\u00e9cnicas<\/span>\n                                                                                                    <h2 class=\"mt-4 mb-32 wow fadeInUp crete__section_heading translation-block\" data-wow-delay=\"0.1s\">Os pormenores que nos mant\u00eam <span class=\"primary-bg-light primary-text-color crete__section-special-heading\">ligados.<\/span><\/h2>\n                                \n                                                                    <p class=\"mb-5 wow fadeInUp crete__section_description\" data-wow-delay=\"0.3s\">Desloque-se para baixo para ver os componentes da nossa paragem de autocarro inteligente.<\/p>\n                                                                                                    <div class=\"cr-icon-box d-flex gap-3 flex-wrap flex-sm-nowrap wow fadeInUp\" data-wow-delay=\"0.1s\">\n                                    <span class=\"icon-wrapper d-inline-flex align-items-center justify-content-center primary-text-color rounded-circle flex-shrink-0\">\n                                        <i aria-hidden=\"true\" class=\"isax icon-building-4\"><\/i>                                    <\/span>\n                                        <div>\n                                                                                            <h6 class=\"mb-3\">Sinal<\/h6>\n                                                                                                                                        <p class=\"mb-0\">para comunica\u00e7\u00f5es em conformidade com a ADA, personaliza\u00e7\u00e3o total e apoio de servi\u00e7o de emerg\u00eancia.<\/p>\n                                                                                    <\/div>\n                                    <\/div>\n                                                                    <div class=\"cr-icon-box d-flex gap-3 flex-wrap flex-sm-nowrap wow fadeInUp mt-32\" data-wow-delay=\"0.2s\">\n                                    <span class=\"icon-wrapper d-inline-flex align-items-center justify-content-center primary-text-color rounded-circle flex-shrink-0\">\n                                        <i aria-hidden=\"true\" class=\"isax icon-people\"><\/i>                                    <\/span>\n                                        <div>\n                                                                                            <h6 class=\"mb-3\">Sensores<\/h6>\n                                                                                                                                        <p class=\"mb-0\">para an\u00e1lise do embarque de passageiros, contagem de pessoas, comunica\u00e7\u00f5es, condi\u00e7\u00f5es ambientais e an\u00e1lise audiovisual com IA.<\/p>\n                                                                                    <\/div>\n                                    <\/div>\n                                                                    <div class=\"cr-icon-box d-flex gap-3 flex-wrap flex-sm-nowrap wow fadeInUp mt-32\" data-wow-delay=\"0.3s\">\n                                    <span class=\"icon-wrapper d-inline-flex align-items-center justify-content-center primary-text-color rounded-circle flex-shrink-0\">\n                                        <i aria-hidden=\"true\" class=\"isax icon-people\"><\/i>                                    <\/span>\n                                        <div>\n                                                                                            <h6 class=\"mb-3\">Painel solar<\/h6>\n                                                                                                                                        <p class=\"mb-0\">para op\u00e7\u00f5es de energia fora da rede, redu\u00e7\u00e3o da procura de energia e capacidade de processamento no local.<\/p>\n                                                                                    <\/div>\n                                    <\/div>\n                                                            <\/div>\n                        <\/div>\n                    <\/div>\n                <\/div>\n            <\/div>\n        <\/div>\n        \t\t\t\t<\/div>\n\t\t\t\t<\/div>\n\t\t\t\t\t<\/div>\n\t\t\t\t<\/div>\n\t\t<div class=\"elementor-element elementor-element-f802225 e-flex e-con-boxed e-con e-parent\" data-id=\"f802225\" data-element_type=\"container\" data-e-type=\"container\">\n\t\t\t\t\t<div class=\"e-con-inner\">\n\t\t\t\t<div class=\"elementor-element elementor-element-5abe621 elementor-widget elementor-widget-spacer\" data-id=\"5abe621\" data-element_type=\"widget\" data-e-type=\"widget\" data-widget_type=\"spacer.default\">\n\t\t\t\t<div class=\"elementor-widget-container\">\n\t\t\t\t\t\t\t<div class=\"elementor-spacer\">\n\t\t\t<div class=\"elementor-spacer-inner\"><\/div>\n\t\t<\/div>\n\t\t\t\t\t\t<\/div>\n\t\t\t\t<\/div>\n\t\t\t\t<div class=\"elementor-element elementor-element-68d0ae8 elementor-widget elementor-widget-crete_title\" data-id=\"68d0ae8\" data-element_type=\"widget\" data-e-type=\"widget\" data-widget_type=\"crete_title.default\">\n\t\t\t\t<div class=\"elementor-widget-container\">\n\t\t\t\t\t                       <div class=\"section-title\">\n                                        <span class=\"cr-subtitle position-relative fw-semibold primary-text-color\">Especifica\u00e7\u00f5es dos Sinais<\/span>\n                                                                                <h3 class=\"crete-main-title mt-4\">Paragem de Autocarro Inteligente<\/h3>    \n                                                                            <\/div>\n        \t\t\t\t<\/div>\n\t\t\t\t<\/div>\n\t\t\t\t<div class=\"elementor-element elementor-element-0e7b84b elementor-pagination-position-outside elementor-widget elementor-widget-image-carousel\" data-id=\"0e7b84b\" data-element_type=\"widget\" data-e-type=\"widget\" data-settings=\"{&quot;navigation&quot;:&quot;dots&quot;,&quot;lazyload&quot;:&quot;yes&quot;,&quot;autoplay&quot;:&quot;yes&quot;,&quot;pause_on_hover&quot;:&quot;yes&quot;,&quot;pause_on_interaction&quot;:&quot;yes&quot;,&quot;autoplay_speed&quot;:5000,&quot;infinite&quot;:&quot;yes&quot;,&quot;speed&quot;:500}\" data-widget_type=\"image-carousel.default\">\n\t\t\t\t<div class=\"elementor-widget-container\">\n\t\t\t\t\t\t\t<div class=\"elementor-image-carousel-wrapper swiper\" role=\"region\" aria-roledescription=\"carousel\" aria-label=\"Carrousel d\u2019images\" dir=\"ltr\">\n\t\t\t<div class=\"elementor-image-carousel swiper-wrapper\" aria-live=\"off\">\n\t\t\t\t\t\t\t\t<div class=\"swiper-slide\" role=\"group\" aria-roledescription=\"slide\" aria-label=\"1 of 7\"><figure class=\"swiper-slide-inner\"><img class=\"swiper-slide-image swiper-lazy\" data-src=\"https:\/\/buspas.com\/wp-content\/uploads\/elementor\/thumbs\/7-quv7ozfyt2ywz2sq9clht7pkbg04m0564lsuwn3x2k.png\" alt=\"7\" \/><div class=\"swiper-lazy-preloader\"><\/div><\/figure><\/div><div class=\"swiper-slide\" role=\"group\" aria-roledescription=\"slide\" aria-label=\"2 of 7\"><figure class=\"swiper-slide-inner\"><img class=\"swiper-slide-image swiper-lazy\" data-src=\"https:\/\/buspas.com\/wp-content\/uploads\/elementor\/thumbs\/6-2-quv7n4pfbufk2rho31qze6ju5352fhs87fhdtzuvcc.png\" alt=\"6\" \/><div class=\"swiper-lazy-preloader\"><\/div><\/figure><\/div><div class=\"swiper-slide\" role=\"group\" aria-roledescription=\"slide\" aria-label=\"3 of 7\"><figure class=\"swiper-slide-inner\"><img class=\"swiper-slide-image swiper-lazy\" data-src=\"https:\/\/buspas.com\/wp-content\/uploads\/elementor\/thumbs\/5-quv7ktzmmfabp2tti1ztarf9v6grm4nuk22nln9ijw.png\" alt=\"5\" \/><div class=\"swiper-lazy-preloader\"><\/div><\/figure><\/div><div class=\"swiper-slide\" role=\"group\" aria-roledescription=\"slide\" aria-label=\"4 of 7\"><figure class=\"swiper-slide-inner\"><img class=\"swiper-slide-image swiper-lazy\" data-src=\"https:\/\/buspas.com\/wp-content\/uploads\/elementor\/thumbs\/4-quv7i7zrmzpng2mcqxd4df56gnc28eaov4u3lz4vu4.png\" alt=\"4\" \/><div class=\"swiper-lazy-preloader\"><\/div><\/figure><\/div><div class=\"swiper-slide\" role=\"group\" aria-roledescription=\"slide\" aria-label=\"5 of 7\"><figure class=\"swiper-slide-inner\"><img class=\"swiper-slide-image swiper-lazy\" data-src=\"https:\/\/buspas.com\/wp-content\/uploads\/elementor\/thumbs\/3-quv7fuggd2gk3k2lmee2kiq8el1nrxv47dgwxsnpkc.png\" alt=\"3\" \/><div class=\"swiper-lazy-preloader\"><\/div><\/figure><\/div><div class=\"swiper-slide\" role=\"group\" aria-roledescription=\"slide\" aria-label=\"6 of 7\"><figure class=\"swiper-slide-inner\"><img class=\"swiper-slide-image swiper-lazy\" data-src=\"https:\/\/buspas.com\/wp-content\/uploads\/elementor\/thumbs\/2-quv7dv0pxnqrl6yd7jifb0r79atrixziljw0grlmp8.png\" alt=\"2\" \/><div class=\"swiper-lazy-preloader\"><\/div><\/figure><\/div><div class=\"swiper-slide\" role=\"group\" aria-roledescription=\"slide\" aria-label=\"7 of 7\"><figure class=\"swiper-slide-inner\"><img class=\"swiper-slide-image swiper-lazy\" data-src=\"https:\/\/buspas.com\/wp-content\/uploads\/elementor\/thumbs\/1-quv7bgjkgwgdx2fz8i4qxmkslunzusg7lnvcbb5ulo.png\" alt=\"1\" \/><div class=\"swiper-lazy-preloader\"><\/div><\/figure><\/div>\t\t\t<\/div>\n\t\t\t\t\t\t\t\n\t\t\t\t\t\t\t\t\t<div class=\"swiper-pagination\"><\/div>\n\t\t\t\t\t\t\t\t\t<\/div>\n\t\t\t\t\t\t<\/div>\n\t\t\t\t<\/div>\n\t\t\t\t<div class=\"elementor-element elementor-element-c17213a elementor-widget elementor-widget-crete_accordion\" data-id=\"c17213a\" data-element_type=\"widget\" data-e-type=\"widget\" data-widget_type=\"crete_accordion.default\">\n\t\t\t\t<div class=\"elementor-widget-container\">\n\t\t\t\t\t     <div class=\"faq-left\">\n                        <div class=\"accordion\" id=\"accordion\">\n                                                        <div class=\"accordion-item\">\n                                <div class=\"accordion-header\">\n                                    <a href=\"#accordion_1\" data-bs-toggle=\"collapse\">Modelo<\/a>\n                                <\/div>\n                                <div class=\"accordion-collapse collapse\" id=\"accordion_1\" data-bs-parent=\"#accordion\">\n                                    <div class=\"accordion-body p-0\">\n                                        <div class=\"d-flex align-items-center gap-4 flex-wrap flex-md-nowrap\">\n                                                                                        <p class=\"mb-0\"><ul><li>Tamanho: 27,1\u201c (A) x 12,8\u201d (L) x 1,46\" (P)<\/li><li>Peso:  6.8 kg<\/li><li>Tamanho do ecr\u00e3 ativo: 13,3\" na diagonal. Resolu\u00e7\u00e3o: 1600 x 1200, TFT de vidro<\/li><\/ul><\/p>\n                                        <\/div>\n                                    <\/div>\n                                <\/div>\n                            <\/div>\n                                                        <div class=\"accordion-item\">\n                                <div class=\"accordion-header\">\n                                    <a href=\"#accordion_2\" data-bs-toggle=\"collapse\">Computa\u00e7\u00e3o<\/a>\n                                <\/div>\n                                <div class=\"accordion-collapse collapse\" id=\"accordion_2\" data-bs-parent=\"#accordion\">\n                                    <div class=\"accordion-body p-0\">\n                                        <div class=\"d-flex align-items-center gap-4 flex-wrap flex-md-nowrap\">\n                                                                                        <p class=\"mb-0\"><ul><li>Unidade de computa\u00e7\u00e3o de ponta incorporada: Processador NVIDIA Orin otimizado para software de IA e fluxos de trabalho nativos da nuvem.<\/li><li>Sensores inteligentes alimentados por energia solar incorporados<\/li><li>Interface Homem-M\u00e1quina interactiva: visor eletr\u00f3nico, c\u00e2mara, microfone e altifalantes<\/li><\/ul><\/p>\n                                        <\/div>\n                                    <\/div>\n                                <\/div>\n                            <\/div>\n                                                        <div class=\"accordion-item\">\n                                <div class=\"accordion-header\">\n                                    <a href=\"#accordion_3\" data-bs-toggle=\"collapse\">Ambiental<\/a>\n                                <\/div>\n                                <div class=\"accordion-collapse collapse\" id=\"accordion_3\" data-bs-parent=\"#accordion\">\n                                    <div class=\"accordion-body p-0\">\n                                        <div class=\"d-flex align-items-center gap-4 flex-wrap flex-md-nowrap\">\n                                                                                        <p class=\"mb-0\"><ul><li>Temperatura de funcionamento: -30\u00b0C a +60\u00b0C (-22\u00b0F a +140\u00b0F)<\/li><li>Temperatura de armazenamento: -30\u00b0C a +70\u00b0C (-22\u00b0F a +158\u00b0F)<\/li><li>Humidade de funcionamento: 90% sem condensa\u00e7\u00e3o<\/li><li>Humidade de armazenamento: 80% sem condensa\u00e7\u00e3o<\/li><li>Fi\u00e1vel; certificado de acordo com as normas UL, em conformidade com a classifica\u00e7\u00e3o IP65 e com um design \u00e0 prova de vandalismo.<\/li><\/ul><\/p>\n                                        <\/div>\n                                    <\/div>\n                                <\/div>\n                            <\/div>\n                                                        <div class=\"accordion-item\">\n                                <div class=\"accordion-header\">\n                                    <a href=\"#accordion_4\" data-bs-toggle=\"collapse\">\u00c1udio \/ Visual<\/a>\n                                <\/div>\n                                <div class=\"accordion-collapse collapse\" id=\"accordion_4\" data-bs-parent=\"#accordion\">\n                                    <div class=\"accordion-body p-0\">\n                                        <div class=\"d-flex align-items-center gap-4 flex-wrap flex-md-nowrap\">\n                                                                                        <p class=\"mb-0\"><ul><li>Colunas de som: Dupla alta sensibilidade<\/li><li>Microfones: 12MP<\/li><li>C\u00e2mara: 4056 x 3040.<\/li><li>Vis\u00e3o computacional: Desenvolvido por NVIDIA DeepStream<\/li><\/ul><\/p>\n                                        <\/div>\n                                    <\/div>\n                                <\/div>\n                            <\/div>\n                                                        <div class=\"accordion-item\">\n                                <div class=\"accordion-header\">\n                                    <a href=\"#accordion_5\" data-bs-toggle=\"collapse\">Redes<\/a>\n                                <\/div>\n                                <div class=\"accordion-collapse collapse\" id=\"accordion_5\" data-bs-parent=\"#accordion\">\n                                    <div class=\"accordion-body p-0\">\n                                        <div class=\"d-flex align-items-center gap-4 flex-wrap flex-md-nowrap\">\n                                                                                        <p class=\"mb-0\"><ul><li>Redes de banda larga e de descarregamento m\u00f3vel de alta velocidade e baixa lat\u00eancia<\/li><li>Monitoriza\u00e7\u00e3o m\u00f3vel - Rede m\u00f3vel LTE\/4G\/5G.<\/li><li>Sensor Wi-Fi - 802.11a\/b\/g\/n\/ac (2,4GHz \/ 5GHz).<\/li><li>Sensor Beacon Bluetooth 5.0 (2,4 GHz).<\/li><\/ul><\/p>\n                                        <\/div>\n                                    <\/div>\n                                <\/div>\n                            <\/div>\n                                                        <div class=\"accordion-item\">\n                                <div class=\"accordion-header\">\n                                    <a href=\"#accordion_6\" data-bs-toggle=\"collapse\">Ilumina\u00e7\u00e3o<\/a>\n                                <\/div>\n                                <div class=\"accordion-collapse collapse\" id=\"accordion_6\" data-bs-parent=\"#accordion\">\n                                    <div class=\"accordion-body p-0\">\n                                        <div class=\"d-flex align-items-center gap-4 flex-wrap flex-md-nowrap\">\n                                                                                        <p class=\"mb-0\"><ul><li class=\"p1\">5W regul\u00e1vel com 500 l\u00famenes<\/li><li class=\"p1\">V\u00e1rias configura\u00e7\u00f5es CCT e CRI dispon\u00edveis<\/li><li class=\"p1\">Sensor de movimento - infravermelhos passivos<\/li><li class=\"p1\">Sensores de Luz Ambiente<\/li><\/ul><\/p>\n                                        <\/div>\n                                    <\/div>\n                                <\/div>\n                            <\/div>\n                                                        <div class=\"accordion-item\">\n                                <div class=\"accordion-header\">\n                                    <a href=\"#accordion_7\" data-bs-toggle=\"collapse\">Ecr\u00e3 E-Paper<\/a>\n                                <\/div>\n                                <div class=\"accordion-collapse collapse\" id=\"accordion_7\" data-bs-parent=\"#accordion\">\n                                    <div class=\"accordion-body p-0\">\n                                        <div class=\"d-flex align-items-center gap-4 flex-wrap flex-md-nowrap\">\n                                                                                        <p class=\"mb-0\"><ul><li class=\"p1\">Tecnologia electrofor\u00e9tica reflectora de alto contraste.<\/li><li class=\"p1\">Luz frontal LED no ecr\u00e3 durante a noite<\/li><li class=\"p1\">Cor: 4096+ cores ou 16 escalas de cinzento.<\/li><li class=\"p1\">Conformidade com ADA<\/li><li class=\"p1\">Acabamento n\u00e3o brilhante com 70% de contraste entre o fundo e<\/li><li class=\"p1\">a letra real das mensagens no ecr\u00e3<\/li><li class=\"p1\">Texto grande e claro com uma largura m\u00e1xima de 12 pontos.<\/li><li class=\"p1\">Tipos de letra aprovados pela ADA: Times New Roman, Helvetica e Cabri<\/li><li class=\"p1\">Gama de tamanhos para a altura do texto: 5\/8 - 2 polegadas.<\/li><\/ul><\/p>\n                                        <\/div>\n                                    <\/div>\n                                <\/div>\n                            <\/div>\n                                                        <div class=\"accordion-item\">\n                                <div class=\"accordion-header\">\n                                    <a href=\"#accordion_8\" data-bs-toggle=\"collapse\">Op\u00e7\u00f5es de alimenta\u00e7\u00e3o - Grelha On\/Off<\/a>\n                                <\/div>\n                                <div class=\"accordion-collapse collapse\" id=\"accordion_8\" data-bs-parent=\"#accordion\">\n                                    <div class=\"accordion-body p-0\">\n                                        <div class=\"d-flex align-items-center gap-4 flex-wrap flex-md-nowrap\">\n                                                                                        <p class=\"mb-0\"><ul><li class=\"p1\">Fonte de alimenta\u00e7\u00e3o 12-18 VDC ou via PoE passivo<\/li><li class=\"p1\">Painel solar, controlador de carga e bateria opcionais<\/li><li class=\"p1\">Autonomia poss\u00edvel: 3-4 dias<\/li><li class=\"p1\">I\u00f5es de l\u00edtio (Lithium-Ion) com uma capacidade de 440 Watts-hora.<\/li><li class=\"p1\">Certifica\u00e7\u00e3o da norma de seguran\u00e7a obrigat\u00f3ria CQC GB31241.<\/li><li class=\"p1\">Temperatura de funcionamento: -30\u00b0C a +60\u00b0C (-22\u00b0F a +140\u00b0F)<\/li><li class=\"p1\">Poste de montagem opcional<\/li><li class=\"p1\">Carregamento autom\u00e1tico<\/li><li class=\"p1\">Gest\u00e3o de carga configur\u00e1vel<\/li><\/ul><\/p>\n                                        <\/div>\n                                    <\/div>\n                                <\/div>\n                            <\/div>\n                                                        <div class=\"accordion-item\">\n                                <div class=\"accordion-header\">\n                                    <a href=\"#accordion_9\" data-bs-toggle=\"collapse\">Instala\u00e7\u00e3o<\/a>\n                                <\/div>\n                                <div class=\"accordion-collapse collapse\" id=\"accordion_9\" data-bs-parent=\"#accordion\">\n                                    <div class=\"accordion-body p-0\">\n                                        <div class=\"d-flex align-items-center gap-4 flex-wrap flex-md-nowrap\">\n                                                                                        <p class=\"mb-0\"><ul><li class=\"p1\">Montagem r\u00e1pida em qualquer poste\/abrigo; seguro e vers\u00e1til<\/li><\/ul><\/p>\n                                        <\/div>\n                                    <\/div>\n                                <\/div>\n                            <\/div>\n                                                        <div class=\"accordion-item\">\n                                <div class=\"accordion-header\">\n                                    <a href=\"#accordion_10\" data-bs-toggle=\"collapse\">Materiais de revestimento<\/a>\n                                <\/div>\n                                <div class=\"accordion-collapse collapse\" id=\"accordion_10\" data-bs-parent=\"#accordion\">\n                                    <div class=\"accordion-body p-0\">\n                                        <div class=\"d-flex align-items-center gap-4 flex-wrap flex-md-nowrap\">\n                                                                                        <p class=\"mb-0\"><ul><li>Alum\u00ednio e Pl\u00e1stico<\/li><li>Mitiga\u00e7\u00e3o de vandalismo: Vidro colado (\u00e0 prova de estilha\u00e7os)<\/li><\/ul><\/p>\n                                        <\/div>\n                                    <\/div>\n                                <\/div>\n                            <\/div>\n                                                        \n                            \n                           \n                           \n                        <\/div>\n                    <\/div>\n        \t\t\t\t<\/div>\n\t\t\t\t<\/div>\n\t\t\t\t<div class=\"elementor-element elementor-element-ecdff52 elementor-widget elementor-widget-spacer\" data-id=\"ecdff52\" data-element_type=\"widget\" data-e-type=\"widget\" data-widget_type=\"spacer.default\">\n\t\t\t\t<div class=\"elementor-widget-container\">\n\t\t\t\t\t\t\t<div class=\"elementor-spacer\">\n\t\t\t<div class=\"elementor-spacer-inner\"><\/div>\n\t\t<\/div>\n\t\t\t\t\t\t<\/div>\n\t\t\t\t<\/div>\n\t\t\t\t\t<\/div>\n\t\t\t\t<\/div>\n\t\t\t\t<\/div>","protected":false},"excerpt":{"rendered":"<p>Technical Specifications The details that keep us connected. Scroll down the see the components of our smart bus stop. Sign for ADA compliant communications, full customization &#038; emergency service support. Sensors for passenger boarding analytics, people counting, communications, environmental conditions and AI audio\/visual analysis. Solar Panel for off-grid power options, reduced energy demand and on-site [&hellip;]<\/p>\n","protected":false},"author":2,"featured_media":0,"parent":0,"menu_order":0,"comment_status":"closed","ping_status":"closed","template":"elementor_header_footer","meta":{"_acf_changed":false,"bg_version":"","footnotes":""},"class_list":["post-4533","page","type-page","status-publish","hentry"],"acf":[],"_links":{"self":[{"href":"https:\/\/buspas.com\/pt\/wp-json\/wp\/v2\/pages\/4533","targetHints":{"allow":["GET"]}}],"collection":[{"href":"https:\/\/buspas.com\/pt\/wp-json\/wp\/v2\/pages"}],"about":[{"href":"https:\/\/buspas.com\/pt\/wp-json\/wp\/v2\/types\/page"}],"author":[{"embeddable":true,"href":"https:\/\/buspas.com\/pt\/wp-json\/wp\/v2\/users\/2"}],"replies":[{"embeddable":true,"href":"https:\/\/buspas.com\/pt\/wp-json\/wp\/v2\/comments?post=4533"}],"version-history":[{"count":0,"href":"https:\/\/buspas.com\/pt\/wp-json\/wp\/v2\/pages\/4533\/revisions"}],"wp:attachment":[{"href":"https:\/\/buspas.com\/pt\/wp-json\/wp\/v2\/media?parent=4533"}],"curies":[{"name":"wp","href":"https:\/\/api.w.org\/{rel}","templated":true}]}}