{"id":4063,"date":"2024-08-30T02:21:26","date_gmt":"2024-08-30T02:21:26","guid":{"rendered":"https:\/\/4hh.9e1.mytemp.website\/?page_id=4063"},"modified":"2024-09-17T16:56:28","modified_gmt":"2024-09-17T16:56:28","slug":"seguranca","status":"publish","type":"page","link":"https:\/\/buspas.com\/pt\/seguranca\/","title":{"rendered":"Seguran\u00e7a"},"content":{"rendered":"<div data-elementor-type=\"wp-page\" data-elementor-id=\"4063\" class=\"elementor elementor-4063\" data-elementor-post-type=\"page\">\n\t\t\t\t<div class=\"elementor-element elementor-element-50e1f11a e-flex e-con-boxed e-con e-parent\" data-id=\"50e1f11a\" data-element_type=\"container\" data-e-type=\"container\">\n\t\t\t\t\t<div class=\"e-con-inner\">\n\t\t\t\t<div class=\"elementor-element elementor-element-7521609 elementor-widget elementor-widget-spacer\" data-id=\"7521609\" data-element_type=\"widget\" data-e-type=\"widget\" data-widget_type=\"spacer.default\">\n\t\t\t\t<div class=\"elementor-widget-container\">\n\t\t\t\t\t\t\t<div class=\"elementor-spacer\">\n\t\t\t<div class=\"elementor-spacer-inner\"><\/div>\n\t\t<\/div>\n\t\t\t\t\t\t<\/div>\n\t\t\t\t<\/div>\n\t\t\t\t<div class=\"elementor-element elementor-element-1259062 elementor-widget elementor-widget-heading\" data-id=\"1259062\" data-element_type=\"widget\" data-e-type=\"widget\" data-widget_type=\"heading.default\">\n\t\t\t\t<div class=\"elementor-widget-container\">\n\t\t\t\t\t<h2 class=\"elementor-heading-title elementor-size-default\">Seguran\u00e7a<\/h2>\t\t\t\t<\/div>\n\t\t\t\t<\/div>\n\t\t\t\t<div class=\"elementor-element elementor-element-d6f2edc elementor-widget elementor-widget-spacer\" data-id=\"d6f2edc\" data-element_type=\"widget\" data-e-type=\"widget\" data-widget_type=\"spacer.default\">\n\t\t\t\t<div class=\"elementor-widget-container\">\n\t\t\t\t\t\t\t<div class=\"elementor-spacer\">\n\t\t\t<div class=\"elementor-spacer-inner\"><\/div>\n\t\t<\/div>\n\t\t\t\t\t\t<\/div>\n\t\t\t\t<\/div>\n\t\t\t\t<div class=\"elementor-element elementor-element-70ed5185 elementor-widget elementor-widget-text-editor\" data-id=\"70ed5185\" data-element_type=\"widget\" data-e-type=\"widget\" data-widget_type=\"text-editor.default\">\n\t\t\t\t<div class=\"elementor-widget-container\">\n\t\t\t\t\t\t\t\t\t<p class=\"translation-block\"><strong>Na BusPas Inc.,<\/strong> levamos a seguran\u00e7a das suas informa\u00e7\u00f5es muito a s\u00e9rio. Estamos empenhados em proteger os seus dados e gar<\/p><h3>1. Encripta\u00e7\u00e3o de dados<\/h3><p>Utilizamos protocolos de encripta\u00e7\u00e3o padr\u00e3o da ind\u00fastria para proteger os seus dados durante a transmiss\u00e3o e enquanto est\u00e3o armazenados nos nossos servidores. Isso inclui o uso da tecnologia Secure Socket Layer (SSL) para garantir que todos os dados trocados entre o seu dispositivo e os nossos servidores sejam encriptados e protegidos contra acesso n\u00e3o autorizado.<\/p><h3>2. Controles de acesso seguros<\/h3><p>O acesso \u00e0s suas informa\u00e7\u00f5es pessoais \u00e9 restrito apenas a pessoal autorizado. Empregamos controlos de acesso rigorosos, incluindo autentica\u00e7\u00e3o multifatorial, para garantir que apenas aqueles que precisam de acesso aos seus dados para fins comerciais leg\u00edtimos possam obt\u00ea-los.<\/p><h3>3. Auditorias de Seguran\u00e7a Regulares<\/h3><p>Realizamos auditorias e avalia\u00e7\u00f5es de seguran\u00e7a regulares para identificar e resolver potenciais vulnerabilidades nos nossos sistemas. Estas auditorias ajudam-nos a manter um elevado n\u00edvel de seguran\u00e7a e a garantir que as nossas salvaguardas est\u00e3o atualizadas com as mais recentes normas do setor.<\/p><h3>4. Backup e recupera\u00e7\u00e3o de dados<\/h3><p>Para proteger contra a perda de dados, fazemos backups regulares das suas informa\u00e7\u00f5es e implementamos planos de recupera\u00e7\u00e3o de desastres. Em caso de falha do sistema, os nossos protocolos de recupera\u00e7\u00e3o s\u00e3o projetados para restaurar rapidamente os seus dados e minimizar qualquer interrup\u00e7\u00e3o nos nossos servi\u00e7os.<\/p><h3>5. Detec\u00e7\u00e3o e respostas a amea\u00e7as<\/h3><p>Monitorizamos continuamente os nossos sistemas em busca de potenciais amea\u00e7as \u00e0 seguran\u00e7a e empregamos tecnologias avan\u00e7adas de dete\u00e7\u00e3o de amea\u00e7as. A nossa equipa de seguran\u00e7a est\u00e1 treinada para responder rapidamente a quaisquer amea\u00e7as identificadas, garantindo que podemos mitigar os riscos antes que eles afetem os seus dados.<\/p><h3>6. Pr\u00e1ticas de Desenvolvimento Seguro<\/h3><p>A seguran\u00e7a est\u00e1 integrada em todas as etapas do nosso processo de desenvolvimento de software. Os nossos programadores seguem pr\u00e1ticas de codifica\u00e7\u00e3o seguras e realizam testes de seguran\u00e7a exaustivos para identificar e corrigir vulnerabilidades antes do lan\u00e7amento dos nossos produtos.<\/p><h3>7. Seguran\u00e7a de Terceiros<\/h3><p>Analisamos cuidadosamente todos os prestadores de servi\u00e7os terceirizados para garantir que cumpram os nossos elevados padr\u00f5es de seguran\u00e7a. Exigimos que os nossos parceiros sigam pr\u00e1ticas de seguran\u00e7a rigorosas e revisamos regularmente a sua conformidade.<\/p><h3>8. Responsabilidade do utilizador<\/h3><p>Embora tomemos medidas abrangentes para proteger as suas informa\u00e7\u00f5es, tamb\u00e9m \u00e9 importante que voc\u00ea tome medidas para proteger a sua conta. Recomendamos que voc\u00ea:<\/p><ul><li>Use uma palavra-passe forte e \u00fanica para a sua conta e atualize-a regularmente.<\/li><li>Ative a autentica\u00e7\u00e3o multifator, quando dispon\u00edvel<\/li><li>Tenha cuidado com tentativas de phishing e n\u00e3o partilhe as credenciais da sua conta com ningu\u00e9m.<\/li><li>Verifique regularmente a atividade da sua conta e comunique-nos imediatamente qualquer atividade suspeita.<\/li><\/ul><h3>9. Resposta a incidentes<\/h3><p>Na improv\u00e1vel eventualidade de uma viola\u00e7\u00e3o de dados ou incidente de seguran\u00e7a, temos um plano robusto de resposta a incidentes em vigor. Notificaremos imediatamente os utilizadores afetados e tomaremos todas as medidas necess\u00e1rias para mitigar o impacto da viola\u00e7\u00e3o, incluindo a colabora\u00e7\u00e3o com as autoridades competentes, se necess\u00e1rio.<\/p><h3>10. Melhoria cont\u00ednua<\/h3><p>Estamos empenhados em melhorar continuamente as nossas pr\u00e1ticas de seguran\u00e7a. Mantemo-nos informados sobre as mais recentes amea\u00e7as \u00e0 seguran\u00e7a e os avan\u00e7os tecnol\u00f3gicos para garantir que os nossos sistemas permane\u00e7am resilientes e seguros.<\/p><h3>11. Contacte-nos<\/h3><p>Se tiver alguma d\u00favida ou preocupa\u00e7\u00e3o sobre as nossas pr\u00e1ticas de seguran\u00e7a, ou se acreditar que a sua conta foi comprometida, entre em contacto connosco imediatamente atrav\u00e9s do seguinte endere\u00e7o:<\/p><p><strong>BusPas Inc.<\/strong><br \/><span style=\"font-weight: 400;\">615 Boul. Ren\u00e9-L\u00e9vesque O Suite 500, <\/span><span style=\"font-weight: 400;\"><br \/><\/span><span style=\"font-weight: 400;\">Montr\u00e9al, QC H3B 1P5<\/span><br \/>Email: info@buspas.com<br \/>Phone: 1-888-406-8002<\/p>\t\t\t\t\t\t\t\t<\/div>\n\t\t\t\t<\/div>\n\t\t\t\t<div class=\"elementor-element elementor-element-1ce5aa4 elementor-widget elementor-widget-spacer\" data-id=\"1ce5aa4\" data-element_type=\"widget\" data-e-type=\"widget\" data-widget_type=\"spacer.default\">\n\t\t\t\t<div class=\"elementor-widget-container\">\n\t\t\t\t\t\t\t<div class=\"elementor-spacer\">\n\t\t\t<div class=\"elementor-spacer-inner\"><\/div>\n\t\t<\/div>\n\t\t\t\t\t\t<\/div>\n\t\t\t\t<\/div>\n\t\t\t\t\t<\/div>\n\t\t\t\t<\/div>\n\t\t\t\t<\/div>","protected":false},"excerpt":{"rendered":"<p>Security At BusPas Inc., we take the security of your information seriously. We are committed to protecting your data and ensuring that your experience with our services is safe and secure. This Security Policy outlines the measures we take to safeguard your information. 1. Data Encryption We use industry-standard encryption protocols to protect your data [&hellip;]<\/p>\n","protected":false},"author":2,"featured_media":0,"parent":0,"menu_order":0,"comment_status":"closed","ping_status":"closed","template":"elementor_header_footer","meta":{"_acf_changed":false,"bg_version":"","footnotes":""},"class_list":["post-4063","page","type-page","status-publish","hentry"],"acf":[],"_links":{"self":[{"href":"https:\/\/buspas.com\/pt\/wp-json\/wp\/v2\/pages\/4063","targetHints":{"allow":["GET"]}}],"collection":[{"href":"https:\/\/buspas.com\/pt\/wp-json\/wp\/v2\/pages"}],"about":[{"href":"https:\/\/buspas.com\/pt\/wp-json\/wp\/v2\/types\/page"}],"author":[{"embeddable":true,"href":"https:\/\/buspas.com\/pt\/wp-json\/wp\/v2\/users\/2"}],"replies":[{"embeddable":true,"href":"https:\/\/buspas.com\/pt\/wp-json\/wp\/v2\/comments?post=4063"}],"version-history":[{"count":0,"href":"https:\/\/buspas.com\/pt\/wp-json\/wp\/v2\/pages\/4063\/revisions"}],"wp:attachment":[{"href":"https:\/\/buspas.com\/pt\/wp-json\/wp\/v2\/media?parent=4063"}],"curies":[{"name":"wp","href":"https:\/\/api.w.org\/{rel}","templated":true}]}}