{"id":3526,"date":"2024-07-24T00:48:29","date_gmt":"2024-07-24T00:48:29","guid":{"rendered":"https:\/\/4hh.9e1.mytemp.website\/?page_id=3526"},"modified":"2024-09-03T03:27:57","modified_gmt":"2024-09-03T03:27:57","slug":"investors","status":"publish","type":"page","link":"https:\/\/buspas.com\/pt\/investors\/","title":{"rendered":"Investidores"},"content":{"rendered":"<div data-elementor-type=\"wp-page\" data-elementor-id=\"3526\" class=\"elementor elementor-3526\" data-elementor-post-type=\"page\">\n\t\t\t\t<div class=\"elementor-element elementor-element-3a97a18 e-flex e-con-boxed e-con e-parent\" data-id=\"3a97a18\" data-element_type=\"container\" data-e-type=\"container\">\n\t\t\t\t\t<div class=\"e-con-inner\">\n\t\t\t\t<div class=\"elementor-element elementor-element-5972c0f elementor-widget elementor-widget-crete_info_section\" data-id=\"5972c0f\" data-element_type=\"widget\" data-e-type=\"widget\" data-widget_type=\"crete_info_section.default\">\n\t\t\t\t<div class=\"elementor-widget-container\">\n\t\t\t\t\t    <!--call to action start-->\r\n    <section class=\"hm2-cta-section bg-white ptb-100 overflow-hidden\">\r\n        <div class=\"container\">\r\n            <div class=\"row align-items-center g-5 crete_reverce_info\">\r\n                <div class=\"col-xl-6\">\r\n                    <div class=\"hm2-cta-left position-relative z-1\">\r\n\r\n                        <span class=\"circle-shape position-absolute z--1\"><\/span>\r\n                        <img decoding=\"async\" src=\"https:\/\/buspas.com\/\/wp-content\/uploads\/2024\/09\/Globe.E03.2k.png\" alt=\"not found\"\r\n                             class=\"img-fluid cta-1 wow fadeInLeft\">\r\n                        <img decoding=\"async\" src=\"https:\/\/buspas.com\/\/wp-content\/uploads\/2024\/09\/Bus-Stop.H03.2k-1.png\" alt=\"not found\"\r\n                             class=\"img-fluid cta-2 wow fadeInRight\">\r\n                    <\/div>\r\n                <\/div>\r\n                <div class=\"col-xl-6\">\r\n                    <div class=\"hm2-cta-content ps-xl-5\">\r\n                        <span class=\"cr-subtitle position-relative primary-text-color fw-semibold wow fadeInUp d-inline-block\">Investidores<\/span>\r\n                        <h2 class=\"mt-32 mb-40 wow fadeInUp translation-block\"\r\n                            data-wow-delay=\"0.2s\">Estamos a angariar fundos para <span class=\"primary-bg-light primary-text-color px-2\">lan\u00e7ar projetos-piloto<\/span> em novos mercados.<\/h2>\r\n                        <p class=\"mb-5 wow fadeInUp\"\r\n                           data-wow-delay=\"0.3s\">Utilizando uma abordagem \u00abPilot First\u00bb (piloto primeiro) para programas de paragens de autocarro inteligentes, sinais eletr\u00f3nicos e fiscaliza\u00e7\u00e3o, estamos a implementar projetos-piloto e a negociar acordos para acelerar a nossa penetra\u00e7\u00e3o no mercado. Atualmente, os nossos projetos-piloto bem-sucedidos conduzem diretamente a implementa\u00e7\u00f5es adicionais nos munic\u00edpios.<\/p>\r\n                        <div class=\"d-flex align-items-center gap-3 gap-sm-4 flex-wrap\">\r\n                            <a rel='nofollow'target='_blank'\"\r\n class=\"template-btn primary-btn wow fadeInUp\"\r\n                               data-wow-delay=\"0.4s\">CONTACTO<\/a>\r\n                            <a rel='nofollow'target='_blank'\"\r\n class=\"template-btn outline-secondary wow fadeInUp hero-watch-btn\"\r\n                               data-wow-delay=\"0.5s\">VER APRESENTA\u00c7\u00c3O <span\r\n                                        class=\"ms-2\">   <svg aria-hidden=\"true\" class=\"e-font-icon-svg e-fas-play\" viewbox=\"0 0 448 512\" xmlns=\"http:\/\/www.w3.org\/2000\/svg\"><path d=\"M424.4 214.7L72.4 6.6C43.8-10.3 0 6.1 0 47.9V464c0 37.5 40.7 60.1 72.4 41.3l352-208c31.4-18.5 31.5-64.1 0-82.6z\"><\/path><\/svg><\/span><\/a>\r\n                        <\/div>\r\n                    <\/div>\r\n                <\/div>\r\n            <\/div>\r\n        <\/div>\r\n    <\/section>\r\n    <!--call to action end-->\r\n    \r\n        \t\t\t\t<\/div>\n\t\t\t\t<\/div>\n\t\t\t\t<div class=\"elementor-element elementor-element-68e594c elementor-widget elementor-widget-crete_title\" data-id=\"68e594c\" data-element_type=\"widget\" data-e-type=\"widget\" data-widget_type=\"crete_title.default\">\n\t\t\t\t<div class=\"elementor-widget-container\">\n\t\t\t\t\t                       <div class=\"section-title\">\n                                        <span class=\"cr-subtitle position-relative fw-semibold primary-text-color\">Investidores<\/span>\n                                                                                <h3 class=\"crete-main-title mt-4 translation-block\">Perguntas frequentes <span class=\"primary-text-color primary-bg-light\">Perguntas<\/span><\/h3>    \n                                                                            <\/div>\n        \t\t\t\t<\/div>\n\t\t\t\t<\/div>\n\t\t\t\t\t<\/div>\n\t\t\t\t<\/div>\n\t\t<div class=\"elementor-element elementor-element-0ad24c1 e-flex e-con-boxed e-con e-parent\" data-id=\"0ad24c1\" data-element_type=\"container\" data-e-type=\"container\">\n\t\t\t\t\t<div class=\"e-con-inner\">\n\t\t\t\t<div class=\"elementor-element elementor-element-5866c09 elementor-widget elementor-widget-crete_accordion\" data-id=\"5866c09\" data-element_type=\"widget\" data-e-type=\"widget\" data-widget_type=\"crete_accordion.default\">\n\t\t\t\t<div class=\"elementor-widget-container\">\n\t\t\t\t\t     <div class=\"faq-left\">\n                        <div class=\"accordion\" id=\"accordion\">\n                                                        <div class=\"accordion-item\">\n                                <div class=\"accordion-header\">\n                                    <a href=\"#accordion_1\" data-bs-toggle=\"collapse\">Por que eu deveria investir em BusPas?<\/a>\n                                <\/div>\n                                <div class=\"accordion-collapse collapse\" id=\"accordion_1\" data-bs-parent=\"#accordion\">\n                                    <div class=\"accordion-body p-0\">\n                                        <div class=\"d-flex align-items-center gap-4 flex-wrap flex-md-nowrap\">\n                                                                                        <p class=\"mb-0\"><p>A BusPas est\u00e1 na vanguarda da inova\u00e7\u00e3o em cidades inteligentes, oferecendo solu\u00e7\u00f5es de ponta que transformam a mobilidade urbana e a infraestrutura. Estamos a enfrentar alguns dos desafios mais urgentes que as cidades enfrentam atualmente, como congestionamento de tr\u00e2nsito, seguran\u00e7a p\u00fablica e sustentabilidade ambiental, por meio de nossa tecnologia avan\u00e7ada e insights baseados em dados. Ao investir na BusPas, n\u00e3o est\u00e1 apenas a apoiar uma empresa, mas a investir no futuro da vida urbana, com um potencial de crescimento significativo em um mercado em r\u00e1pida expans\u00e3o.<\/p><\/p>\n                                        <\/div>\n                                    <\/div>\n                                <\/div>\n                            <\/div>\n                                                        <div class=\"accordion-item\">\n                                <div class=\"accordion-header\">\n                                    <a href=\"#accordion_2\" data-bs-toggle=\"collapse\">O que \u00e9 o ecossistema ORA e por que \u00e9 importante?<\/a>\n                                <\/div>\n                                <div class=\"accordion-collapse collapse\" id=\"accordion_2\" data-bs-parent=\"#accordion\">\n                                    <div class=\"accordion-body p-0\">\n                                        <div class=\"d-flex align-items-center gap-4 flex-wrap flex-md-nowrap\">\n                                                                                        <p class=\"mb-0\"><p>O ORA Ecosystem \u00e9 a nossa plataforma principal, que integra os produtos e servi\u00e7os da BusPas numa solu\u00e7\u00e3o coesa para cidades inteligentes. \u00c9 uma ferramenta abrangente que permite \u00e0s cidades otimizar o transporte p\u00fablico, aumentar a seguran\u00e7a e tomar decis\u00f5es baseadas em dados. Para os investidores, o ORA Ecosystem representa uma plataforma escal\u00e1vel e geradora de receitas que responde \u00e0s necessidades cr\u00edticas das cidades modernas. A sua flexibilidade e ampla gama de aplica\u00e7\u00f5es tornam-no uma pedra angular da nossa estrat\u00e9gia de crescimento.<\/p><\/p>\n                                        <\/div>\n                                    <\/div>\n                                <\/div>\n                            <\/div>\n                                                        <div class=\"accordion-item\">\n                                <div class=\"accordion-header\">\n                                    <a href=\"#accordion_3\" data-bs-toggle=\"collapse\">Como \u00e9 que o BusPas gera receitas?<\/a>\n                                <\/div>\n                                <div class=\"accordion-collapse collapse\" id=\"accordion_3\" data-bs-parent=\"#accordion\">\n                                    <div class=\"accordion-body p-0\">\n                                        <div class=\"d-flex align-items-center gap-4 flex-wrap flex-md-nowrap\">\n                                                                                        <p class=\"mb-0\"><p>A BusPas possui um modelo de receita diversificado, incluindo vendas de infraestrutura urbana inteligente, solu\u00e7\u00f5es de dados baseadas em SaaS, an\u00e1lises orientadas por IA, servi\u00e7os de consultoria e programas de fiscaliza\u00e7\u00e3o. Al\u00e9m disso, oferecemos solu\u00e7\u00f5es de publicidade direcionada por meio de nosso mobili\u00e1rio urbano inteligente, criando m\u00faltiplas fontes de receita. Essa abordagem diversificada n\u00e3o apenas estabiliza a receita, mas tamb\u00e9m nos posiciona para capitalizar v\u00e1rias oportunidades de mercado \u00e0 medida que as cidades continuam a evoluir.<\/p><\/p>\n                                        <\/div>\n                                    <\/div>\n                                <\/div>\n                            <\/div>\n                                                        <div class=\"accordion-item\">\n                                <div class=\"accordion-header\">\n                                    <a href=\"#accordion_4\" data-bs-toggle=\"collapse\">Quais s\u00e3o as perspetivas de crescimento para a BusPas?<\/a>\n                                <\/div>\n                                <div class=\"accordion-collapse collapse\" id=\"accordion_4\" data-bs-parent=\"#accordion\">\n                                    <div class=\"accordion-body p-0\">\n                                        <div class=\"d-flex align-items-center gap-4 flex-wrap flex-md-nowrap\">\n                                                                                        <p class=\"mb-0\"><p>A BusPas est\u00e1 posicionada para um crescimento significativo, \u00e0 medida que cidades em todo o mundo adotam cada vez mais tecnologias de cidades inteligentes. O impulso global em dire\u00e7\u00e3o \u00e0 urbaniza\u00e7\u00e3o, sustentabilidade e transforma\u00e7\u00e3o digital cria uma forte procura pelas nossas solu\u00e7\u00f5es. A nossa estrat\u00e9gia de expans\u00e3o inclui ampliar o ecossistema ORA, entrar em novos mercados e desenvolver parcerias estrat\u00e9gicas. Com uma base s\u00f3lida e uma vis\u00e3o clara, a BusPas est\u00e1 bem equipada para conquistar uma fatia substancial do mercado de cidades inteligentes.<\/p><\/p>\n                                        <\/div>\n                                    <\/div>\n                                <\/div>\n                            <\/div>\n                                                        <div class=\"accordion-item\">\n                                <div class=\"accordion-header\">\n                                    <a href=\"#accordion_5\" data-bs-toggle=\"collapse\">Como \u00e9 que o BusPas garante o sucesso a longo prazo?<\/a>\n                                <\/div>\n                                <div class=\"accordion-collapse collapse\" id=\"accordion_5\" data-bs-parent=\"#accordion\">\n                                    <div class=\"accordion-body p-0\">\n                                        <div class=\"d-flex align-items-center gap-4 flex-wrap flex-md-nowrap\">\n                                                                                        <p class=\"mb-0\"><p>We\u2019re committed to continuous innovation and strategic collaboration. Partnering with leading technology companies, universities, and municipalities, empowers us to stay at the cutting edge of urban mobility solutions. Our focus on sustainability, adaptability, and security ensures that our solutions are future-proof and relevant for the long term. Our scalable business model and diversified revenue streams provide a strong financial foundation for ongoing growth.<\/p><\/p>\n                                        <\/div>\n                                    <\/div>\n                                <\/div>\n                            <\/div>\n                                                        <div class=\"accordion-item\">\n                                <div class=\"accordion-header\">\n                                    <a href=\"#accordion_6\" data-bs-toggle=\"collapse\">Como posso saber mais ou investir no BusPas?<\/a>\n                                <\/div>\n                                <div class=\"accordion-collapse collapse\" id=\"accordion_6\" data-bs-parent=\"#accordion\">\n                                    <div class=\"accordion-body p-0\">\n                                        <div class=\"d-flex align-items-center gap-4 flex-wrap flex-md-nowrap\">\n                                                                                        <p class=\"mb-0\"><p>Adorar\u00edamos discutir como pode fazer parte da jornada da BusPas! Se estiver interessado em saber mais sobre as nossas finan\u00e7as, estrat\u00e9gia de crescimento ou oportunidades de mercado, a nossa equipa de rela\u00e7\u00f5es com investidores est\u00e1 aqui para ajudar. Contacte-nos hoje mesmo para explorar como pode investir no futuro das cidades inteligentes com a BusPas.<\/p><\/p>\n                                        <\/div>\n                                    <\/div>\n                                <\/div>\n                            <\/div>\n                                                        <div class=\"accordion-item\">\n                                <div class=\"accordion-header\">\n                                    <a href=\"#accordion_7\" data-bs-toggle=\"collapse\">Como a BusPas utilizar\u00e1 os fundos dos investidores para impulsionar o crescimento?<\/a>\n                                <\/div>\n                                <div class=\"accordion-collapse collapse\" id=\"accordion_7\" data-bs-parent=\"#accordion\">\n                                    <div class=\"accordion-body p-0\">\n                                        <div class=\"d-flex align-items-center gap-4 flex-wrap flex-md-nowrap\">\n                                                                                        <p class=\"mb-0\"><p>A BusPas planeia alocar estrategicamente os fundos dos investidores em v\u00e1rias \u00e1reas-chave que impulsionam o crescimento sustent\u00e1vel e a inova\u00e7\u00e3o. Uma parte significativa \u00e9 investida em Investiga\u00e7\u00e3o e Desenvolvimento (I&amp;D) para continuar a aperfei\u00e7oar os nossos produtos, particularmente dentro do Ecossistema ORA, e para nos mantermos \u00e0 frente das tend\u00eancias emergentes em IA e infraestruturas urbanas inteligentes. Tamb\u00e9m nos concentraremos na expans\u00e3o do mercado, estabelecendo uma forte presen\u00e7a em mercados internacionais de alto potencial e construindo parcerias locais com munic\u00edpios e ag\u00eancias de transporte p\u00fablico. Al\u00e9m disso, os fundos ser\u00e3o usados para aprimorar e diversificar nossas ofertas de produtos, introduzindo novas aplica\u00e7\u00f5es e expandindo a gama de solu\u00e7\u00f5es urbanas inteligentes que oferecemos.<\/p><p>Para fortalecer a nossa posi\u00e7\u00e3o no mercado, buscaremos parcerias estrat\u00e9gicas e consideraremos aquisi\u00e7\u00f5es de empresas com tecnologias inovadoras que estejam alinhadas com a nossa miss\u00e3o. Outra prioridade \u00e9 expandir as nossas opera\u00e7\u00f5es, garantindo que possamos apoiar o crescimento e, ao mesmo tempo, manter altos padr\u00f5es de servi\u00e7o. Isso inclui atualizar a nossa infraestrutura de TI e otimizar os processos da cadeia de abastecimento. Al\u00e9m disso, intensificaremos os nossos esfor\u00e7os de marketing para aumentar o reconhecimento da marca, participando de eventos importantes do setor e lan\u00e7ando campanhas direcionadas. Por \u00faltimo, investiremos na aquisi\u00e7\u00e3o e reten\u00e7\u00e3o de talentos, atraindo os melhores profissionais e promovendo uma cultura de aprendizagem cont\u00ednua para apoiar o nosso sucesso a longo prazo.<\/p><\/p>\n                                        <\/div>\n                                    <\/div>\n                                <\/div>\n                            <\/div>\n                                                        \n                            \n                           \n                           \n                        <\/div>\n                    <\/div>\n        \t\t\t\t<\/div>\n\t\t\t\t<\/div>\n\t\t\t\t<div class=\"elementor-element elementor-element-39053bd elementor-widget elementor-widget-spacer\" data-id=\"39053bd\" data-element_type=\"widget\" data-e-type=\"widget\" data-widget_type=\"spacer.default\">\n\t\t\t\t<div class=\"elementor-widget-container\">\n\t\t\t\t\t\t\t<div class=\"elementor-spacer\">\n\t\t\t<div class=\"elementor-spacer-inner\"><\/div>\n\t\t<\/div>\n\t\t\t\t\t\t<\/div>\n\t\t\t\t<\/div>\n\t\t\t\t\t<\/div>\n\t\t\t\t<\/div>\n\t\t\t\t<\/div>","protected":false},"excerpt":{"rendered":"<p>Investors We&#8217;re raising funds to launch pilots in new markets. Using a \u2018Pilot First\u2019 approach for Smart Bus Stops, E-Signs &#038; Enforcement programs, we are deploying pilots and negotiating agreements to accelerate our market penetration. Currently, our successful pilots lead directly to additional deployments in municipalities. CONTACT VIEW PRESENTATION Investors Frequently Asked Questions Why should [&hellip;]<\/p>\n","protected":false},"author":2,"featured_media":0,"parent":0,"menu_order":0,"comment_status":"closed","ping_status":"closed","template":"elementor_header_footer","meta":{"_acf_changed":false,"bg_version":"","footnotes":""},"class_list":["post-3526","page","type-page","status-publish","hentry"],"acf":[],"_links":{"self":[{"href":"https:\/\/buspas.com\/pt\/wp-json\/wp\/v2\/pages\/3526","targetHints":{"allow":["GET"]}}],"collection":[{"href":"https:\/\/buspas.com\/pt\/wp-json\/wp\/v2\/pages"}],"about":[{"href":"https:\/\/buspas.com\/pt\/wp-json\/wp\/v2\/types\/page"}],"author":[{"embeddable":true,"href":"https:\/\/buspas.com\/pt\/wp-json\/wp\/v2\/users\/2"}],"replies":[{"embeddable":true,"href":"https:\/\/buspas.com\/pt\/wp-json\/wp\/v2\/comments?post=3526"}],"version-history":[{"count":0,"href":"https:\/\/buspas.com\/pt\/wp-json\/wp\/v2\/pages\/3526\/revisions"}],"wp:attachment":[{"href":"https:\/\/buspas.com\/pt\/wp-json\/wp\/v2\/media?parent=3526"}],"curies":[{"name":"wp","href":"https:\/\/api.w.org\/{rel}","templated":true}]}}