{"id":3525,"date":"2024-07-24T00:48:29","date_gmt":"2024-07-24T00:48:29","guid":{"rendered":"https:\/\/4hh.9e1.mytemp.website\/?page_id=3525"},"modified":"2024-09-30T15:47:09","modified_gmt":"2024-09-30T15:47:09","slug":"vision","status":"publish","type":"page","link":"https:\/\/buspas.com\/pt\/vision\/","title":{"rendered":"Vis\u00e3o"},"content":{"rendered":"<div data-elementor-type=\"wp-page\" data-elementor-id=\"3525\" class=\"elementor elementor-3525\" data-elementor-post-type=\"page\">\n\t\t\t\t<div class=\"elementor-element elementor-element-4179194 e-flex e-con-boxed e-con e-parent\" data-id=\"4179194\" data-element_type=\"container\" data-e-type=\"container\">\n\t\t\t\t\t<div class=\"e-con-inner\">\n\t\t\t\t<div class=\"elementor-element elementor-element-fa26299 elementor-widget elementor-widget-crete_info_section\" data-id=\"fa26299\" data-element_type=\"widget\" data-e-type=\"widget\" data-widget_type=\"crete_info_section.default\">\n\t\t\t\t<div class=\"elementor-widget-container\">\n\t\t\t\t\t    <!--call to action start-->\r\n    <section class=\"hm2-cta-section bg-white ptb-100 overflow-hidden\">\r\n        <div class=\"container\">\r\n            <div class=\"row align-items-center g-5 crete_reverce_info\">\r\n                <div class=\"col-xl-6\">\r\n                    <div class=\"hm2-cta-left position-relative z-1\">\r\n\r\n                        <span class=\"circle-shape position-absolute z--1\"><\/span>\r\n                        <img decoding=\"async\" src=\"https:\/\/buspas.com\/\/wp-content\/uploads\/2024\/09\/ORA-Highlight.png\" alt=\"not found\"\r\n                             class=\"img-fluid cta-1 wow fadeInLeft\">\r\n                        <img decoding=\"async\" src=\"https:\/\/buspas.com\/\/wp-content\/uploads\/2024\/09\/ORA-Highlight-1-e1725305679328.png\" alt=\"not found\"\r\n                             class=\"img-fluid cta-2 wow fadeInRight\">\r\n                    <\/div>\r\n                <\/div>\r\n                <div class=\"col-xl-6\">\r\n                    <div class=\"hm2-cta-content ps-xl-5\">\r\n                        <span class=\"cr-subtitle position-relative primary-text-color fw-semibold wow fadeInUp d-inline-block\">Vis\u00e3o<\/span>\r\n                        <h2 class=\"mt-32 mb-40 wow fadeInUp translation-block\"\r\n                            data-wow-delay=\"0.2s\">A plataforma ORA  e <span class=\"primary-bg-light primary-text-color px-2\"> o nosso futuro colaborativo conectado.<\/span><\/h2>\r\n                        <p class=\"mb-5 wow fadeInUp\"\r\n                           data-wow-delay=\"0.3s\">A vis\u00e3o \u00e9 simples: capacitar as cidades, fornecendo melhores dados, solu\u00e7\u00f5es e tomada de decis\u00f5es sem custos proibitivos. A nossa vis\u00e3o \u00e9 acelerar a evolu\u00e7\u00e3o da mobilidade urbana e da infraestrutura de cidades inteligentes, criando ambientes urbanos sustent\u00e1veis e integrados. A vis\u00e3o \u00e9 simples: capacitar as cidades, fornecendo melhores dados, solu\u00e7\u00f5es e tomada de decis\u00f5es sem custos proibitivos. Estamos a abrir caminho para permitir que os munic\u00edpios se tornem cidades inteligentes. Resolver estrategicamente os problemas atuais dos passageiros prepara-nos para um futuro sem tr\u00e2nsito e sem condutores.<\/p>\r\n                        <div class=\"d-flex align-items-center gap-3 gap-sm-4 flex-wrap\">\r\n                            <a href='#Sustainability'rel='nofollow'\"\r\n class=\"template-btn primary-btn wow fadeInUp\"\r\n                               data-wow-delay=\"0.4s\">SAIBA MAIS<\/a>\r\n                            <a href='https:\/\/buspas.com\/pt\/ora-ecosystem\/'rel='nofollow'\"\r\n class=\"template-btn outline-secondary wow fadeInUp hero-watch-btn\"\r\n                               data-wow-delay=\"0.5s\">ECOSSISTEMA ORA <span\r\n                                        class=\"ms-2\">   <\/span><\/a>\r\n                        <\/div>\r\n                    <\/div>\r\n                <\/div>\r\n            <\/div>\r\n        <\/div>\r\n    <\/section>\r\n    <!--call to action end-->\r\n    \r\n        \t\t\t\t<\/div>\n\t\t\t\t<\/div>\n\t\t\t\t<div class=\"elementor-element elementor-element-971bbe7 elementor-widget elementor-widget-menu-anchor\" data-id=\"971bbe7\" data-element_type=\"widget\" data-e-type=\"widget\" data-widget_type=\"menu-anchor.default\">\n\t\t\t\t<div class=\"elementor-widget-container\">\n\t\t\t\t\t\t\t<div class=\"elementor-menu-anchor\" id=\"Sustainability\"><\/div>\n\t\t\t\t\t\t<\/div>\n\t\t\t\t<\/div>\n\t\t\t\t<div class=\"elementor-element elementor-element-aea73f5 elementor-widget elementor-widget-crete_info_section\" data-id=\"aea73f5\" data-element_type=\"widget\" data-e-type=\"widget\" data-widget_type=\"crete_info_section.default\">\n\t\t\t\t<div class=\"elementor-widget-container\">\n\t\t\t\t\t    <!--call to action start-->\r\n    <section class=\"hm2-cta-section bg-white ptb-100 overflow-hidden\">\r\n        <div class=\"container\">\r\n            <div class=\"row align-items-center g-5 crete_reverce_info\">\r\n                <div class=\"col-xl-6\">\r\n                    <div class=\"hm2-cta-left position-relative z-1\">\r\n\r\n                        <span class=\"circle-shape position-absolute z--1\"><\/span>\r\n                        <img decoding=\"async\" src=\"https:\/\/buspas.com\/\/wp-content\/uploads\/2024\/09\/12.png\" alt=\"not found\"\r\n                             class=\"img-fluid cta-1 wow fadeInLeft\">\r\n                        <img decoding=\"async\" src=\"https:\/\/buspas.com\/\/wp-content\/uploads\/2024\/09\/BusPas-Square-Social-Templates-8.png\" alt=\"not found\"\r\n                             class=\"img-fluid cta-2 wow fadeInRight\">\r\n                    <\/div>\r\n                <\/div>\r\n                <div class=\"col-xl-6\">\r\n                    <div class=\"hm2-cta-content ps-xl-5\">\r\n                        <span class=\"cr-subtitle position-relative primary-text-color fw-semibold wow fadeInUp d-inline-block\">Sustentabilidade<\/span>\r\n                        <h2 class=\"mt-32 mb-40 wow fadeInUp\"\r\n                            data-wow-delay=\"0.2s\">Tornar os ambientes urbanos mais seguros, limpos e ecol\u00f3gicos  <span\r\n                                    class=\"primary-bg-light primary-text-color px-2\">aproveitando os dados dos sensores<\/span> para alertas autom\u00e1ticos.                        <\/h2>\r\n                        <p class=\"mb-5 wow fadeInUp\"\r\n                           data-wow-delay=\"0.3s\">As nossas paragens de autocarro inteligentes, alimentadas por energia solar e com tecnologia de IA, obt\u00eam energia do sol e utilizam a rede el\u00e9trica quando necess\u00e1rio. O processamento inform\u00e1tico local permite ao nosso sistema identificar problemas e enviar sinais autom\u00e1ticos para recolha de lixo, remo\u00e7\u00e3o de graffitis, interven\u00e7\u00e3o em situa\u00e7\u00f5es de emerg\u00eancia dos passageiros, vagabundagem e repara\u00e7\u00e3o de abrigos. Os alertas ajudam a manter as paragens de autocarro seguras e limpas, incentivando a utiliza\u00e7\u00e3o dos transportes p\u00fablicos e desencorajando o lixo e o mau comportamento. <\/p>\r\n                        <div class=\"d-flex align-items-center gap-3 gap-sm-4 flex-wrap\">\r\n                            <a href='#Efficiency'rel='nofollow'\"\r\n class=\"template-btn primary-btn wow fadeInUp\"\r\n                               data-wow-delay=\"0.4s\">COMO FUNCIONA<\/a>\r\n                            <a href='https:\/\/buspas.com\/pt\/technical-specifications\/'rel='nofollow'\"\r\n class=\"template-btn outline-secondary wow fadeInUp hero-watch-btn\"\r\n                               data-wow-delay=\"0.5s\">ESPECIFICA\u00c7\u00d5ES T\u00c9CNICAS <span\r\n                                        class=\"ms-2\">   <i aria-hidden=\"true\" class=\"isax icon-stickynote\"><\/i><\/span><\/a>\r\n                        <\/div>\r\n                    <\/div>\r\n                <\/div>\r\n            <\/div>\r\n        <\/div>\r\n    <\/section>\r\n    <!--call to action end-->\r\n    \r\n        \t\t\t\t<\/div>\n\t\t\t\t<\/div>\n\t\t\t\t<div class=\"elementor-element elementor-element-52a68b5 elementor-widget elementor-widget-menu-anchor\" data-id=\"52a68b5\" data-element_type=\"widget\" data-e-type=\"widget\" data-widget_type=\"menu-anchor.default\">\n\t\t\t\t<div class=\"elementor-widget-container\">\n\t\t\t\t\t\t\t<div class=\"elementor-menu-anchor\" id=\"Efficiency\"><\/div>\n\t\t\t\t\t\t<\/div>\n\t\t\t\t<\/div>\n\t\t\t\t<div class=\"elementor-element elementor-element-5853d18 elementor-widget elementor-widget-crete_info_section\" data-id=\"5853d18\" data-element_type=\"widget\" data-e-type=\"widget\" data-widget_type=\"crete_info_section.default\">\n\t\t\t\t<div class=\"elementor-widget-container\">\n\t\t\t\t\t    <!--call to action start-->\r\n    <section class=\"hm2-cta-section bg-white ptb-100 overflow-hidden\">\r\n        <div class=\"container\">\r\n            <div class=\"row align-items-center g-5 crete_reverce_info\">\r\n                <div class=\"col-xl-6\">\r\n                    <div class=\"hm2-cta-left position-relative z-1\">\r\n\r\n                        <span class=\"circle-shape position-absolute z--1\"><\/span>\r\n                        <img decoding=\"async\" src=\"https:\/\/buspas.com\/\/wp-content\/uploads\/2024\/09\/30.png\" alt=\"not found\"\r\n                             class=\"img-fluid cta-1 wow fadeInLeft\">\r\n                        <img decoding=\"async\" src=\"https:\/\/buspas.com\/\/wp-content\/uploads\/2024\/09\/ORA-Billboard-Square-1.png\" alt=\"not found\"\r\n                             class=\"img-fluid cta-2 wow fadeInRight\">\r\n                    <\/div>\r\n                <\/div>\r\n                <div class=\"col-xl-6\">\r\n                    <div class=\"hm2-cta-content ps-xl-5\">\r\n                        <span class=\"cr-subtitle position-relative primary-text-color fw-semibold wow fadeInUp d-inline-block\">Efici\u00eancia<\/span>\r\n                        <h2 class=\"mt-32 mb-40 wow fadeInUp\"\r\n                            data-wow-delay=\"0.2s\">Reduzir  <span\r\n                                    class=\"primary-bg-light primary-text-color px-2\">custos, emiss\u00f5es e congestionamento<\/span> em tempo real.                        <\/h2>\r\n                        <p class=\"mb-5 wow fadeInUp\"\r\n                           data-wow-delay=\"0.3s\">Os nossos sistemas de fiscaliza\u00e7\u00e3o das faixas de tr\u00e2nsito garantem a utiliza\u00e7\u00e3o eficiente das faixas de autocarro, diminuindo o congestionamento do tr\u00e2nsito e melhorando os tempos de tr\u00e2nsito p\u00fablico. Agora, podemos garantir que todos os passageiros tenham acesso a um transporte p\u00fablico pontual e que todos os munic\u00edpios possam ter acesso a tecnologia de ponta. Ao integrar informa\u00e7\u00f5es em tempo real sobre os passageiros e an\u00e1lise de dados, permitimos que as cidades otimizem as suas opera\u00e7\u00f5es, reduzindo a necessidade de expans\u00f5es dispendiosas. O nosso mobili\u00e1rio urbano inteligente, como paragens de autocarro movidas a energia solar, tamb\u00e9m reduz o consumo de energia e as emiss\u00f5es de carbono. Estas inova\u00e7\u00f5es, em conjunto, criam ambientes urbanos mais eficientes e sustent\u00e1veis, poupando dinheiro \u00e0s cidades, melhorando a experi\u00eancia dos passageiros e reduzindo o impacto ambiental.<\/p>\r\n                        <div class=\"d-flex align-items-center gap-3 gap-sm-4 flex-wrap\">\r\n                            <a href='#Interoperability'rel='nofollow'\"\r\n class=\"template-btn primary-btn wow fadeInUp\"\r\n                               data-wow-delay=\"0.4s\">SAIBA MAIS<\/a>\r\n                            <a href=\"https:\/\/safersmartzones.com\" rel=\"nofollow noopener\" target=\"_blank\" class=\"template-btn outline-secondary wow fadeInUp hero-watch-btn\" data-wow-delay=\"0.5s\">FISCALIZA\u00c7\u00c3O <span\r\n                                        class=\"ms-2\">   <\/span><\/a>\r\n                        <\/div>\r\n                    <\/div>\r\n                <\/div>\r\n            <\/div>\r\n        <\/div>\r\n    <\/section>\r\n    <!--call to action end-->\r\n    \r\n        \t\t\t\t<\/div>\n\t\t\t\t<\/div>\n\t\t\t\t\t<\/div>\n\t\t\t\t<\/div>\n\t\t<div class=\"elementor-element elementor-element-d51b548 e-flex e-con-boxed e-con e-parent\" data-id=\"d51b548\" data-element_type=\"container\" data-e-type=\"container\">\n\t\t\t\t\t<div class=\"e-con-inner\">\n\t\t\t\t<div class=\"elementor-element elementor-element-00e4084 elementor-widget elementor-widget-menu-anchor\" data-id=\"00e4084\" data-element_type=\"widget\" data-e-type=\"widget\" data-widget_type=\"menu-anchor.default\">\n\t\t\t\t<div class=\"elementor-widget-container\">\n\t\t\t\t\t\t\t<div class=\"elementor-menu-anchor\" id=\"Interoperability\"><\/div>\n\t\t\t\t\t\t<\/div>\n\t\t\t\t<\/div>\n\t\t\t\t<div class=\"elementor-element elementor-element-569e423 elementor-widget elementor-widget-crete_info_section_two\" data-id=\"569e423\" data-element_type=\"widget\" data-e-type=\"widget\" data-widget_type=\"crete_info_section_two.default\">\n\t\t\t\t<div class=\"elementor-widget-container\">\n\t\t\t\t\t        \r\n            <!--about section start-->\r\n    <section class=\"about-section ptb-100 overflow-hidden\">\r\n        <div class=\"container\">\r\n            <div class=\"row align-items-center g-5\">\r\n                <div class=\"col-xl-6\">\r\n                    <div class=\"about-content-left position-relative\">\r\n                                                    <img decoding=\"async\" src=\"https:\/\/buspas.com\/\/wp-content\/uploads\/2024\/09\/ORA-Highlight-2.png\" alt=\"not found\" class=\"img-fluid\">\r\n                        \r\n\r\n\r\n                                            <\/div>\r\n                <\/div>\r\n                <div class=\"col-xl-6\">\r\n                    <div class=\"about-content-right\">\r\n\r\n                                                    <span class=\"cr-subtitle fw-semibold position-relative primary-text-color wow fadeInUp d-inline-block\">Interoperabilidade<\/span>\r\n                        \r\n                                                    <h2 class=\"mt-4 mb-4 wow fadeInUp crete_info_two_title\"\r\n                                data-wow-delay=\"0.2s\">Aumentar o n\u00famero de passageiros, melhorar o servi\u00e7o e expandir                                <span\r\n                                        class=\"primary-text-color primary-bg-light px-2 crete_right_main_title_style_text\">Sistemas MaaS que comunicam entre si.<\/span>                             <\/h2>\r\n                                                                            <p class=\"mb-32 wow fadeInUp crete_info_two_decription\"\r\n                               data-wow-delay=\"0.3s\">Estamos a resolver os problemas de hoje... e de amanh\u00e3. Com dados robustos, garantimos que a infraestrutura e os sistemas das suas cidades estejam prontos. <span\r\n                                        class=\"primary-text-color crete_right_decription_style_text\">para um futuro sem condutores, com t\u00e1xis rob\u00f3ticos, faixas de tr\u00e2nsito inteligentes revers\u00edveis, zonas de desembarque designadas e fiscaliza\u00e7\u00e3o automatizada.<\/span>\r\n                            <\/p>\r\n                                                <div class=\"cta-box bg-white rounded-3 theme-shadow\">\r\n                            <div class=\"d-flex gap-3 flex-wrap flex-sm-nowrap\">\r\n                                                                    <span class=\"icon-wrapper primary-bg-light rounded-circle d-flex align-items-center justify-content-center flex-shrink-0\">\r\n                                   <svg aria-hidden=\"true\" class=\"e-font-icon-svg e-fas-check\" viewbox=\"0 0 512 512\" xmlns=\"http:\/\/www.w3.org\/2000\/svg\"><path d=\"M173.898 439.404l-166.4-166.4c-9.997-9.997-9.997-26.206 0-36.204l36.203-36.204c9.997-9.998 26.207-9.998 36.204 0L192 312.69 432.095 72.596c9.997-9.997 26.207-9.997 36.204 0l36.203 36.204c9.997 9.997 9.997 26.206 0 36.204l-294.4 294.401c-9.998 9.997-26.207 9.997-36.204-.001z\"><\/path><\/svg>                                <\/span>\r\n                                                                <div>\r\n                                                                            <h6 class=\"mb-20\">Estamos equipando as comunidades com o poder de processamento de ponta que ser\u00e1 necess\u00e1rio para as cidades inteligentes em 2035.<\/h6>\r\n                                    \r\n                                                                            <p class=\"mb-0\">\u00c0 medida que a popula\u00e7\u00e3o aumenta, as ferramentas ORA permitir\u00e3o que a sua ag\u00eancia ou munic\u00edpio atenda \u00e0s crescentes demandas dos passageiros, pedestres e l\u00edderes comunit\u00e1rios.<\/p>\r\n                                                                    <\/div>\r\n                            <\/div>\r\n                            <div class=\"d-flex align-items-center gap-4 mt-40 flex-wrap\">\r\n                                                                                            <\/div>\r\n                        <\/div>\r\n                    <\/div>\r\n                <\/div>\r\n            <\/div>\r\n        <\/div>\r\n    <\/section>\r\n    <!--about section end-->\r\n\r\n\r\n            \r\n\r\n        \t\t\t\t<\/div>\n\t\t\t\t<\/div>\n\t\t\t\t\t<\/div>\n\t\t\t\t<\/div>\n\t\t\t\t<\/div>","protected":false},"excerpt":{"rendered":"<p>Vision The ORA platform and our connected collaborative future. The vision is simple &#8212; empower cities by providing better data, solutions and decision-making without prohibitive costs. Our vision is to accelerate the evolution of urban mobility and smart city infrastructure by creating seamless, sustainable urban environments. The vision is simple &#8212; empower cities by providing [&hellip;]<\/p>\n","protected":false},"author":2,"featured_media":0,"parent":0,"menu_order":0,"comment_status":"closed","ping_status":"closed","template":"elementor_header_footer","meta":{"_acf_changed":false,"bg_version":"","footnotes":""},"class_list":["post-3525","page","type-page","status-publish","hentry"],"acf":[],"_links":{"self":[{"href":"https:\/\/buspas.com\/pt\/wp-json\/wp\/v2\/pages\/3525","targetHints":{"allow":["GET"]}}],"collection":[{"href":"https:\/\/buspas.com\/pt\/wp-json\/wp\/v2\/pages"}],"about":[{"href":"https:\/\/buspas.com\/pt\/wp-json\/wp\/v2\/types\/page"}],"author":[{"embeddable":true,"href":"https:\/\/buspas.com\/pt\/wp-json\/wp\/v2\/users\/2"}],"replies":[{"embeddable":true,"href":"https:\/\/buspas.com\/pt\/wp-json\/wp\/v2\/comments?post=3525"}],"version-history":[{"count":0,"href":"https:\/\/buspas.com\/pt\/wp-json\/wp\/v2\/pages\/3525\/revisions"}],"wp:attachment":[{"href":"https:\/\/buspas.com\/pt\/wp-json\/wp\/v2\/media?parent=3525"}],"curies":[{"name":"wp","href":"https:\/\/api.w.org\/{rel}","templated":true}]}}