{"id":2670,"date":"2023-07-30T10:16:22","date_gmt":"2023-07-30T10:16:22","guid":{"rendered":"https:\/\/crete.themepreview.xyz\/home-two\/?page_id=2670"},"modified":"2025-07-31T23:29:24","modified_gmt":"2025-07-31T23:29:24","slug":"sobre","status":"publish","type":"page","link":"https:\/\/buspas.com\/pt\/sobre\/","title":{"rendered":"Sobre"},"content":{"rendered":"<div data-elementor-type=\"wp-page\" data-elementor-id=\"2670\" class=\"elementor elementor-2670\" data-elementor-post-type=\"page\">\n\t\t\t\t<div class=\"elementor-element elementor-element-5d5f43d e-con-full e-flex e-con e-parent\" data-id=\"5d5f43d\" data-element_type=\"container\" data-e-type=\"container\">\n\t\t\t\t<div class=\"elementor-element elementor-element-07c684f elementor-widget elementor-widget-crete_info_section\" data-id=\"07c684f\" data-element_type=\"widget\" data-e-type=\"widget\" data-widget_type=\"crete_info_section.default\">\n\t\t\t\t<div class=\"elementor-widget-container\">\n\t\t\t\t\t    <!--call to action start-->\r\n    <section class=\"hm2-cta-section bg-white ptb-100 overflow-hidden\">\r\n        <div class=\"container\">\r\n            <div class=\"row align-items-center g-5 crete_reverce_info\">\r\n                <div class=\"col-xl-6\">\r\n                    <div class=\"hm2-cta-left position-relative z-1\">\r\n\r\n                        <span class=\"circle-shape position-absolute z--1\"><\/span>\r\n                        <img decoding=\"async\" src=\"https:\/\/buspas.com\/\/wp-content\/uploads\/2024\/09\/ORA-Billboard-Square-3.png\" alt=\"not found\"\r\n                             class=\"img-fluid cta-1 wow fadeInLeft\">\r\n                        <img decoding=\"async\" src=\"https:\/\/buspas.com\/\/wp-content\/uploads\/2024\/09\/BusPas-Square-Social-Templates-8.png\" alt=\"not found\"\r\n                             class=\"img-fluid cta-2 wow fadeInRight\">\r\n                    <\/div>\r\n                <\/div>\r\n                <div class=\"col-xl-6\">\r\n                    <div class=\"hm2-cta-content ps-xl-5\">\r\n                        <span class=\"cr-subtitle position-relative primary-text-color fw-semibold wow fadeInUp d-inline-block\">Sobre<\/span>\r\n                        <h2 class=\"mt-32 mb-40 wow fadeInUp translation-block\"\r\n                            data-wow-delay=\"0.2s\">Ligando os pilares das cidades inteligentes em todo o mundo.<\/h2>\r\n                        <p class=\"mb-5 wow fadeInUp\"\r\n                           data-wow-delay=\"0.3s\">Vemos as paragens de autocarro e outros equipamentos urbanos como os alicerces da transforma\u00e7\u00e3o digital. A BusPas desenvolve IA, melhora a infraestrutura tradicional e cria aplica\u00e7\u00f5es para melhorar o transporte p\u00fablico, aumentar a seguran\u00e7a p\u00fablica e promover a sustentabilidade. Na BusPas, inovamos para oferecer tecnologia de ponta e solu\u00e7\u00f5es f\u00e1ceis de usar para ag\u00eancias de transporte p\u00fablico e munic\u00edpios. Com foco na integra\u00e7\u00e3o de IA, an\u00e1lise de dados em tempo real e infraestrutura urbana inteligente, somos l\u00edderes em tecnologia para cidades inteligentes.<\/p>\r\n                        <div class=\"d-flex align-items-center gap-3 gap-sm-4 flex-wrap\">\r\n                            <a href='https:\/\/buspas.com\/pt\/technology\/'rel='nofollow'\"\r\n class=\"template-btn primary-btn wow fadeInUp\"\r\n                               data-wow-delay=\"0.4s\">COMO FUNCIONA<\/a>\r\n                            <a href=\"https:\/\/www.youtube.com\/watch?v=si7d1ZcOqIo\" class=\"template-btn outline-secondary wow fadeInUp hero-watch-btn\" data-wow-delay=\"0.5s\" target=\"_blank\" rel=\"noopener\">VER <span\r\n                                        class=\"ms-2\">   <\/span><\/a>\r\n                        <\/div>\r\n                    <\/div>\r\n                <\/div>\r\n            <\/div>\r\n        <\/div>\r\n    <\/section>\r\n    <!--call to action end-->\r\n    \r\n        \t\t\t\t<\/div>\n\t\t\t\t<\/div>\n\t\t\t\t<\/div>\n\t\t<div class=\"elementor-element elementor-element-a71a2f6 e-con-full e-flex e-con e-parent\" data-id=\"a71a2f6\" data-element_type=\"container\" data-e-type=\"container\">\n\t\t\t\t<div class=\"elementor-element elementor-element-3ecebc6 elementor-widget elementor-widget-crete_service_grid\" data-id=\"3ecebc6\" data-element_type=\"widget\" data-e-type=\"widget\" data-widget_type=\"crete_service_grid.default\">\n\t\t\t\t<div class=\"elementor-widget-container\">\n\t\t\t\t\t    <!--brand & service start-->\r\n    <section class=\"service-section cr2-brand-n-service bg-light-white position-relative z-1 overflow-hidden\">\r\n                    <span class=\"circle-shape-1 rounded-circle position-absolute z--1\"><\/span>\r\n        <span class=\"circle-shape-2 rounded-circle position-absolute z--1\"><\/span>\r\n       \r\n                        <img decoding=\"async\" src=\"https:\/\/crete.themepreview.xyz\/home-one\/wp-content\/uploads\/sites\/2\/2023\/07\/net-vector-2.png\" class=\"position-absolute net-vector top-0 end-0 z--1 w-100\" alt=\"vector\">\r\n                        <div class=\"hm2-service-section pb-100 overflow-hidden\">\r\n\r\n            <div class=\"container pt-100 position-relative z-1\">\r\n\r\n                <div class=\"row justify-content-center\">\r\n                    <div class=\"col-xl-5\">\r\n                        <div class=\"text-center\">\r\n                            <span class=\"cr-subtitle position-relative primary-text-color fw-semibold wow fadeInUp d-inline-block\">Inova\u00e7\u00e3o<\/span>\r\n                            <h2 class=\"mb-0 mt-4 wow fadeInUp crete_searvice_top_title_text\">Competitive <span class=\"primary-bg-light primary-text-color px-2\">Edge<\/span><\/h2>\r\n                        <\/div>\r\n                    <\/div>\r\n                <\/div>\r\n                <div class=\"hm2-service-slider slider-spacing mt-60\">\r\n                \r\n                        <div class=\"hm2-service-box\">\r\n                        <span class=\"icon-wrapper\">\r\n                            <img decoding=\"async\" src=\"https:\/\/buspas.com\/\/wp-content\/uploads\/2024\/07\/Font-Right.png\" alt=\"icon\" class=\"img-fluid\">\r\n                        <\/span>\r\n                            <h6 class=\"mt-32\">Retorno mais r\u00e1pido do investimento<\/h6>\r\n                            <p class=\"mb-32 mt-4 fw-medium\"><p><strong><span class=\"OYPEnA font-feature-liga-off font-feature-clig-off font-feature-calt-off text-decoration-none text-strikethrough-none\">Aproveitar os contratos existentes para acelerar a implementa\u00e7\u00e3o.<\/span><\/strong><\/p><p><span class=\"OYPEnA font-feature-liga-off font-feature-clig-off font-feature-calt-off text-decoration-none text-strikethrough-none\">Acederemos e aumentaremos as infra-estruturas com base em contratos permanentes. N\u00e3o \u00e9 necess\u00e1ria nova legisla\u00e7\u00e3o ou uma RFP. Os locais, as autoriza\u00e7\u00f5es e as aprova\u00e7\u00f5es j\u00e1 est\u00e3o conclu\u00eddos. Podemos atualizar e instalar atrav\u00e9s de um mecanismo de manuten\u00e7\u00e3o regular.<\/span><\/p><\/p>\r\n                            <a href=\"https:\/\/buspas.com\/pt\/contact\/\" class=\"explore-btn\">\r\n                                Comece Agora                                 <span class=\"ms-2\">\r\n                                                           <\/span>\r\n                            <\/a>\r\n                        <\/div>\r\n\r\n\r\n                \r\n                        <div class=\"hm2-service-box\">\r\n                        <span class=\"icon-wrapper\">\r\n                            <img decoding=\"async\" src=\"https:\/\/buspas.com\/\/wp-content\/uploads\/2024\/09\/Gold-Keys.H03.2k-e1725296451344.png\" alt=\"icon\" class=\"img-fluid\">\r\n                        <\/span>\r\n                            <h6 class=\"mt-32\">Facilidade de Uso<\/h6>\r\n                            <p class=\"mb-32 mt-4 fw-medium\"><p class=\"cvGsUA direction-ltr align-start para-style-body\"><strong><span class=\"OYPEnA font-feature-liga-off font-feature-clig-off font-feature-calt-off text-decoration-none text-strikethrough-none\">Fornecer uma IU\/UX avan\u00e7ada para uma transpar\u00eancia sem paralelo.<\/span><\/strong><\/p><p class=\"cvGsUA direction-ltr align-start para-style-body\"><span class=\"OYPEnA font-feature-liga-off font-feature-clig-off font-feature-calt-off text-decoration-none text-strikethrough-none\">Os nossos parceiros podem auditar, examinar e executar modelos atrav\u00e9s de <\/span><span class=\"OYPEnA font-feature-liga-off font-feature-clig-off font-feature-calt-off text-decoration-none text-strikethrough-none\">ORA<\/span><span class=\"OYPEnA font-feature-liga-off font-feature-clig-off font-feature-calt-off text-decoration-none text-strikethrough-none\"> antes, durante e ap\u00f3s a implementa\u00e7\u00e3o do programa. Os programas chave-na-m\u00e3o incluem visualiza\u00e7\u00e3o avan\u00e7ada de dados, an\u00e1lises em tempo real, aplica\u00e7\u00f5es e recomenda\u00e7\u00f5es baseadas em IA.<\/span><\/p><\/p>\r\n                            <a href=\"https:\/\/buspas.com\/pt\/contact\/\" class=\"explore-btn\">\r\n                                Comece Agora                                 <span class=\"ms-2\">\r\n                                                           <\/span>\r\n                            <\/a>\r\n                        <\/div>\r\n\r\n\r\n                \r\n                        <div class=\"hm2-service-box\">\r\n                        <span class=\"icon-wrapper\">\r\n                            <img decoding=\"async\" src=\"https:\/\/buspas.com\/\/wp-content\/uploads\/2024\/07\/Front-Left-2.png\" alt=\"icon\" class=\"img-fluid\">\r\n                        <\/span>\r\n                            <h6 class=\"mt-32\">Mecanismo de Receitas<\/h6>\r\n                            <p class=\"mb-32 mt-4 fw-medium\"><p class=\"cvGsUA direction-ltr align-start para-style-body\"><strong><span class=\"OYPEnA font-feature-liga-off font-feature-clig-off font-feature-calt-off text-decoration-none text-strikethrough-none\">Proporcionar novas receitas aos parceiros atrav\u00e9s da aplica\u00e7\u00e3o da lei.<\/span><\/strong><\/p><p class=\"cvGsUA direction-ltr align-start para-style-body\"><span class=\"OYPEnA font-feature-liga-off font-feature-clig-off font-feature-calt-off text-decoration-none text-strikethrough-none\">Os nossos parceiros podem agora trabalhar sem restri\u00e7\u00f5es or\u00e7amentais gra\u00e7as \u00e0s novas receitas. Utilizando o nosso <\/span><span class=\"OYPEnA font-feature-liga-off font-feature-clig-off font-feature-calt-off text-decoration-none text-strikethrough-none\">Zonas SaferSmart\u2122<\/span><span class=\"OYPEnA font-feature-liga-off font-feature-clig-off font-feature-calt-off text-decoration-none text-strikethrough-none\"> programa de fiscaliza\u00e7\u00e3o, as cidades e as partes interessadas n\u00e3o precisar\u00e3o de or\u00e7amentos adicionais para executar o programa. Os infratores das leis municipais financiar\u00e3o as melhorias e a manuten\u00e7\u00e3o.<\/span><\/p><\/p>\r\n                            <a href=\"https:\/\/buspas.com\/pt\/contact\/\" class=\"explore-btn\">\r\n                                Comece Agora                                 <span class=\"ms-2\">\r\n                                                           <\/span>\r\n                            <\/a>\r\n                        <\/div>\r\n\r\n\r\n                \r\n                        <div class=\"hm2-service-box\">\r\n                        <span class=\"icon-wrapper\">\r\n                            <img decoding=\"async\" src=\"https:\/\/crete.themepreview.xyz\/home-one\/wp-content\/uploads\/sites\/2\/2023\/07\/icon-4.svg\" alt=\"icon\" class=\"img-fluid\">\r\n                        <\/span>\r\n                            <h6 class=\"mt-32\">IA colaborativa<\/h6>\r\n                            <p class=\"mb-32 mt-4 fw-medium\"><p class=\"cvGsUA direction-ltr align-start para-style-body\"><strong><span class=\"OYPEnA font-feature-liga-off font-feature-clig-off font-feature-calt-off text-decoration-none text-strikethrough-none\">A IA + ORA torna o acesso aos dados fluido e a inova\u00e7\u00e3o inevit\u00e1vel.<\/span><\/strong><\/p><p class=\"cvGsUA direction-ltr align-start para-style-body\"><span class=\"OYPEnA font-feature-liga-off font-feature-clig-off font-feature-calt-off text-decoration-none text-strikethrough-none\">Com paragens de autocarro modernizadas e infraestruturas de cidade inteligente implementadas, podemos oferecer acesso incompar\u00e1vel aos dados. Convidamos empreendedores e programadores inspirados a criar aplica\u00e7\u00f5es que ir\u00e3o<\/span> <span class=\"OYPEnA font-feature-liga-off font-feature-clig-off font-feature-calt-off text-decoration-none text-strikethrough-none\">resolver problemas e impulsionar cidades inteligentes.<\/span><\/p><\/p>\r\n                            <a href=\"https:\/\/buspas.com\/pt\/contact\/\" class=\"explore-btn\">\r\n                                Comece Agora                                 <span class=\"ms-2\">\r\n                                                           <\/span>\r\n                            <\/a>\r\n                        <\/div>\r\n\r\n\r\n                \r\n                        <div class=\"hm2-service-box\">\r\n                        <span class=\"icon-wrapper\">\r\n                            <img decoding=\"async\" src=\"https:\/\/buspas.com\/\/wp-content\/uploads\/2024\/09\/Sun-Icon.H03.2k.png\" alt=\"icon\" class=\"img-fluid\">\r\n                        <\/span>\r\n                            <h6 class=\"mt-32\">Com capacidade solar<\/h6>\r\n                            <p class=\"mb-32 mt-4 fw-medium\"><p class=\"cvGsUA direction-ltr align-start para-style-body\"><strong><span class=\"OYPEnA font-feature-liga-off font-feature-clig-off font-feature-calt-off text-decoration-none text-strikethrough-none\">Offer an off-grid<\/span> <span class=\"OYPEnA font-feature-liga-off font-feature-clig-off font-feature-calt-off text-decoration-none text-strikethrough-none\">solar-capable <\/span><span class=\"OYPEnA font-feature-liga-off font-feature-clig-off font-feature-calt-off text-decoration-none text-strikethrough-none\">power solution.<\/span><\/strong><\/p><p class=\"cvGsUA direction-ltr align-start para-style-body\"><span class=\"OYPEnA font-feature-liga-off font-feature-clig-off font-feature-calt-off text-decoration-none text-strikethrough-none\">Vamos minimizar a depend\u00eancia da rede el\u00e9trica adicionando pain\u00e9is solares.<\/span> <span class=\"OYPEnA font-feature-liga-off font-feature-clig-off font-feature-calt-off text-decoration-none text-strikethrough-none\">A unidade ser\u00e1 alimentada principalmente por pain\u00e9is solares que funcionam dia e noite durante<\/span> <span class=\"OYPEnA font-feature-liga-off font-feature-clig-off font-feature-calt-off text-decoration-none text-strikethrough-none\">ver\u00e3o e inverno.<\/span><\/p><\/p>\r\n                            <a href=\"https:\/\/buspas.com\/pt\/contact\/\" class=\"explore-btn\">\r\n                                Comece Agora                                 <span class=\"ms-2\">\r\n                                                           <\/span>\r\n                            <\/a>\r\n                        <\/div>\r\n\r\n\r\n                                <\/div>\r\n            <\/div>\r\n        <\/div>\r\n    <\/section>\r\n    <!--brand & service end-->\r\n    \r\n\r\n\r\n        \t\t\t\t<\/div>\n\t\t\t\t<\/div>\n\t\t\t\t<\/div>\n\t\t<div class=\"elementor-element elementor-element-20c3b8f e-flex e-con-boxed e-con e-parent\" data-id=\"20c3b8f\" data-element_type=\"container\" data-e-type=\"container\">\n\t\t\t\t\t<div class=\"e-con-inner\">\n\t\t\t\t<div class=\"elementor-element elementor-element-c9cebfc elementor-widget elementor-widget-crete_info_section\" data-id=\"c9cebfc\" data-element_type=\"widget\" data-e-type=\"widget\" data-widget_type=\"crete_info_section.default\">\n\t\t\t\t<div class=\"elementor-widget-container\">\n\t\t\t\t\t    <!--exp section start-->\r\n    <section class=\"exp-section ptb-100 overflow-hidden\">\r\n        <div class=\"container\">\r\n            <div class=\"row g-5 align-items-center\">\r\n                <div class=\"col-xl-6 col-lg-6\">\r\n                    <div class=\"image-wrapper\">\r\n\r\n                                                    <img decoding=\"async\" src=\"https:\/\/buspas.com\/\/wp-content\/uploads\/2024\/09\/Value-Prop.png\" alt=\"about\"\r\n                                 class=\"img-fluid rounded-4\">\r\n                                            <\/div>\r\n                <\/div>\r\n                <div class=\"col-xl-6 col-lg-6\">\r\n                    <div class=\"exp-content-right\">\r\n                        <span class=\"cr-subtitle fw-semibold primary-text-color position-relative wow fadeInUp d-inline-block\">Solu\u00e7\u00f5es<\/span>\r\n\r\n                        <h2 class=\"mb-5 mt-4 wow fadeInUp\"\r\n                            data-wow-delay=\"0.2s\">A new affordable approach to <span\r\n                                    class=\"primary-text-color primary-bg-light px-2\">data solutions.<\/span>\r\n                        <\/h2>\r\n                        <p class=\"mb-40 wow fadeInUp\"\r\n                           data-wow-delay=\"0.3s\">\nA BusPas reduz o custo proibitivo do acesso aos dados, promovendo colabora\u00e7\u00f5es estrat\u00e9gicas e aproveitando a infraestrutura partilhada. Atrav\u00e9s destas parcerias, as cidades podem aceder a tecnologias avan\u00e7adas e servi\u00e7os de dados abrangentes a um custo significativamente mais baixo, tornando as solu\u00e7\u00f5es de cidades inteligentes mais acess\u00edveis e econ\u00f3micas. <span\r\n                                    class=\"primary-text-color fw-semibold\"><\/span>\r\n                        <\/p>\r\n                        <div class=\"d-flex align-items-center gap-3 gap-sm-4 flex-wrap\">\r\n\r\n                            <a href=\"https:\/\/buspas.com\/pt\/use-cases\/\" class=\"template-btn primary-btn wow fadeInUp\" data-wow-delay=\"0.2s\">Saiba Mais<\/a>\r\n                            <a href=\"https:\/\/buspas.com\/pt\/contact\/\" class=\"template-btn  outline-secondary wow fadeInUp\" data-wow-delay=\"0.3s\">Comece Agora <span\r\n                                        class=\"ms-2\"><i class=\"fas fa-arrow-right\"><\/i><\/span><\/a>\r\n                        <\/div>\r\n                    <\/div>\r\n                <\/div>\r\n            <\/div>\r\n        <\/div>\r\n    <\/section>\r\n    <!--expt section end-->\r\n    \r\n        \t\t\t\t<\/div>\n\t\t\t\t<\/div>\n\t\t\t\t\t<\/div>\n\t\t\t\t<\/div>\n\t\t<div class=\"elementor-element elementor-element-cb4f42a e-flex e-con-boxed e-con e-parent\" data-id=\"cb4f42a\" data-element_type=\"container\" data-e-type=\"container\">\n\t\t\t\t\t<div class=\"e-con-inner\">\n\t\t\t\t<div class=\"elementor-element elementor-element-eb44f5a elementor-widget elementor-widget-spacer\" data-id=\"eb44f5a\" data-element_type=\"widget\" data-e-type=\"widget\" data-widget_type=\"spacer.default\">\n\t\t\t\t<div class=\"elementor-widget-container\">\n\t\t\t\t\t\t\t<div class=\"elementor-spacer\">\n\t\t\t<div class=\"elementor-spacer-inner\"><\/div>\n\t\t<\/div>\n\t\t\t\t\t\t<\/div>\n\t\t\t\t<\/div>\n\t\t\t\t<div class=\"elementor-element elementor-element-25918c8 elementor-widget elementor-widget-crete-video-box\" data-id=\"25918c8\" data-element_type=\"widget\" data-e-type=\"widget\" data-widget_type=\"crete-video-box.default\">\n\t\t\t\t<div class=\"elementor-widget-container\">\n\t\t\t\t\t        <!--video box start-->\n        <section class=\"hm2-video-section\">\n            <div class=\"container custom_container_width\">\n                <div class=\"hm2-video-box d-flex align-items-center justify-content-between theme-shadow position-relative z-1 overflow-hidden gap-5 flex-wrap\">\n                                            <img decoding=\"async\" src=\"https:\/\/buspas.com\/\/wp-content\/uploads\/2023\/08\/curve-shape.png\" alt=\"curve shape\" class=\"position-absolute curve-shape z--1\">\n                                        <div class=\"content-left d-flex align-items-center gap-4 flex-wrap flex-md-nowrap\">\n                                                    <a href=\"https:\/\/buspas.com\/pt\/contact\/\" class=\"video-popup-btn ripple-effect\"><i class=\"fas fa-play\"><\/i><\/a>\n                                                <div>\n                                                            <h3 class=\"mb-2 crete__video_box-heading\">Lance um projeto piloto BusPas na sua cidade.<\/h3>\n                                                                                        <p class=\"mb-0 lead crete__video_box-info\">Experimente os benef\u00edcios do planeamento urbano e de transportes p\u00fablicos baseado em dados de IA. <\/p>\n                                                    <\/div>\n                    <\/div>\n                                            <a href=\"https:\/\/buspas.com\/pt\/contact\/\" class=\"template-btn primary-btn\">CONTACTE-NOS<\/a>\n                                    <\/div>\n            <\/div>\n        <\/section>\n        <!--video box end-->\n        \t\t\t\t<\/div>\n\t\t\t\t<\/div>\n\t\t\t\t<div class=\"elementor-element elementor-element-a209653 elementor-widget elementor-widget-spacer\" data-id=\"a209653\" data-element_type=\"widget\" data-e-type=\"widget\" data-widget_type=\"spacer.default\">\n\t\t\t\t<div class=\"elementor-widget-container\">\n\t\t\t\t\t\t\t<div class=\"elementor-spacer\">\n\t\t\t<div class=\"elementor-spacer-inner\"><\/div>\n\t\t<\/div>\n\t\t\t\t\t\t<\/div>\n\t\t\t\t<\/div>\n\t\t\t\t\t<\/div>\n\t\t\t\t<\/div>\n\t\t\t\t<\/div>","protected":false},"excerpt":{"rendered":"<p>About Connecting the cornerstones for smart cities around the world. We see bus stops and other urban furniture as the building blocks for digital transformation. BusPas develops AI, augments traditional infrastructure and builds applications to improve public transit, enhance public safety, and promote sustainability. At BusPas, we innovate to offer cutting-edge technology and user-friendly solutions [&hellip;]<\/p>\n","protected":false},"author":2,"featured_media":0,"parent":0,"menu_order":0,"comment_status":"closed","ping_status":"closed","template":"elementor_header_footer","meta":{"_acf_changed":false,"bg_version":"","footnotes":""},"class_list":["post-2670","page","type-page","status-publish","hentry"],"acf":[],"_links":{"self":[{"href":"https:\/\/buspas.com\/pt\/wp-json\/wp\/v2\/pages\/2670","targetHints":{"allow":["GET"]}}],"collection":[{"href":"https:\/\/buspas.com\/pt\/wp-json\/wp\/v2\/pages"}],"about":[{"href":"https:\/\/buspas.com\/pt\/wp-json\/wp\/v2\/types\/page"}],"author":[{"embeddable":true,"href":"https:\/\/buspas.com\/pt\/wp-json\/wp\/v2\/users\/2"}],"replies":[{"embeddable":true,"href":"https:\/\/buspas.com\/pt\/wp-json\/wp\/v2\/comments?post=2670"}],"version-history":[{"count":1,"href":"https:\/\/buspas.com\/pt\/wp-json\/wp\/v2\/pages\/2670\/revisions"}],"predecessor-version":[{"id":10389,"href":"https:\/\/buspas.com\/pt\/wp-json\/wp\/v2\/pages\/2670\/revisions\/10389"}],"wp:attachment":[{"href":"https:\/\/buspas.com\/pt\/wp-json\/wp\/v2\/media?parent=2670"}],"curies":[{"name":"wp","href":"https:\/\/api.w.org\/{rel}","templated":true}]}}