{"id":8578,"date":"2026-01-29T09:39:38","date_gmt":"2026-01-29T09:39:38","guid":{"rendered":"https:\/\/buspas.com\/?page_id=8578"},"modified":"2026-04-20T17:14:59","modified_gmt":"2026-04-20T17:14:59","slug":"products","status":"publish","type":"page","link":"https:\/\/buspas.com\/fr\/products\/","title":{"rendered":"Produits"},"content":{"rendered":"<div data-elementor-type=\"wp-page\" data-elementor-id=\"8578\" class=\"elementor elementor-8578\" data-elementor-post-type=\"page\">\n\t\t\t\t<div class=\"elementor-element elementor-element-eab9f53 e-flex e-con-boxed e-con e-parent\" data-id=\"eab9f53\" data-element_type=\"container\" data-e-type=\"container\" id=\"Hero\" data-settings=\"{&quot;background_background&quot;:&quot;classic&quot;}\">\n\t\t\t\t\t<div class=\"e-con-inner\">\n\t\t<div class=\"elementor-element elementor-element-d6c6d07 e-flex e-con-boxed e-con e-child\" data-id=\"d6c6d07\" data-element_type=\"container\" data-e-type=\"container\">\n\t\t\t\t\t<div class=\"e-con-inner\">\n\t\t<div class=\"elementor-element elementor-element-11c4119 e-con-full e-flex e-con e-child\" data-id=\"11c4119\" data-element_type=\"container\" data-e-type=\"container\">\n\t\t\t\t<div class=\"elementor-element elementor-element-55a4f15 elementor-invisible elementor-widget elementor-widget-heading\" data-id=\"55a4f15\" data-element_type=\"widget\" data-e-type=\"widget\" data-settings=\"{&quot;_animation&quot;:&quot;fadeIn&quot;}\" data-widget_type=\"heading.default\">\n\t\t\t\t<div class=\"elementor-widget-container\">\n\t\t\t\t\t<h1 class=\"elementor-heading-title elementor-size-default\">D\u00e9couvrez les produits BusPas<\/h1>\t\t\t\t<\/div>\n\t\t\t\t<\/div>\n\t\t\t\t<div class=\"elementor-element elementor-element-9efcdaf animated-slow elementor-invisible elementor-widget elementor-widget-text-editor\" data-id=\"9efcdaf\" data-element_type=\"widget\" data-e-type=\"widget\" data-settings=\"{&quot;_animation&quot;:&quot;fadeIn&quot;,&quot;_animation_delay&quot;:200}\" data-widget_type=\"text-editor.default\">\n\t\t\t\t<div class=\"elementor-widget-container\">\n\t\t\t\t\t\t\t\t\t<p>BusPas propose un \u00e9cosyst\u00e8me modulaire d\u2019infrastructures urbaines intelligentes, solaires et dot\u00e9es d\u2019IA, con\u00e7u pour am\u00e9liorer la fiabilit\u00e9 des transports, la s\u00e9curit\u00e9, le contr\u00f4le et l\u2019exp\u00e9rience des passagers, tout en g\u00e9n\u00e9rant des donn\u00e9es exploitables pour les villes et les agences de transport.<\/p>\t\t\t\t\t\t\t\t<\/div>\n\t\t\t\t<\/div>\n\t\t\t\t<div class=\"elementor-element elementor-element-d6369e2 animated-slow elementor-invisible elementor-widget elementor-widget-text-editor\" data-id=\"d6369e2\" data-element_type=\"widget\" data-e-type=\"widget\" data-settings=\"{&quot;_animation&quot;:&quot;fadeIn&quot;,&quot;_animation_delay&quot;:400}\" data-widget_type=\"text-editor.default\">\n\t\t\t\t<div class=\"elementor-widget-container\">\n\t\t\t\t\t\t\t\t\t<p>Chaque produit fonctionne de mani\u00e8re ind\u00e9pendante, mais ensemble, ils forment une couche d\u2019intelligence urbaine coh\u00e9rente qui s\u2019\u00e9tend \u00e0 diff\u00e9rentes juridictions et cas d\u2019usage.<\/p>\t\t\t\t\t\t\t\t<\/div>\n\t\t\t\t<\/div>\n\t\t\t\t<\/div>\n\t\t<div class=\"elementor-element elementor-element-ae55e80 e-con-full e-flex e-con e-child\" data-id=\"ae55e80\" data-element_type=\"container\" data-e-type=\"container\">\n\t\t\t\t<div class=\"elementor-element elementor-element-b896721 elementor-widget elementor-widget-image\" data-id=\"b896721\" data-element_type=\"widget\" data-e-type=\"widget\" data-widget_type=\"image.default\">\n\t\t\t\t<div class=\"elementor-widget-container\">\n\t\t\t\t\t\t\t\t\t\t\t\t\t\t\t<img fetchpriority=\"high\" decoding=\"async\" width=\"590\" height=\"1024\" src=\"https:\/\/buspas.com\/wp-content\/uploads\/2026\/02\/MainPhoto-2-590x1024.png\" class=\"attachment-large size-large wp-image-9658\" alt=\"\" srcset=\"https:\/\/buspas.com\/wp-content\/uploads\/2026\/02\/MainPhoto-2-590x1024.png 590w, https:\/\/buspas.com\/wp-content\/uploads\/2026\/02\/MainPhoto-2-173x300.png 173w, https:\/\/buspas.com\/wp-content\/uploads\/2026\/02\/MainPhoto-2-768x1332.png 768w, https:\/\/buspas.com\/wp-content\/uploads\/2026\/02\/MainPhoto-2-885x1536.png 885w, https:\/\/buspas.com\/wp-content\/uploads\/2026\/02\/MainPhoto-2-7x12.png 7w, https:\/\/buspas.com\/wp-content\/uploads\/2026\/02\/MainPhoto-2.png 1074w\" sizes=\"(max-width: 590px) 100vw, 590px\" \/>\t\t\t\t\t\t\t\t\t\t\t\t\t\t\t<\/div>\n\t\t\t\t<\/div>\n\t\t\t\t<\/div>\n\t\t\t\t\t<\/div>\n\t\t\t\t<\/div>\n\t\t\t\t\t<\/div>\n\t\t\t\t<\/div>\n\t\t<div class=\"elementor-element elementor-element-458a2e4 e-flex e-con-boxed e-con e-parent\" data-id=\"458a2e4\" data-element_type=\"container\" data-e-type=\"container\" data-settings=\"{&quot;background_background&quot;:&quot;classic&quot;}\">\n\t\t\t\t\t<div class=\"e-con-inner\">\n\t\t<div class=\"elementor-element elementor-element-9153cb0 e-con-full e-flex e-con e-child\" data-id=\"9153cb0\" data-element_type=\"container\" data-e-type=\"container\" data-settings=\"{&quot;background_background&quot;:&quot;classic&quot;}\">\n\t\t<div class=\"elementor-element elementor-element-6e97d11 e-con-full e-flex e-con e-child\" data-id=\"6e97d11\" data-element_type=\"container\" data-e-type=\"container\">\n\t\t\t\t<div class=\"elementor-element elementor-element-fa4628e elementor-widget__width-initial elementor-widget elementor-widget-image\" data-id=\"fa4628e\" data-element_type=\"widget\" data-e-type=\"widget\" data-widget_type=\"image.default\">\n\t\t\t\t<div class=\"elementor-widget-container\">\n\t\t\t\t\t\t\t\t\t\t\t\t\t\t\t<img decoding=\"async\" width=\"640\" height=\"946\" src=\"https:\/\/buspas.com\/wp-content\/uploads\/2026\/02\/SmartSign-1-693x1024.png\" class=\"attachment-large size-large wp-image-9661\" alt=\"\" srcset=\"https:\/\/buspas.com\/wp-content\/uploads\/2026\/02\/SmartSign-1-693x1024.png 693w, https:\/\/buspas.com\/wp-content\/uploads\/2026\/02\/SmartSign-1-203x300.png 203w, https:\/\/buspas.com\/wp-content\/uploads\/2026\/02\/SmartSign-1-768x1135.png 768w, https:\/\/buspas.com\/wp-content\/uploads\/2026\/02\/SmartSign-1-8x12.png 8w, https:\/\/buspas.com\/wp-content\/uploads\/2026\/02\/SmartSign-1.png 810w\" sizes=\"(max-width: 640px) 100vw, 640px\" \/>\t\t\t\t\t\t\t\t\t\t\t\t\t\t\t<\/div>\n\t\t\t\t<\/div>\n\t\t\t\t<\/div>\n\t\t<div class=\"elementor-element elementor-element-fae75ea e-con-full e-flex e-con e-child\" data-id=\"fae75ea\" data-element_type=\"container\" data-e-type=\"container\">\n\t\t\t\t<div class=\"elementor-element elementor-element-3695fc4 elementor-invisible elementor-widget elementor-widget-heading\" data-id=\"3695fc4\" data-element_type=\"widget\" data-e-type=\"widget\" data-settings=\"{&quot;_animation&quot;:&quot;fadeIn&quot;}\" data-widget_type=\"heading.default\">\n\t\t\t\t<div class=\"elementor-widget-container\">\n\t\t\t\t\t<span class=\"elementor-heading-title elementor-size-default\">Produit phare<\/span>\t\t\t\t<\/div>\n\t\t\t\t<\/div>\n\t\t\t\t<div class=\"elementor-element elementor-element-5c96c19 animated-slow elementor-invisible elementor-widget elementor-widget-heading\" data-id=\"5c96c19\" data-element_type=\"widget\" data-e-type=\"widget\" data-settings=\"{&quot;_animation&quot;:&quot;fadeIn&quot;,&quot;_animation_delay&quot;:200}\" data-widget_type=\"heading.default\">\n\t\t\t\t<div class=\"elementor-widget-container\">\n\t\t\t\t\t<h2 class=\"elementor-heading-title elementor-size-default\">SmartSign\u2122<\/h2>\t\t\t\t<\/div>\n\t\t\t\t<\/div>\n\t\t\t\t<div class=\"elementor-element elementor-element-106bbb4 elementor-widget__width-initial animated-slow elementor-invisible elementor-widget elementor-widget-text-editor\" data-id=\"106bbb4\" data-element_type=\"widget\" data-e-type=\"widget\" data-settings=\"{&quot;_animation&quot;:&quot;fadeIn&quot;,&quot;_animation_delay&quot;:400}\" data-widget_type=\"text-editor.default\">\n\t\t\t\t<div class=\"elementor-widget-container\">\n\t\t\t\t\t\t\t\t\t<p>Infrastructure intelligente de priorit\u00e9 et de contr\u00f4le des transports en commun<\/p>\t\t\t\t\t\t\t\t<\/div>\n\t\t\t\t<\/div>\n\t\t\t\t<div class=\"elementor-element elementor-element-b1afdcf elementor-widget__width-initial elementor-invisible elementor-widget elementor-widget-text-editor\" data-id=\"b1afdcf\" data-element_type=\"widget\" data-e-type=\"widget\" data-settings=\"{&quot;_animation&quot;:&quot;fadeIn&quot;,&quot;_animation_delay&quot;:600}\" data-widget_type=\"text-editor.default\">\n\t\t\t\t<div class=\"elementor-widget-container\">\n\t\t\t\t\t\t\t\t\t<p class=\"translation-block\"><a class=\"explore-link\" href=\"\/fr\/products\/smartsign\/\" target=\"_self\">D\u00e9couvrir <b>SmartSign\u2122<\/b> <i class=\"fas fa-arrow-right\" aria-hidden=\"true\"><\/i><\/a><\/p>\t\t\t\t\t\t\t\t<\/div>\n\t\t\t\t<\/div>\n\t\t\t\t<\/div>\n\t\t\t\t<\/div>\n\t\t<div class=\"elementor-element elementor-element-1cd6f1b e-con-full e-flex e-con e-child\" data-id=\"1cd6f1b\" data-element_type=\"container\" data-e-type=\"container\" data-settings=\"{&quot;background_background&quot;:&quot;classic&quot;}\">\n\t\t<div class=\"elementor-element elementor-element-7180d25 e-grid e-con-full e-con e-child\" data-id=\"7180d25\" data-element_type=\"container\" data-e-type=\"container\">\n\t\t<div class=\"elementor-element elementor-element-79ae0ec e-con-full animated-slow e-flex elementor-invisible e-con e-child\" data-id=\"79ae0ec\" data-element_type=\"container\" data-e-type=\"container\" data-settings=\"{&quot;background_background&quot;:&quot;classic&quot;,&quot;animation&quot;:&quot;fadeInUp&quot;,&quot;animation_delay&quot;:400}\">\n\t\t\t\t<div class=\"elementor-element elementor-element-d1fef22 elementor-widget elementor-widget-heading\" data-id=\"d1fef22\" data-element_type=\"widget\" data-e-type=\"widget\" data-widget_type=\"heading.default\">\n\t\t\t\t<div class=\"elementor-widget-container\">\n\t\t\t\t\t<h2 class=\"elementor-heading-title elementor-size-default\">TransitTouchpoint\u2122<\/h2>\t\t\t\t<\/div>\n\t\t\t\t<\/div>\n\t\t\t\t<div class=\"elementor-element elementor-element-03196b9 elementor-widget__width-initial elementor-widget elementor-widget-text-editor\" data-id=\"03196b9\" data-element_type=\"widget\" data-e-type=\"widget\" data-widget_type=\"text-editor.default\">\n\t\t\t\t<div class=\"elementor-widget-container\">\n\t\t\t\t\t\t\t\t\t<p>Centre vertical d\u2019information voyageurs et de capteurs (sans cam\u00e9ra)<\/p>\t\t\t\t\t\t\t\t<\/div>\n\t\t\t\t<\/div>\n\t\t\t\t<div class=\"elementor-element elementor-element-f828de6 elementor-widget__width-initial elementor-widget elementor-widget-text-editor\" data-id=\"f828de6\" data-element_type=\"widget\" data-e-type=\"widget\" data-widget_type=\"text-editor.default\">\n\t\t\t\t<div class=\"elementor-widget-container\">\n\t\t\t\t\t\t\t\t\t<p class=\"translation-block\"><a class=\"explore-link\" href=\"\/fr\/products\/transittouchpoint\/\" target=\"_self\">D\u00e9couvrir <b>TransitTouchpoint\u2122<\/b> <i class=\"fas fa-arrow-right\" aria-hidden=\"true\"><\/i><\/a><\/p>\t\t\t\t\t\t\t\t<\/div>\n\t\t\t\t<\/div>\n\t\t\t\t<\/div>\n\t\t<div class=\"elementor-element elementor-element-503bc7d e-con-full animated-slow e-flex elementor-invisible e-con e-child\" data-id=\"503bc7d\" data-element_type=\"container\" data-e-type=\"container\" data-settings=\"{&quot;background_background&quot;:&quot;classic&quot;,&quot;animation&quot;:&quot;fadeInUp&quot;,&quot;animation_delay&quot;:600}\">\n\t\t\t\t<div class=\"elementor-element elementor-element-085d60d elementor-widget elementor-widget-heading\" data-id=\"085d60d\" data-element_type=\"widget\" data-e-type=\"widget\" data-widget_type=\"heading.default\">\n\t\t\t\t<div class=\"elementor-widget-container\">\n\t\t\t\t\t<h2 class=\"elementor-heading-title elementor-size-default\">EnForceAI\u2122\u00a0<\/h2>\t\t\t\t<\/div>\n\t\t\t\t<\/div>\n\t\t\t\t<div class=\"elementor-element elementor-element-a3cca00 elementor-widget__width-initial elementor-widget elementor-widget-text-editor\" data-id=\"a3cca00\" data-element_type=\"widget\" data-e-type=\"widget\" data-widget_type=\"text-editor.default\">\n\t\t\t\t<div class=\"elementor-widget-container\">\n\t\t\t\t\t\t\t\t\t<p>Contr\u00f4le des voies r\u00e9serv\u00e9es aux bus via nos partenaires chez SaferSmart Zones\u2122<\/p>\t\t\t\t\t\t\t\t<\/div>\n\t\t\t\t<\/div>\n\t\t\t\t<div class=\"elementor-element elementor-element-579c1f7 elementor-widget__width-initial elementor-widget elementor-widget-text-editor\" data-id=\"579c1f7\" data-element_type=\"widget\" data-e-type=\"widget\" data-widget_type=\"text-editor.default\">\n\t\t\t\t<div class=\"elementor-widget-container\">\n\t\t\t\t\t\t\t\t\t<p class=\"translation-block\"><a class=\"explore-link\" href=\"\/fr\/products\/enforceai\/\" target=\"_self\">D\u00e9couvrir <b>EnForceAI\u2122<\/b> <i class=\"fas fa-arrow-right\" aria-hidden=\"true\"><\/i><\/a><\/p>\t\t\t\t\t\t\t\t<\/div>\n\t\t\t\t<\/div>\n\t\t\t\t<\/div>\n\t\t<div class=\"elementor-element elementor-element-e83fb3c e-con-full animated-slow e-flex elementor-invisible e-con e-child\" data-id=\"e83fb3c\" data-element_type=\"container\" data-e-type=\"container\" data-settings=\"{&quot;background_background&quot;:&quot;classic&quot;,&quot;animation&quot;:&quot;fadeInUp&quot;,&quot;animation_delay&quot;:800}\">\n\t\t\t\t<div class=\"elementor-element elementor-element-6e10077 elementor-widget elementor-widget-heading\" data-id=\"6e10077\" data-element_type=\"widget\" data-e-type=\"widget\" data-widget_type=\"heading.default\">\n\t\t\t\t<div class=\"elementor-widget-container\">\n\t\t\t\t\t<h2 class=\"elementor-heading-title elementor-size-default\">ShelterConnect\u2122<\/h2>\t\t\t\t<\/div>\n\t\t\t\t<\/div>\n\t\t\t\t<div class=\"elementor-element elementor-element-85aaee0 elementor-widget__width-initial elementor-widget elementor-widget-text-editor\" data-id=\"85aaee0\" data-element_type=\"widget\" data-e-type=\"widget\" data-widget_type=\"text-editor.default\">\n\t\t\t\t<div class=\"elementor-widget-container\">\n\t\t\t\t\t\t\t\t\t<p>Plateforme de communication et d\u2019analyse \u00e0 fort impact pour les passagers<\/p>\t\t\t\t\t\t\t\t<\/div>\n\t\t\t\t<\/div>\n\t\t\t\t<div class=\"elementor-element elementor-element-1ad8d1e elementor-widget__width-initial elementor-widget elementor-widget-text-editor\" data-id=\"1ad8d1e\" data-element_type=\"widget\" data-e-type=\"widget\" data-widget_type=\"text-editor.default\">\n\t\t\t\t<div class=\"elementor-widget-container\">\n\t\t\t\t\t\t\t\t\t<p class=\"translation-block\"><a class=\"explore-link\" href=\"\/fr\/products\/shelterconnect\/\" target=\"_self\">D\u00e9couvrir <b>ShelterConnect\u2122<\/b> <i class=\"fas fa-arrow-right\" aria-hidden=\"true\"><\/i><\/a><\/p>\t\t\t\t\t\t\t\t<\/div>\n\t\t\t\t<\/div>\n\t\t\t\t<\/div>\n\t\t<div class=\"elementor-element elementor-element-b9f5250 e-con-full animated-slow e-flex elementor-invisible e-con e-child\" data-id=\"b9f5250\" data-element_type=\"container\" data-e-type=\"container\" data-settings=\"{&quot;background_background&quot;:&quot;classic&quot;,&quot;animation&quot;:&quot;fadeInUp&quot;,&quot;animation_delay&quot;:1000}\">\n\t\t\t\t<div class=\"elementor-element elementor-element-8a47ef7 elementor-widget elementor-widget-heading\" data-id=\"8a47ef7\" data-element_type=\"widget\" data-e-type=\"widget\" data-widget_type=\"heading.default\">\n\t\t\t\t<div class=\"elementor-widget-container\">\n\t\t\t\t\t<h2 class=\"elementor-heading-title elementor-size-default\">MetroDisplay\u2122<\/h2>\t\t\t\t<\/div>\n\t\t\t\t<\/div>\n\t\t\t\t<div class=\"elementor-element elementor-element-e855c7e elementor-widget__width-initial elementor-widget elementor-widget-text-editor\" data-id=\"e855c7e\" data-element_type=\"widget\" data-e-type=\"widget\" data-widget_type=\"text-editor.default\">\n\t\t\t\t<div class=\"elementor-widget-container\">\n\t\t\t\t\t\t\t\t\t<p>Plateforme \u00e0 fort impact pour la publicit\u00e9, la communication et l\u2019analyse des passagers<\/p>\t\t\t\t\t\t\t\t<\/div>\n\t\t\t\t<\/div>\n\t\t\t\t<div class=\"elementor-element elementor-element-c5f7b3c elementor-widget__width-initial elementor-widget elementor-widget-text-editor\" data-id=\"c5f7b3c\" data-element_type=\"widget\" data-e-type=\"widget\" data-widget_type=\"text-editor.default\">\n\t\t\t\t<div class=\"elementor-widget-container\">\n\t\t\t\t\t\t\t\t\t<p class=\"translation-block\"><a class=\"explore-link\" href=\"\/fr\/products\/metrodisplay\/\" target=\"_self\">D\u00e9couvrir <b>MetroDisplay\u2122<\/b> <i class=\"fas fa-arrow-right\" aria-hidden=\"true\"><\/i><\/a><\/p>\t\t\t\t\t\t\t\t<\/div>\n\t\t\t\t<\/div>\n\t\t\t\t<\/div>\n\t\t\t\t<\/div>\n\t\t\t\t<\/div>\n\t\t\t\t\t<\/div>\n\t\t\t\t<\/div>\n\t\t\t\t<\/div>","protected":false},"excerpt":{"rendered":"<p>Explore BusPas Products BusPas delivers a modular ecosystem of smart, solar-powered, AI-enabled street infrastructure designed to improve transit reliability, safety, enforcement, and passenger experience\u2014while generating actionable insights for cities and transit agencies. Each product functions independently, but together they form a cohesive urban intelligence layer that scales across jurisdictions and use cases. Flagship Product SmartSign\u2122 [&hellip;]<\/p>\n","protected":false},"author":6,"featured_media":0,"parent":0,"menu_order":0,"comment_status":"closed","ping_status":"closed","template":"elementor_header_footer","meta":{"_acf_changed":false,"bg_version":"","footnotes":""},"class_list":["post-8578","page","type-page","status-publish","hentry"],"acf":[],"_links":{"self":[{"href":"https:\/\/buspas.com\/fr\/wp-json\/wp\/v2\/pages\/8578","targetHints":{"allow":["GET"]}}],"collection":[{"href":"https:\/\/buspas.com\/fr\/wp-json\/wp\/v2\/pages"}],"about":[{"href":"https:\/\/buspas.com\/fr\/wp-json\/wp\/v2\/types\/page"}],"author":[{"embeddable":true,"href":"https:\/\/buspas.com\/fr\/wp-json\/wp\/v2\/users\/6"}],"replies":[{"embeddable":true,"href":"https:\/\/buspas.com\/fr\/wp-json\/wp\/v2\/comments?post=8578"}],"version-history":[{"count":15,"href":"https:\/\/buspas.com\/fr\/wp-json\/wp\/v2\/pages\/8578\/revisions"}],"predecessor-version":[{"id":11619,"href":"https:\/\/buspas.com\/fr\/wp-json\/wp\/v2\/pages\/8578\/revisions\/11619"}],"wp:attachment":[{"href":"https:\/\/buspas.com\/fr\/wp-json\/wp\/v2\/media?parent=8578"}],"curies":[{"name":"wp","href":"https:\/\/api.w.org\/{rel}","templated":true}]}}