{"id":4533,"date":"2024-09-16T17:59:00","date_gmt":"2024-09-16T17:59:00","guid":{"rendered":"https:\/\/4hh.9e1.mytemp.website\/?page_id=4533"},"modified":"2024-09-17T19:03:11","modified_gmt":"2024-09-17T19:03:11","slug":"technical-specifications","status":"publish","type":"page","link":"https:\/\/buspas.com\/fr\/technical-specifications\/","title":{"rendered":"Sp\u00e9cifications Techniques"},"content":{"rendered":"<div data-elementor-type=\"wp-page\" data-elementor-id=\"4533\" class=\"elementor elementor-4533\" data-elementor-post-type=\"page\">\n\t\t\t\t<div class=\"elementor-element elementor-element-454a950 e-flex e-con-boxed e-con e-parent\" data-id=\"454a950\" data-element_type=\"container\" data-e-type=\"container\">\n\t\t\t\t\t<div class=\"e-con-inner\">\n\t\t\t\t<div class=\"elementor-element elementor-element-603100c elementor-widget elementor-widget-crete_team_promo\" data-id=\"603100c\" data-element_type=\"widget\" data-e-type=\"widget\" data-widget_type=\"crete_team_promo.default\">\n\t\t\t\t<div class=\"elementor-widget-container\">\n\t\t\t\t\t        <div class=\"cr-service-section\">\n            <div class=\"container-1660 custom_container_width\">\n                <div class=\"cr-service-box bg-white rounded-top position-relative z-1\">\n                    <div class=\"row\">\n                        <div class=\"col-xl-6 align-self-end order-2 order-xl-1\">\n                            <div class=\"position-relative z-1\">\n                                                                    <img decoding=\"async\" src=\"https:\/\/buspas.com\/\/wp-content\/uploads\/2024\/09\/14-1.png\" alt=\"girl\" class=\"img-fluid\">\n                                \n                                                                    <img decoding=\"async\" src=\"https:\/\/buspas.com\/\/wp-content\/uploads\/2024\/09\/BusPas-Square-Social-Templates-6-e1725341279263.png\" alt=\"shape-image\" class=\"position-absolute start-50 bottom-0 translate-middle-x z--1 img-fluid\">\n                                \n                            <\/div>\n                        <\/div>\n                        <div class=\"col-xl-6 order-1 order-xl-2\">\n                            <div class=\"cr-content-right ps-xl-4\">\n                                                                    <span class=\"cr-subtitle position-relative fw-semibold primary-text-color wow fadeInUp\">Sp\u00e9cifications Techniques<\/span>\n                                                                                                    <h2 class=\"mt-4 mb-32 wow fadeInUp crete__section_heading translation-block\" data-wow-delay=\"0.1s\">Les d\u00e9tails qui nous retiennent<span class=\"primary-bg-light primary-text-color crete__section-special-heading\"> connect\u00e9s.<\/span><\/h2>\n                                \n                                                                    <p class=\"mb-5 wow fadeInUp crete__section_description\" data-wow-delay=\"0.3s\">Faites d\u00e9filer vers le bas pour voir les composants de notre arr\u00eat de bus intelligent.<\/p>\n                                                                                                    <div class=\"cr-icon-box d-flex gap-3 flex-wrap flex-sm-nowrap wow fadeInUp\" data-wow-delay=\"0.1s\">\n                                    <span class=\"icon-wrapper d-inline-flex align-items-center justify-content-center primary-text-color rounded-circle flex-shrink-0\">\n                                        <i aria-hidden=\"true\" class=\"isax icon-building-4\"><\/i>                                    <\/span>\n                                        <div>\n                                                                                            <h6 class=\"mb-3\">Signe<\/h6>\n                                                                                                                                        <p class=\"mb-0\">pour des communications conformes aux normes ADA, une personnalisation compl\u00e8te et un service d'urgence.<\/p>\n                                                                                    <\/div>\n                                    <\/div>\n                                                                    <div class=\"cr-icon-box d-flex gap-3 flex-wrap flex-sm-nowrap wow fadeInUp mt-32\" data-wow-delay=\"0.2s\">\n                                    <span class=\"icon-wrapper d-inline-flex align-items-center justify-content-center primary-text-color rounded-circle flex-shrink-0\">\n                                        <i aria-hidden=\"true\" class=\"isax icon-people\"><\/i>                                    <\/span>\n                                        <div>\n                                                                                            <h6 class=\"mb-3\">D\u00e9tecteurs<\/h6>\n                                                                                                                                        <p class=\"mb-0\">pour l'analyse de l'embarquement des passagers, le comptage des personnes, les communications, les conditions environnementales et l'analyse audiovisuelle de l'IA.<\/p>\n                                                                                    <\/div>\n                                    <\/div>\n                                                                    <div class=\"cr-icon-box d-flex gap-3 flex-wrap flex-sm-nowrap wow fadeInUp mt-32\" data-wow-delay=\"0.3s\">\n                                    <span class=\"icon-wrapper d-inline-flex align-items-center justify-content-center primary-text-color rounded-circle flex-shrink-0\">\n                                        <i aria-hidden=\"true\" class=\"isax icon-people\"><\/i>                                    <\/span>\n                                        <div>\n                                                                                            <h6 class=\"mb-3\">Panneau Solaire<\/h6>\n                                                                                                                                        <p class=\"mb-0\">pour les options d'alimentation hors r\u00e9seau, la r\u00e9duction de la demande d'\u00e9nergie et la puissance de traitement sur site.<\/p>\n                                                                                    <\/div>\n                                    <\/div>\n                                                            <\/div>\n                        <\/div>\n                    <\/div>\n                <\/div>\n            <\/div>\n        <\/div>\n        \t\t\t\t<\/div>\n\t\t\t\t<\/div>\n\t\t\t\t\t<\/div>\n\t\t\t\t<\/div>\n\t\t<div class=\"elementor-element elementor-element-f802225 e-flex e-con-boxed e-con e-parent\" data-id=\"f802225\" data-element_type=\"container\" data-e-type=\"container\">\n\t\t\t\t\t<div class=\"e-con-inner\">\n\t\t\t\t<div class=\"elementor-element elementor-element-5abe621 elementor-widget elementor-widget-spacer\" data-id=\"5abe621\" data-element_type=\"widget\" data-e-type=\"widget\" data-widget_type=\"spacer.default\">\n\t\t\t\t<div class=\"elementor-widget-container\">\n\t\t\t\t\t\t\t<div class=\"elementor-spacer\">\n\t\t\t<div class=\"elementor-spacer-inner\"><\/div>\n\t\t<\/div>\n\t\t\t\t\t\t<\/div>\n\t\t\t\t<\/div>\n\t\t\t\t<div class=\"elementor-element elementor-element-68d0ae8 elementor-widget elementor-widget-crete_title\" data-id=\"68d0ae8\" data-element_type=\"widget\" data-e-type=\"widget\" data-widget_type=\"crete_title.default\">\n\t\t\t\t<div class=\"elementor-widget-container\">\n\t\t\t\t\t                       <div class=\"section-title\">\n                                        <span class=\"cr-subtitle position-relative fw-semibold primary-text-color\">Sp\u00e9cifications des panneaux<\/span>\n                                                                                <h3 class=\"crete-main-title mt-4\">Arr\u00eat de bus intelligent<\/h3>    \n                                                                            <\/div>\n        \t\t\t\t<\/div>\n\t\t\t\t<\/div>\n\t\t\t\t<div class=\"elementor-element elementor-element-0e7b84b elementor-pagination-position-outside elementor-widget elementor-widget-image-carousel\" data-id=\"0e7b84b\" data-element_type=\"widget\" data-e-type=\"widget\" data-settings=\"{&quot;navigation&quot;:&quot;dots&quot;,&quot;lazyload&quot;:&quot;yes&quot;,&quot;autoplay&quot;:&quot;yes&quot;,&quot;pause_on_hover&quot;:&quot;yes&quot;,&quot;pause_on_interaction&quot;:&quot;yes&quot;,&quot;autoplay_speed&quot;:5000,&quot;infinite&quot;:&quot;yes&quot;,&quot;speed&quot;:500}\" data-widget_type=\"image-carousel.default\">\n\t\t\t\t<div class=\"elementor-widget-container\">\n\t\t\t\t\t\t\t<div class=\"elementor-image-carousel-wrapper swiper\" role=\"region\" aria-roledescription=\"carousel\" aria-label=\"Carrousel d\u2019images\" dir=\"ltr\">\n\t\t\t<div class=\"elementor-image-carousel swiper-wrapper\" aria-live=\"off\">\n\t\t\t\t\t\t\t\t<div class=\"swiper-slide\" role=\"group\" aria-roledescription=\"slide\" aria-label=\"1 of 7\"><figure class=\"swiper-slide-inner\"><img class=\"swiper-slide-image swiper-lazy\" data-src=\"https:\/\/buspas.com\/wp-content\/uploads\/elementor\/thumbs\/7-quv7ozfyt2ywz2sq9clht7pkbg04m0564lsuwn3x2k.png\" alt=\"7\" \/><div class=\"swiper-lazy-preloader\"><\/div><\/figure><\/div><div class=\"swiper-slide\" role=\"group\" aria-roledescription=\"slide\" aria-label=\"2 of 7\"><figure class=\"swiper-slide-inner\"><img class=\"swiper-slide-image swiper-lazy\" data-src=\"https:\/\/buspas.com\/wp-content\/uploads\/elementor\/thumbs\/6-2-quv7n4pfbufk2rho31qze6ju5352fhs87fhdtzuvcc.png\" alt=\"6\" \/><div class=\"swiper-lazy-preloader\"><\/div><\/figure><\/div><div class=\"swiper-slide\" role=\"group\" aria-roledescription=\"slide\" aria-label=\"3 of 7\"><figure class=\"swiper-slide-inner\"><img class=\"swiper-slide-image swiper-lazy\" data-src=\"https:\/\/buspas.com\/wp-content\/uploads\/elementor\/thumbs\/5-quv7ktzmmfabp2tti1ztarf9v6grm4nuk22nln9ijw.png\" alt=\"5\" \/><div class=\"swiper-lazy-preloader\"><\/div><\/figure><\/div><div class=\"swiper-slide\" role=\"group\" aria-roledescription=\"slide\" aria-label=\"4 of 7\"><figure class=\"swiper-slide-inner\"><img class=\"swiper-slide-image swiper-lazy\" data-src=\"https:\/\/buspas.com\/wp-content\/uploads\/elementor\/thumbs\/4-quv7i7zrmzpng2mcqxd4df56gnc28eaov4u3lz4vu4.png\" alt=\"4\" \/><div class=\"swiper-lazy-preloader\"><\/div><\/figure><\/div><div class=\"swiper-slide\" role=\"group\" aria-roledescription=\"slide\" aria-label=\"5 of 7\"><figure class=\"swiper-slide-inner\"><img class=\"swiper-slide-image swiper-lazy\" data-src=\"https:\/\/buspas.com\/wp-content\/uploads\/elementor\/thumbs\/3-quv7fuggd2gk3k2lmee2kiq8el1nrxv47dgwxsnpkc.png\" alt=\"3\" \/><div class=\"swiper-lazy-preloader\"><\/div><\/figure><\/div><div class=\"swiper-slide\" role=\"group\" aria-roledescription=\"slide\" aria-label=\"6 of 7\"><figure class=\"swiper-slide-inner\"><img class=\"swiper-slide-image swiper-lazy\" data-src=\"https:\/\/buspas.com\/wp-content\/uploads\/elementor\/thumbs\/2-quv7dv0pxnqrl6yd7jifb0r79atrixziljw0grlmp8.png\" alt=\"2\" \/><div class=\"swiper-lazy-preloader\"><\/div><\/figure><\/div><div class=\"swiper-slide\" role=\"group\" aria-roledescription=\"slide\" aria-label=\"7 of 7\"><figure class=\"swiper-slide-inner\"><img class=\"swiper-slide-image swiper-lazy\" data-src=\"https:\/\/buspas.com\/wp-content\/uploads\/elementor\/thumbs\/1-quv7bgjkgwgdx2fz8i4qxmkslunzusg7lnvcbb5ulo.png\" alt=\"1\" \/><div class=\"swiper-lazy-preloader\"><\/div><\/figure><\/div>\t\t\t<\/div>\n\t\t\t\t\t\t\t\n\t\t\t\t\t\t\t\t\t<div class=\"swiper-pagination\"><\/div>\n\t\t\t\t\t\t\t\t\t<\/div>\n\t\t\t\t\t\t<\/div>\n\t\t\t\t<\/div>\n\t\t\t\t<div class=\"elementor-element elementor-element-c17213a elementor-widget elementor-widget-crete_accordion\" data-id=\"c17213a\" data-element_type=\"widget\" data-e-type=\"widget\" data-widget_type=\"crete_accordion.default\">\n\t\t\t\t<div class=\"elementor-widget-container\">\n\t\t\t\t\t     <div class=\"faq-left\">\n                        <div class=\"accordion\" id=\"accordion\">\n                                                        <div class=\"accordion-item\">\n                                <div class=\"accordion-header\">\n                                    <a href=\"#accordion_1\" data-bs-toggle=\"collapse\">Mod\u00e8le<\/a>\n                                <\/div>\n                                <div class=\"accordion-collapse collapse\" id=\"accordion_1\" data-bs-parent=\"#accordion\">\n                                    <div class=\"accordion-body p-0\">\n                                        <div class=\"d-flex align-items-center gap-4 flex-wrap flex-md-nowrap\">\n                                                                                        <p class=\"mb-0\"><ul><li>Size: 27.1\u201d (H) x 12.8\u201d (L) x 1.46\u201d (P)<\/li><li>Poids : 6.8 kg<\/li><li>Taille de l'\u00e9cran actif : 13,3\" en diagonale R\u00e9solution : 1600 x 1200, Glass TFT<\/li><\/ul><\/p>\n                                        <\/div>\n                                    <\/div>\n                                <\/div>\n                            <\/div>\n                                                        <div class=\"accordion-item\">\n                                <div class=\"accordion-header\">\n                                    <a href=\"#accordion_2\" data-bs-toggle=\"collapse\">Informatique<\/a>\n                                <\/div>\n                                <div class=\"accordion-collapse collapse\" id=\"accordion_2\" data-bs-parent=\"#accordion\">\n                                    <div class=\"accordion-body p-0\">\n                                        <div class=\"d-flex align-items-center gap-4 flex-wrap flex-md-nowrap\">\n                                                                                        <p class=\"mb-0\"><ul><li>Unit\u00e9 embarqu\u00e9e de calcul en p\u00e9riph\u00e9rie : Processeur NVIDIA Orin optimis\u00e9 pour les logiciels d'IA et les flux de travail natifs du cloud.<\/li><li>Capteurs intelligents \u00e0 \u00e9nergie solaire int\u00e9gr\u00e9s<\/li><li>Interface homme-machine interactive : \u00e9cran \u00e9lectronique, cam\u00e9ra, microphone et haut-parleurs.<\/li><\/ul><\/p>\n                                        <\/div>\n                                    <\/div>\n                                <\/div>\n                            <\/div>\n                                                        <div class=\"accordion-item\">\n                                <div class=\"accordion-header\">\n                                    <a href=\"#accordion_3\" data-bs-toggle=\"collapse\">Environnement<\/a>\n                                <\/div>\n                                <div class=\"accordion-collapse collapse\" id=\"accordion_3\" data-bs-parent=\"#accordion\">\n                                    <div class=\"accordion-body p-0\">\n                                        <div class=\"d-flex align-items-center gap-4 flex-wrap flex-md-nowrap\">\n                                                                                        <p class=\"mb-0\"><ul><li>Temp\u00e9rature de fonctionnement : -30\u00b0C \u00e0 +60\u00b0C (-22\u00b0F \u00e0 +140\u00b0F)<\/li><li>Temp\u00e9rature de stockage : -30\u00b0C \u00e0 +70\u00b0C (-22\u00b0F \u00e0 +158\u00b0F)<\/li><li>Humidit\u00e9 de fonctionnement : 90% sans condensation<\/li><li>Humidit\u00e9 de stockage : 80% sans condensation<\/li><li>Fiable ; certifi\u00e9 aux normes UL, conforme \u00e0 l'indice de protection IP65 et con\u00e7u pour r\u00e9sister au vandalisme.<\/li><\/ul><\/p>\n                                        <\/div>\n                                    <\/div>\n                                <\/div>\n                            <\/div>\n                                                        <div class=\"accordion-item\">\n                                <div class=\"accordion-header\">\n                                    <a href=\"#accordion_4\" data-bs-toggle=\"collapse\">Audio \/ Visuel<\/a>\n                                <\/div>\n                                <div class=\"accordion-collapse collapse\" id=\"accordion_4\" data-bs-parent=\"#accordion\">\n                                    <div class=\"accordion-body p-0\">\n                                        <div class=\"d-flex align-items-center gap-4 flex-wrap flex-md-nowrap\">\n                                                                                        <p class=\"mb-0\"><ul><li>Haut-parleurs : Deux haut-parleurs haute sensibilit\u00e9<\/li><li>Microphones : 12MP<\/li><li>Appareil photo : 4056 x 3040.<\/li><li>Vision par ordinateur : Propuls\u00e9 par NVIDIA DeepStream<\/li><\/ul><\/p>\n                                        <\/div>\n                                    <\/div>\n                                <\/div>\n                            <\/div>\n                                                        <div class=\"accordion-item\">\n                                <div class=\"accordion-header\">\n                                    <a href=\"#accordion_5\" data-bs-toggle=\"collapse\">Mise en r\u00e9seau<\/a>\n                                <\/div>\n                                <div class=\"accordion-collapse collapse\" id=\"accordion_5\" data-bs-parent=\"#accordion\">\n                                    <div class=\"accordion-body p-0\">\n                                        <div class=\"d-flex align-items-center gap-4 flex-wrap flex-md-nowrap\">\n                                                                                        <p class=\"mb-0\"><ul><li>R\u00e9seaux de t\u00e9l\u00e9chargement mobile et \u00e0 large bande \u00e0 haut d\u00e9bit et faible latence<\/li><li>Surveillance cellulaire - R\u00e9seau mobile LTE\/4G\/5G.<\/li><li>Capteur Wi-Fi - 802.11a\/b\/g\/n\/ac (2.4GHz \/ 5GHz).<\/li><li>Bluetooth 5.0 Sensor Beacon (2.4GHz).<\/li><\/ul><\/p>\n                                        <\/div>\n                                    <\/div>\n                                <\/div>\n                            <\/div>\n                                                        <div class=\"accordion-item\">\n                                <div class=\"accordion-header\">\n                                    <a href=\"#accordion_6\" data-bs-toggle=\"collapse\">\u00c9clairage<\/a>\n                                <\/div>\n                                <div class=\"accordion-collapse collapse\" id=\"accordion_6\" data-bs-parent=\"#accordion\">\n                                    <div class=\"accordion-body p-0\">\n                                        <div class=\"d-flex align-items-center gap-4 flex-wrap flex-md-nowrap\">\n                                                                                        <p class=\"mb-0\"><ul><li class=\"p1\">Dimmable 5W avec 500 lumens<\/li><li class=\"p1\">Plusieurs configurations de CCT et d'IRC disponibles<\/li><li class=\"p1\">D\u00e9tecteur de mouvement - Infrarouge passif<\/li><li class=\"p1\">Capteur de lumi\u00e8re ambiante<\/li><\/ul><\/p>\n                                        <\/div>\n                                    <\/div>\n                                <\/div>\n                            <\/div>\n                                                        <div class=\"accordion-item\">\n                                <div class=\"accordion-header\">\n                                    <a href=\"#accordion_7\" data-bs-toggle=\"collapse\">Affichage en papier \u00e9lectronique<\/a>\n                                <\/div>\n                                <div class=\"accordion-collapse collapse\" id=\"accordion_7\" data-bs-parent=\"#accordion\">\n                                    <div class=\"accordion-body p-0\">\n                                        <div class=\"d-flex align-items-center gap-4 flex-wrap flex-md-nowrap\">\n                                                                                        <p class=\"mb-0\"><ul><li class=\"p1\">Technologie d'\u00e9lectrophor\u00e8se r\u00e9fl\u00e9chissante \u00e0 fort contraste.<\/li><li class=\"p1\">\u00c9cran LED d'\u00e9clairage frontal pour la nuit<\/li><li class=\"p1\">Couleur : 4096+ couleurs ou 16 niveaux de gris.<\/li><li class=\"p1\">Conformit\u00e9 \u00e0 l'ADA<\/li><li class=\"p1\">Finition antireflet avec un contraste de 70 % entre l'arri\u00e8re-plan et l'arri\u00e8re-plan.<\/li><li class=\"p1\">Le lettrage r\u00e9el des messages \u00e0 l'\u00e9cran<\/li><li class=\"p1\">Texte large et clair d'une largeur maximale de 12 points.<\/li><li class=\"p1\">Polices de caract\u00e8res approuv\u00e9es par l'ADA : Times New Roman, Helvetica et Cabri.<\/li><li class=\"p1\">Hauteur du texte : 5\/8 - 2 pouces.<\/li><\/ul><\/p>\n                                        <\/div>\n                                    <\/div>\n                                <\/div>\n                            <\/div>\n                                                        <div class=\"accordion-item\">\n                                <div class=\"accordion-header\">\n                                    <a href=\"#accordion_8\" data-bs-toggle=\"collapse\">Options d'alimentation - Grille On\/Off<\/a>\n                                <\/div>\n                                <div class=\"accordion-collapse collapse\" id=\"accordion_8\" data-bs-parent=\"#accordion\">\n                                    <div class=\"accordion-body p-0\">\n                                        <div class=\"d-flex align-items-center gap-4 flex-wrap flex-md-nowrap\">\n                                                                                        <p class=\"mb-0\"><ul><li class=\"p1\">Alimentation 12-18 VDC ou via PoE passif<\/li><li class=\"p1\">En option Panneau solaire, contr\u00f4leur de charge et bloc-batterie<\/li><li class=\"p1\">Autonomie possible : 3-4 jours<\/li><li class=\"p1\">Li-ion (Lithium-Ion) avec une capacit\u00e9 de 440 Watts-Heure.<\/li><li class=\"p1\">Certification de la norme de s\u00e9curit\u00e9 obligatoire CQC GB31241.<\/li><li class=\"p1\">Temp\u00e9rature de fonctionnement : -30\u00b0C \u00e0 +60\u00b0C (-22\u00b0F \u00e0 +140\u00b0F)<\/li><li class=\"p1\">En option Poteau de montage<\/li><li class=\"p1\">Chargement automatique<\/li><li class=\"p1\">Gestion des charges configurable<\/li><\/ul><\/p>\n                                        <\/div>\n                                    <\/div>\n                                <\/div>\n                            <\/div>\n                                                        <div class=\"accordion-item\">\n                                <div class=\"accordion-header\">\n                                    <a href=\"#accordion_9\" data-bs-toggle=\"collapse\">Installation<\/a>\n                                <\/div>\n                                <div class=\"accordion-collapse collapse\" id=\"accordion_9\" data-bs-parent=\"#accordion\">\n                                    <div class=\"accordion-body p-0\">\n                                        <div class=\"d-flex align-items-center gap-4 flex-wrap flex-md-nowrap\">\n                                                                                        <p class=\"mb-0\"><ul><li class=\"p1\">Montage rapide sur n'importe quel poteau\/abri ; s\u00fbr et polyvalent<\/li><\/ul><\/p>\n                                        <\/div>\n                                    <\/div>\n                                <\/div>\n                            <\/div>\n                                                        <div class=\"accordion-item\">\n                                <div class=\"accordion-header\">\n                                    <a href=\"#accordion_10\" data-bs-toggle=\"collapse\">Mat\u00e9riaux de l'enveloppe<\/a>\n                                <\/div>\n                                <div class=\"accordion-collapse collapse\" id=\"accordion_10\" data-bs-parent=\"#accordion\">\n                                    <div class=\"accordion-body p-0\">\n                                        <div class=\"d-flex align-items-center gap-4 flex-wrap flex-md-nowrap\">\n                                                                                        <p class=\"mb-0\"><ul><li>Aluminium et plastique<\/li><li>Att\u00e9nuation du vandalisme : Verre coll\u00e9 (incassable)<\/li><\/ul><\/p>\n                                        <\/div>\n                                    <\/div>\n                                <\/div>\n                            <\/div>\n                                                        \n                            \n                           \n                           \n                        <\/div>\n                    <\/div>\n        \t\t\t\t<\/div>\n\t\t\t\t<\/div>\n\t\t\t\t<div class=\"elementor-element elementor-element-ecdff52 elementor-widget elementor-widget-spacer\" data-id=\"ecdff52\" data-element_type=\"widget\" data-e-type=\"widget\" data-widget_type=\"spacer.default\">\n\t\t\t\t<div class=\"elementor-widget-container\">\n\t\t\t\t\t\t\t<div class=\"elementor-spacer\">\n\t\t\t<div class=\"elementor-spacer-inner\"><\/div>\n\t\t<\/div>\n\t\t\t\t\t\t<\/div>\n\t\t\t\t<\/div>\n\t\t\t\t\t<\/div>\n\t\t\t\t<\/div>\n\t\t\t\t<\/div>","protected":false},"excerpt":{"rendered":"<p>Technical Specifications The details that keep us connected. Scroll down the see the components of our smart bus stop. Sign for ADA compliant communications, full customization &#038; emergency service support. Sensors for passenger boarding analytics, people counting, communications, environmental conditions and AI audio\/visual analysis. Solar Panel for off-grid power options, reduced energy demand and on-site [&hellip;]<\/p>\n","protected":false},"author":2,"featured_media":0,"parent":0,"menu_order":0,"comment_status":"closed","ping_status":"closed","template":"elementor_header_footer","meta":{"_acf_changed":false,"bg_version":"","footnotes":""},"class_list":["post-4533","page","type-page","status-publish","hentry"],"acf":[],"_links":{"self":[{"href":"https:\/\/buspas.com\/fr\/wp-json\/wp\/v2\/pages\/4533","targetHints":{"allow":["GET"]}}],"collection":[{"href":"https:\/\/buspas.com\/fr\/wp-json\/wp\/v2\/pages"}],"about":[{"href":"https:\/\/buspas.com\/fr\/wp-json\/wp\/v2\/types\/page"}],"author":[{"embeddable":true,"href":"https:\/\/buspas.com\/fr\/wp-json\/wp\/v2\/users\/2"}],"replies":[{"embeddable":true,"href":"https:\/\/buspas.com\/fr\/wp-json\/wp\/v2\/comments?post=4533"}],"version-history":[{"count":0,"href":"https:\/\/buspas.com\/fr\/wp-json\/wp\/v2\/pages\/4533\/revisions"}],"wp:attachment":[{"href":"https:\/\/buspas.com\/fr\/wp-json\/wp\/v2\/media?parent=4533"}],"curies":[{"name":"wp","href":"https:\/\/api.w.org\/{rel}","templated":true}]}}