{"id":3645,"date":"2024-07-24T01:34:30","date_gmt":"2024-07-24T01:34:30","guid":{"rendered":"https:\/\/4hh.9e1.mytemp.website\/?page_id=3645"},"modified":"2024-09-30T08:51:44","modified_gmt":"2024-09-30T08:51:44","slug":"partners","status":"publish","type":"page","link":"https:\/\/buspas.com\/fr\/partners\/","title":{"rendered":"Partenaires"},"content":{"rendered":"<div data-elementor-type=\"wp-page\" data-elementor-id=\"3645\" class=\"elementor elementor-3645\" data-elementor-post-type=\"page\">\n\t\t\t\t<div class=\"elementor-element elementor-element-85569dc e-flex e-con-boxed e-con e-parent\" data-id=\"85569dc\" data-element_type=\"container\" data-e-type=\"container\">\n\t\t\t\t\t<div class=\"e-con-inner\">\n\t\t\t\t<div class=\"elementor-element elementor-element-4243f1f elementor-widget elementor-widget-crete_info_section\" data-id=\"4243f1f\" data-element_type=\"widget\" data-e-type=\"widget\" data-widget_type=\"crete_info_section.default\">\n\t\t\t\t<div class=\"elementor-widget-container\">\n\t\t\t\t\t    <!--call to action start-->\r\n    <section class=\"hm2-cta-section bg-white ptb-100 overflow-hidden\">\r\n        <div class=\"container\">\r\n            <div class=\"row align-items-center g-5 crete_reverce_info\">\r\n                <div class=\"col-xl-6\">\r\n                    <div class=\"hm2-cta-left position-relative z-1\">\r\n\r\n                        <span class=\"circle-shape position-absolute z--1\"><\/span>\r\n                        <img decoding=\"async\" src=\"https:\/\/buspas.com\/\/wp-content\/uploads\/2024\/09\/6-1.png\" alt=\"not found\"\r\n                             class=\"img-fluid cta-1 wow fadeInLeft\">\r\n                        <img decoding=\"async\" src=\"https:\/\/buspas.com\/\/wp-content\/uploads\/2024\/09\/Metro-Transit-Bus-Exterior-Only.H03.2k-1.png\" alt=\"not found\"\r\n                             class=\"img-fluid cta-2 wow fadeInRight\">\r\n                    <\/div>\r\n                <\/div>\r\n                <div class=\"col-xl-6\">\r\n                    <div class=\"hm2-cta-content ps-xl-5\">\r\n                        <span class=\"cr-subtitle position-relative primary-text-color fw-semibold wow fadeInUp d-inline-block\">Partenaires<\/span>\r\n                        <h2 class=\"mt-32 mb-40 wow fadeInUp\"\r\n                            data-wow-delay=\"0.2s\">Une v\u00e9ritable collaboration et une transparence sans pareilles sont <span\r\n                                    class=\"primary-bg-light primary-text-color px-2\">les cl\u00e9s<\/span> de la ville intelligente.                        <\/h2>\r\n                        <p class=\"mb-5 wow fadeInUp\"\r\n                           data-wow-delay=\"0.3s\">Chez BusPas, nous croyons que la collaboration est essentielle pour construire des villes plus intelligentes et mieux connect\u00e9es. Nos partenariats reposent sur une vision partag\u00e9e d'innovation, de durabilit\u00e9 et d'impact communautaire. Ensemble, avec des leaders de l'industrie, des pionniers de la technologie, des professionnels de la publicit\u00e9 et des agences municipales, nous avan\u00e7ons vers l'avenir de la mobilit\u00e9 urbaine, en la rendant plus s\u00fbre, plus efficace et accessible \u00e0 tous. En rejoignant BusPas, nos collaborateurs b\u00e9n\u00e9ficient de solutions de donn\u00e9es de pointe, d'expertises, d'un vaste r\u00e9seau et d'un engagement envers l'excellence qui permet aux villes de prosp\u00e9rer \u00e0 l'\u00e8re num\u00e9rique.<\/p>\r\n                        <div class=\"d-flex align-items-center gap-3 gap-sm-4 flex-wrap\">\r\n                            <a href='#partner'rel='nofollow'target='_blank'\"\r\n class=\"template-btn primary-btn wow fadeInUp\"\r\n                               data-wow-delay=\"0.4s\">D\u00c9COUVRIR<\/a>\r\n                            <a href='https:\/\/buspas.com\/fr\/contact\/'rel='nofollow'target='_blank'\"\r\n class=\"template-btn outline-secondary wow fadeInUp hero-watch-btn\"\r\n                               data-wow-delay=\"0.5s\">PARTENAIRE <span\r\n                                        class=\"ms-2\">   <\/span><\/a>\r\n                        <\/div>\r\n                    <\/div>\r\n                <\/div>\r\n            <\/div>\r\n        <\/div>\r\n    <\/section>\r\n    <!--call to action end-->\r\n    \r\n        \t\t\t\t<\/div>\n\t\t\t\t<\/div>\n\t\t\t\t<div class=\"elementor-element elementor-element-8057faa elementor-widget elementor-widget-crete-video-box\" data-id=\"8057faa\" data-element_type=\"widget\" data-e-type=\"widget\" data-widget_type=\"crete-video-box.default\">\n\t\t\t\t<div class=\"elementor-widget-container\">\n\t\t\t\t\t        <!--video box start-->\n        <section class=\"hm2-video-section\">\n            <div class=\"container custom_container_width\">\n                <div class=\"hm2-video-box d-flex align-items-center justify-content-between theme-shadow position-relative z-1 overflow-hidden gap-5 flex-wrap\">\n                                            <img decoding=\"async\" src=\"https:\/\/buspas.com\/\/wp-content\/uploads\/2023\/08\/curve-shape.png\" alt=\"curve shape\" class=\"position-absolute curve-shape z--1\">\n                                        <div class=\"content-left d-flex align-items-center gap-4 flex-wrap flex-md-nowrap\">\n                                                    <a href=\"https:\/\/buspas.com\/fr\/contact\/#locations\" class=\"video-popup-btn ripple-effect\"><i class=\"fas fa-play\"><\/i><\/a>\n                                                <div>\n                                                            <h3 class=\"mb-2 crete__video_box-heading\">Programme de partenariat universitaire<\/h3>\n                                                                                        <p class=\"mb-0 lead crete__video_box-info\">Vous avez une id\u00e9e d'application ? Soumettez-la maintenant pour avoir une chance de gagner !<\/p>\n                                                    <\/div>\n                    <\/div>\n                                            <a href=\"https:\/\/buspas.com\/fr\/contact\/\" class=\"template-btn primary-btn\">CONTACTEZ-NOUS<\/a>\n                                    <\/div>\n            <\/div>\n        <\/section>\n        <!--video box end-->\n        \t\t\t\t<\/div>\n\t\t\t\t<\/div>\n\t\t\t\t<div class=\"elementor-element elementor-element-263e94c elementor-widget elementor-widget-menu-anchor\" data-id=\"263e94c\" data-element_type=\"widget\" data-e-type=\"widget\" data-widget_type=\"menu-anchor.default\">\n\t\t\t\t<div class=\"elementor-widget-container\">\n\t\t\t\t\t\t\t<div class=\"elementor-menu-anchor\" id=\"partner\"><\/div>\n\t\t\t\t\t\t<\/div>\n\t\t\t\t<\/div>\n\t\t\t\t<div class=\"elementor-element elementor-element-5a2fbd4 elementor-widget elementor-widget-crete_brands\" data-id=\"5a2fbd4\" data-element_type=\"widget\" data-e-type=\"widget\" data-widget_type=\"crete_brands.default\">\n\t\t\t\t<div class=\"elementor-widget-container\">\n\t\t\t\t\t        \n            <div class=\"position-relative\">\r\n     <span class=\"layer-blur position-absolute z--1\"><\/span>\r\n  <!--brand section start-->\r\n        <div class=\"crb-brand-section ptb-100\">\r\n            <div class=\"container\">\r\n                <div class=\"crb-brand-area bg-white theme-shadow rounded-5\">\r\n                    <div class=\"row\">\r\n                        <div class=\"col-xl-6\">\r\n                            <div class=\"section-title\">\r\n                               \r\n                                \r\n                                                                  <span class=\"cr-subtitle position-relative primary-text-color fw-semibold wow fadeInUp d-inline-block\">Partenaires d'int\u00e9gration<\/span>\r\n                                                                                <h2 class=\"mt-4 mb-0 wow fadeInUp\" data-wow-delay=\"0.2s\">\u00c9largir <span class=\"primary-text-color primary-bg-light\">l'acquisition de donn\u00e9es.<\/span><\/h2>\r\n                                                \r\n                            <\/div>\r\n                        <\/div>\r\n                    <\/div>\r\n                    <div class=\"crb-brand-slider slider-spacing mt-5\">\r\n                                                <div class=\"single-item\">\r\n                            <img decoding=\"async\" src=\"https:\/\/buspas.com\/\/wp-content\/uploads\/2024\/09\/Accenture-Logo-1.webp\" alt=\"brand\" class=\"img-fluid\">\r\n                        <\/div>\r\n                                                <div class=\"single-item\">\r\n                            <img decoding=\"async\" src=\"https:\/\/buspas.com\/\/wp-content\/uploads\/2024\/09\/KPI-Digital-3.webp\" alt=\"brand\" class=\"img-fluid\">\r\n                        <\/div>\r\n                                                <div class=\"single-item\">\r\n                            <img decoding=\"async\" src=\"https:\/\/buspas.com\/\/wp-content\/uploads\/2024\/09\/Carritec-Logo-1.webp\" alt=\"brand\" class=\"img-fluid\">\r\n                        <\/div>\r\n                                                <div class=\"single-item\">\r\n                            <img decoding=\"async\" src=\"https:\/\/buspas.com\/\/wp-content\/uploads\/2024\/09\/IBM-Smarter-Cities-Logo-1.webp\" alt=\"brand\" class=\"img-fluid\">\r\n                        <\/div>\r\n                                                <div class=\"single-item\">\r\n                            <img decoding=\"async\" src=\"https:\/\/buspas.com\/\/wp-content\/uploads\/2024\/09\/Kalitec-Logo-1.webp\" alt=\"brand\" class=\"img-fluid\">\r\n                        <\/div>\r\n                                                <div class=\"single-item\">\r\n                            <img decoding=\"async\" src=\"https:\/\/buspas.com\/\/wp-content\/uploads\/2024\/09\/Nvidia-Logo.webp\" alt=\"brand\" class=\"img-fluid\">\r\n                        <\/div>\r\n                                                \r\n                    <\/div>\r\n                <\/div>\r\n            <\/div>\r\n        <\/div>\r\n        <!--brand section end-->\r\n    <\/div>\r\n    \r\n    \r\n\n        \n        \t\t\t\t<\/div>\n\t\t\t\t<\/div>\n\t\t\t\t<div class=\"elementor-element elementor-element-61dd87e elementor-widget elementor-widget-crete_brands\" data-id=\"61dd87e\" data-element_type=\"widget\" data-e-type=\"widget\" data-widget_type=\"crete_brands.default\">\n\t\t\t\t<div class=\"elementor-widget-container\">\n\t\t\t\t\t        \n            <div class=\"position-relative\">\r\n     <span class=\"layer-blur position-absolute z--1\"><\/span>\r\n  <!--brand section start-->\r\n        <div class=\"crb-brand-section ptb-100\">\r\n            <div class=\"container\">\r\n                <div class=\"crb-brand-area bg-white theme-shadow rounded-5\">\r\n                    <div class=\"row\">\r\n                        <div class=\"col-xl-6\">\r\n                            <div class=\"section-title\">\r\n                               \r\n                                \r\n                                                                  <span class=\"cr-subtitle position-relative primary-text-color fw-semibold wow fadeInUp d-inline-block\">Partenaires municipaux<\/span>\r\n                                                                                <h2 class=\"mt-4 mb-0 wow fadeInUp\" data-wow-delay=\"0.2s\">Am\u00e9liorer <span class=\"primary-text-color primary-bg-light\">les arr\u00eat d'autobus intelligents.<\/span><\/h2>\r\n                                                \r\n                            <\/div>\r\n                        <\/div>\r\n                    <\/div>\r\n                    <div class=\"crb-brand-slider slider-spacing mt-5\">\r\n                                                <div class=\"single-item\">\r\n                            <img decoding=\"async\" src=\"https:\/\/buspas.com\/\/wp-content\/uploads\/2024\/09\/STL-Laval-logo.webp\" alt=\"brand\" class=\"img-fluid\">\r\n                        <\/div>\r\n                                                <div class=\"single-item\">\r\n                            <img decoding=\"async\" src=\"https:\/\/buspas.com\/\/wp-content\/uploads\/2024\/09\/Sainte-Therese-logo.webp\" alt=\"brand\" class=\"img-fluid\">\r\n                        <\/div>\r\n                                                <div class=\"single-item\">\r\n                            <img decoding=\"async\" src=\"https:\/\/buspas.com\/\/wp-content\/uploads\/2024\/09\/Sainte-Julie-logo-2-1.webp\" alt=\"brand\" class=\"img-fluid\">\r\n                        <\/div>\r\n                                                <div class=\"single-item\">\r\n                            <img decoding=\"async\" src=\"https:\/\/buspas.com\/\/wp-content\/uploads\/2024\/09\/Transports-Metropolitans-de-Barcelona-TMB-Logo.webp\" alt=\"brand\" class=\"img-fluid\">\r\n                        <\/div>\r\n                                                <div class=\"single-item\">\r\n                            <img decoding=\"async\" src=\"https:\/\/buspas.com\/\/wp-content\/uploads\/2024\/09\/Barcelona-Innova-Lab-Logo.webp\" alt=\"brand\" class=\"img-fluid\">\r\n                        <\/div>\r\n                                                <div class=\"single-item\">\r\n                            <img decoding=\"async\" src=\"https:\/\/buspas.com\/\/wp-content\/uploads\/2024\/09\/Fira-Barcelona-Logo.webp\" alt=\"brand\" class=\"img-fluid\">\r\n                        <\/div>\r\n                                                <div class=\"single-item\">\r\n                            <img decoding=\"async\" src=\"https:\/\/buspas.com\/\/wp-content\/uploads\/2024\/09\/City-of-Barcelona-Logo-1.webp\" alt=\"brand\" class=\"img-fluid\">\r\n                        <\/div>\r\n                                                <div class=\"single-item\">\r\n                            <img decoding=\"async\" src=\"https:\/\/buspas.com\/\/wp-content\/uploads\/2024\/09\/New-Jersey-Logo.webp\" alt=\"brand\" class=\"img-fluid\">\r\n                        <\/div>\r\n                                                \r\n                    <\/div>\r\n                <\/div>\r\n            <\/div>\r\n        <\/div>\r\n        <!--brand section end-->\r\n    <\/div>\r\n    \r\n    \r\n\n        \n        \t\t\t\t<\/div>\n\t\t\t\t<\/div>\n\t\t\t\t<div class=\"elementor-element elementor-element-c4c4d7a elementor-widget elementor-widget-crete_brands\" data-id=\"c4c4d7a\" data-element_type=\"widget\" data-e-type=\"widget\" data-widget_type=\"crete_brands.default\">\n\t\t\t\t<div class=\"elementor-widget-container\">\n\t\t\t\t\t        \n            <div class=\"position-relative\">\r\n     <span class=\"layer-blur position-absolute z--1\"><\/span>\r\n  <!--brand section start-->\r\n        <div class=\"crb-brand-section ptb-100\">\r\n            <div class=\"container\">\r\n                <div class=\"crb-brand-area bg-white theme-shadow rounded-5\">\r\n                    <div class=\"row\">\r\n                        <div class=\"col-xl-6\">\r\n                            <div class=\"section-title\">\r\n                               \r\n                                \r\n                                                                  <span class=\"cr-subtitle position-relative primary-text-color fw-semibold wow fadeInUp d-inline-block\">Partenaires publicitaires<\/span>\r\n                                                                                <h2 class=\"mt-4 mb-0 wow fadeInUp\" data-wow-delay=\"0.2s\">Maximiser <span class=\"primary-text-color primary-bg-light\">les revenus publicitaires.<\/span><\/h2>\r\n                                                \r\n                            <\/div>\r\n                        <\/div>\r\n                    <\/div>\r\n                    <div class=\"crb-brand-slider slider-spacing mt-5\">\r\n                                                <div class=\"single-item\">\r\n                            <img decoding=\"async\" src=\"https:\/\/buspas.com\/\/wp-content\/uploads\/2024\/09\/Imagi-Affichage-Logo-1.webp\" alt=\"brand\" class=\"img-fluid\">\r\n                        <\/div>\r\n                                                <div class=\"single-item\">\r\n                            <img decoding=\"async\" src=\"https:\/\/buspas.com\/\/wp-content\/uploads\/2024\/09\/JCDecaux-Logo.webp\" alt=\"brand\" class=\"img-fluid\">\r\n                        <\/div>\r\n                                                <div class=\"single-item\">\r\n                            <img decoding=\"async\" src=\"https:\/\/buspas.com\/\/wp-content\/uploads\/2024\/09\/Outfront-Logo.webp\" alt=\"brand\" class=\"img-fluid\">\r\n                        <\/div>\r\n                                                <div class=\"single-item\">\r\n                            <img decoding=\"async\" src=\"https:\/\/buspas.com\/\/wp-content\/uploads\/2024\/09\/Quebecor-Logo.webp\" alt=\"brand\" class=\"img-fluid\">\r\n                        <\/div>\r\n                                                <div class=\"single-item\">\r\n                            <img decoding=\"async\" src=\"https:\/\/buspas.com\/\/wp-content\/uploads\/2024\/09\/Intersection-Logo-2.webp\" alt=\"brand\" class=\"img-fluid\">\r\n                        <\/div>\r\n                                                <div class=\"single-item\">\r\n                            <img decoding=\"async\" src=\"https:\/\/buspas.com\/\/wp-content\/uploads\/2024\/09\/Tranzito-Smart-Mobility-Logo-1.webp\" alt=\"brand\" class=\"img-fluid\">\r\n                        <\/div>\r\n                                                <div class=\"single-item\">\r\n                            <img decoding=\"async\" src=\"https:\/\/buspas.com\/\/wp-content\/uploads\/2024\/09\/Clear-Channel-Logo-1.webp\" alt=\"brand\" class=\"img-fluid\">\r\n                        <\/div>\r\n                                                <div class=\"single-item\">\r\n                            <img decoding=\"async\" src=\"https:\/\/buspas.com\/\/wp-content\/uploads\/2024\/09\/Vector-Logo-1.webp\" alt=\"brand\" class=\"img-fluid\">\r\n                        <\/div>\r\n                                                <div class=\"single-item\">\r\n                            <img decoding=\"async\" src=\"https:\/\/buspas.com\/\/wp-content\/uploads\/2024\/09\/Rogers-Logo-1.webp\" alt=\"brand\" class=\"img-fluid\">\r\n                        <\/div>\r\n                                                \r\n                    <\/div>\r\n                <\/div>\r\n            <\/div>\r\n        <\/div>\r\n        <!--brand section end-->\r\n    <\/div>\r\n    \r\n    \r\n\n        \n        \t\t\t\t<\/div>\n\t\t\t\t<\/div>\n\t\t\t\t<div class=\"elementor-element elementor-element-ef4c050 elementor-widget elementor-widget-crete_brands\" data-id=\"ef4c050\" data-element_type=\"widget\" data-e-type=\"widget\" data-widget_type=\"crete_brands.default\">\n\t\t\t\t<div class=\"elementor-widget-container\">\n\t\t\t\t\t        \n            <div class=\"position-relative\">\r\n     <span class=\"layer-blur position-absolute z--1\"><\/span>\r\n  <!--brand section start-->\r\n        <div class=\"crb-brand-section ptb-100\">\r\n            <div class=\"container\">\r\n                <div class=\"crb-brand-area bg-white theme-shadow rounded-5\">\r\n                    <div class=\"row\">\r\n                        <div class=\"col-xl-6\">\r\n                            <div class=\"section-title\">\r\n                               \r\n                                \r\n                                                                  <span class=\"cr-subtitle position-relative primary-text-color fw-semibold wow fadeInUp d-inline-block\">Partenaires acad\u00e9miques<\/span>\r\n                                                                                <h2 class=\"mt-4 mb-0 wow fadeInUp\" data-wow-delay=\"0.2s\">Faire avancer <span class=\"primary-text-color primary-bg-light\">l'innovation.<\/span><\/h2>\r\n                                                \r\n                            <\/div>\r\n                        <\/div>\r\n                    <\/div>\r\n                    <div class=\"crb-brand-slider slider-spacing mt-5\">\r\n                                                <div class=\"single-item\">\r\n                            <img decoding=\"async\" src=\"https:\/\/buspas.com\/\/wp-content\/uploads\/2024\/09\/30-1.png\" alt=\"brand\" class=\"img-fluid\">\r\n                        <\/div>\r\n                                                <div class=\"single-item\">\r\n                            <img decoding=\"async\" src=\"https:\/\/buspas.com\/\/wp-content\/uploads\/2024\/09\/Buspas-Partner-Page-Logos-Colour-.webp\" alt=\"brand\" class=\"img-fluid\">\r\n                        <\/div>\r\n                                                <div class=\"single-item\">\r\n                            <img decoding=\"async\" src=\"https:\/\/buspas.com\/\/wp-content\/uploads\/2024\/09\/31.png\" alt=\"brand\" class=\"img-fluid\">\r\n                        <\/div>\r\n                                                <div class=\"single-item\">\r\n                            <img decoding=\"async\" src=\"https:\/\/buspas.com\/\/wp-content\/uploads\/2024\/09\/33.png\" alt=\"brand\" class=\"img-fluid\">\r\n                        <\/div>\r\n                                                <div class=\"single-item\">\r\n                            <img decoding=\"async\" src=\"https:\/\/buspas.com\/\/wp-content\/uploads\/2024\/09\/36.png\" alt=\"brand\" class=\"img-fluid\">\r\n                        <\/div>\r\n                                                <div class=\"single-item\">\r\n                            <img decoding=\"async\" src=\"https:\/\/buspas.com\/\/wp-content\/uploads\/2024\/09\/Hec-Logo.webp\" alt=\"brand\" class=\"img-fluid\">\r\n                        <\/div>\r\n                                                \r\n                    <\/div>\r\n                <\/div>\r\n            <\/div>\r\n        <\/div>\r\n        <!--brand section end-->\r\n    <\/div>\r\n    \r\n    \r\n\n        \n        \t\t\t\t<\/div>\n\t\t\t\t<\/div>\n\t\t\t\t\t<\/div>\n\t\t\t\t<\/div>\n\t\t<div class=\"elementor-element elementor-element-62f11d1 e-flex e-con-boxed e-con e-parent\" data-id=\"62f11d1\" data-element_type=\"container\" data-e-type=\"container\">\n\t\t\t\t\t<div class=\"e-con-inner\">\n\t\t\t\t<div class=\"elementor-element elementor-element-b0a6cb4 elementor-widget elementor-widget-crete-video-box\" data-id=\"b0a6cb4\" data-element_type=\"widget\" data-e-type=\"widget\" data-widget_type=\"crete-video-box.default\">\n\t\t\t\t<div class=\"elementor-widget-container\">\n\t\t\t\t\t        <!--video box start-->\n        <section class=\"hm2-video-section\">\n            <div class=\"container custom_container_width\">\n                <div class=\"hm2-video-box d-flex align-items-center justify-content-between theme-shadow position-relative z-1 overflow-hidden gap-5 flex-wrap\">\n                                            <img decoding=\"async\" src=\"https:\/\/buspas.com\/\/wp-content\/uploads\/2023\/08\/curve-shape.png\" alt=\"curve shape\" class=\"position-absolute curve-shape z--1\">\n                                        <div class=\"content-left d-flex align-items-center gap-4 flex-wrap flex-md-nowrap\">\n                                                <div>\n                                                            <h3 class=\"mb-2 crete__video_box-heading\">Devenez partenaire.<\/h3>\n                                                                                        <p class=\"mb-0 lead crete__video_box-info\">Partagez votre mobilier urbain et apportez plus de valeur \u00e0 votre communaut\u00e9.<\/p>\n                                                    <\/div>\n                    <\/div>\n                                            <a href=\"https:\/\/buspas.com\/fr\/contact\/\" class=\"template-btn primary-btn\">CONTACTEZ-NOUS<\/a>\n                                    <\/div>\n            <\/div>\n        <\/section>\n        <!--video box end-->\n        \t\t\t\t<\/div>\n\t\t\t\t<\/div>\n\t\t\t\t<div class=\"elementor-element elementor-element-97aa0e7 elementor-widget elementor-widget-spacer\" data-id=\"97aa0e7\" data-element_type=\"widget\" data-e-type=\"widget\" data-widget_type=\"spacer.default\">\n\t\t\t\t<div class=\"elementor-widget-container\">\n\t\t\t\t\t\t\t<div class=\"elementor-spacer\">\n\t\t\t<div class=\"elementor-spacer-inner\"><\/div>\n\t\t<\/div>\n\t\t\t\t\t\t<\/div>\n\t\t\t\t<\/div>\n\t\t\t\t<div class=\"elementor-element elementor-element-2bbc918 elementor-widget elementor-widget-spacer\" data-id=\"2bbc918\" data-element_type=\"widget\" data-e-type=\"widget\" data-widget_type=\"spacer.default\">\n\t\t\t\t<div class=\"elementor-widget-container\">\n\t\t\t\t\t\t\t<div class=\"elementor-spacer\">\n\t\t\t<div class=\"elementor-spacer-inner\"><\/div>\n\t\t<\/div>\n\t\t\t\t\t\t<\/div>\n\t\t\t\t<\/div>\n\t\t\t\t\t<\/div>\n\t\t\t\t<\/div>\n\t\t\t\t<\/div>","protected":false},"excerpt":{"rendered":"<p>Partners True collaboration &#038; unparalleled transparency are the keys to the smart city. At BusPas, we believe that collaboration is the key to building smarter, more connected cities. Our partnerships are built on a shared vision of innovation, sustainability, and community impact. Together, with industry leaders, technology pioneers, advertising pros, and municipal agencies, we\u2019re driving [&hellip;]<\/p>\n","protected":false},"author":2,"featured_media":0,"parent":0,"menu_order":0,"comment_status":"closed","ping_status":"closed","template":"elementor_header_footer","meta":{"_acf_changed":false,"bg_version":"","footnotes":""},"class_list":["post-3645","page","type-page","status-publish","hentry"],"acf":[],"_links":{"self":[{"href":"https:\/\/buspas.com\/fr\/wp-json\/wp\/v2\/pages\/3645","targetHints":{"allow":["GET"]}}],"collection":[{"href":"https:\/\/buspas.com\/fr\/wp-json\/wp\/v2\/pages"}],"about":[{"href":"https:\/\/buspas.com\/fr\/wp-json\/wp\/v2\/types\/page"}],"author":[{"embeddable":true,"href":"https:\/\/buspas.com\/fr\/wp-json\/wp\/v2\/users\/2"}],"replies":[{"embeddable":true,"href":"https:\/\/buspas.com\/fr\/wp-json\/wp\/v2\/comments?post=3645"}],"version-history":[{"count":0,"href":"https:\/\/buspas.com\/fr\/wp-json\/wp\/v2\/pages\/3645\/revisions"}],"wp:attachment":[{"href":"https:\/\/buspas.com\/fr\/wp-json\/wp\/v2\/media?parent=3645"}],"curies":[{"name":"wp","href":"https:\/\/api.w.org\/{rel}","templated":true}]}}