{"id":3609,"date":"2024-07-24T01:16:18","date_gmt":"2024-07-24T01:16:18","guid":{"rendered":"https:\/\/4hh.9e1.mytemp.website\/?page_id=3609"},"modified":"2024-09-30T16:23:42","modified_gmt":"2024-09-30T16:23:42","slug":"technology","status":"publish","type":"page","link":"https:\/\/buspas.com\/fr\/technology\/","title":{"rendered":"Technologie"},"content":{"rendered":"<div data-elementor-type=\"wp-page\" data-elementor-id=\"3609\" class=\"elementor elementor-3609\" data-elementor-post-type=\"page\">\n\t\t\t\t<div class=\"elementor-element elementor-element-ed74c86 e-flex e-con-boxed e-con e-parent\" data-id=\"ed74c86\" data-element_type=\"container\" data-e-type=\"container\">\n\t\t\t\t\t<div class=\"e-con-inner\">\n\t\t\t\t<div class=\"elementor-element elementor-element-11fc032 elementor-widget elementor-widget-crete_info_section\" data-id=\"11fc032\" data-element_type=\"widget\" data-e-type=\"widget\" data-widget_type=\"crete_info_section.default\">\n\t\t\t\t<div class=\"elementor-widget-container\">\n\t\t\t\t\t    <!--call to action start-->\r\n    <section class=\"hm2-cta-section bg-white ptb-100 overflow-hidden\">\r\n        <div class=\"container\">\r\n            <div class=\"row align-items-center g-5 crete_reverce_info\">\r\n                <div class=\"col-xl-6\">\r\n                    <div class=\"hm2-cta-left position-relative z-1\">\r\n\r\n                        <span class=\"circle-shape position-absolute z--1\"><\/span>\r\n                        <img decoding=\"async\" src=\"https:\/\/buspas.com\/\/wp-content\/uploads\/2023\/08\/blur-layer.png\" alt=\"not found\"\r\n                             class=\"img-fluid cta-1 wow fadeInLeft\">\r\n                        <img decoding=\"async\" src=\"https:\/\/buspas.com\/\/wp-content\/uploads\/2024\/09\/ORA-Billboard-Square-10.png\" alt=\"not found\"\r\n                             class=\"img-fluid cta-2 wow fadeInRight\">\r\n                    <\/div>\r\n                <\/div>\r\n                <div class=\"col-xl-6\">\r\n                    <div class=\"hm2-cta-content ps-xl-5\">\r\n                        <span class=\"cr-subtitle position-relative primary-text-color fw-semibold wow fadeInUp d-inline-block\">Technologie : Mat\u00e9riel<\/span>\r\n                        <h2 class=\"mt-32 mb-40 wow fadeInUp translation-block\"\r\n                            data-wow-delay=\"0.2s\">Un r\u00e9seau de mobilier urbain modernis\u00e9 avec des <span class=\"primary-bg-light primary-text-color px-2\">capteurs avanc\u00e9s, de l\u2019informatique en p\u00e9riph\u00e9rie et de l\u2019\u00e9nergie solaire.<\/span><\/h2>\r\n                        <p class=\"mb-5 wow fadeInUp\"\r\n                           data-wow-delay=\"0.3s\">\u00c9tablir et acc\u00e9der \u00e0 un r\u00e9seau de capteurs \u00e0 l'\u00e9chelle de la ville qui capture et traite les donn\u00e9es.<\/p>\r\n                        <div class=\"d-flex align-items-center gap-3 gap-sm-4 flex-wrap\">\r\n                            <a href='https:\/\/buspas.com\/fr\/technical-specifications\/'rel='nofollow'\"\r\n class=\"template-btn primary-btn wow fadeInUp\"\r\n                               data-wow-delay=\"0.4s\">SP\u00c9CIFICATIONS TECHNIQUES<\/a>\r\n                            <a href=\"https:\/\/www.youtube.com\/watch?v=si7d1ZcOqIo\" rel=\"nofollow noopener\" class=\"template-btn outline-secondary wow fadeInUp hero-watch-btn\" data-wow-delay=\"0.5s\" target=\"_blank\">D\u00e9mo <span\r\n                                        class=\"ms-2\">   <\/span><\/a>\r\n                        <\/div>\r\n                    <\/div>\r\n                <\/div>\r\n            <\/div>\r\n        <\/div>\r\n    <\/section>\r\n    <!--call to action end-->\r\n    \r\n        \t\t\t\t<\/div>\n\t\t\t\t<\/div>\n\t\t\t\t<div class=\"elementor-element elementor-element-8f9be21 elementor-widget elementor-widget-crete_info_section\" data-id=\"8f9be21\" data-element_type=\"widget\" data-e-type=\"widget\" data-widget_type=\"crete_info_section.default\">\n\t\t\t\t<div class=\"elementor-widget-container\">\n\t\t\t\t\t    <!--call to action start-->\r\n    <section class=\"hm2-cta-section bg-white ptb-100 overflow-hidden\">\r\n        <div class=\"container\">\r\n            <div class=\"row align-items-center g-5 crete_reverce_info\">\r\n                <div class=\"col-xl-6\">\r\n                    <div class=\"hm2-cta-left position-relative z-1\">\r\n\r\n                        <span class=\"circle-shape position-absolute z--1\"><\/span>\r\n                        <img decoding=\"async\" src=\"https:\/\/buspas.com\/\/wp-content\/uploads\/2024\/09\/14-1.png\" alt=\"not found\"\r\n                             class=\"img-fluid cta-1 wow fadeInLeft\">\r\n                        <img decoding=\"async\" src=\"https:\/\/buspas.com\/\/wp-content\/uploads\/2024\/09\/15.png\" alt=\"not found\"\r\n                             class=\"img-fluid cta-2 wow fadeInRight\">\r\n                    <\/div>\r\n                <\/div>\r\n                <div class=\"col-xl-6\">\r\n                    <div class=\"hm2-cta-content ps-xl-5\">\r\n                        <span class=\"cr-subtitle position-relative primary-text-color fw-semibold wow fadeInUp d-inline-block\">Technologie : Logiciel<\/span>\r\n                        <h2 class=\"mt-32 mb-40 wow fadeInUp\"\r\n                            data-wow-delay=\"0.2s\">Une plateforme open source aliment\u00e9e par l'IA avec des <span\r\n                                    class=\"primary-bg-light primary-text-color px-2\">outils de donn\u00e9es et des portails administratifs intuitifs.<\/span>                         <\/h2>\r\n                        <p class=\"mb-5 wow fadeInUp\"\r\n                           data-wow-delay=\"0.3s\">Acc\u00e9dez \u00e0 un magasin d'applications complet, \u00e0 un portail administratif et \u00e0 un tableau de bord qui offrent une transparence et des d\u00e9tails in\u00e9gal\u00e9s. Obtenez une vue d'ensemble compl\u00e8te de vos donn\u00e9es et de vos analyses.<\/p>\r\n                        <div class=\"d-flex align-items-center gap-3 gap-sm-4 flex-wrap\">\r\n                            <a href=\"https:\/\/buspas.com\/fr\/ora-ecosystem\/\" rel=\"nofollow\" class=\"template-btn primary-btn wow fadeInUp\" data-wow-delay=\"0.4s\">PORTAIL ADMINISTRATIF<\/a>\r\n                            <a href=\"https:\/\/www.youtube.com\/watch?v=si7d1ZcOqIo\" rel=\"nofollow noopener\" class=\"template-btn outline-secondary wow fadeInUp hero-watch-btn\" data-wow-delay=\"0.5s\" target=\"_blank\">D\u00e9mo <span\r\n                                        class=\"ms-2\">   <\/span><\/a>\r\n                        <\/div>\r\n                    <\/div>\r\n                <\/div>\r\n            <\/div>\r\n        <\/div>\r\n    <\/section>\r\n    <!--call to action end-->\r\n    \r\n        \t\t\t\t<\/div>\n\t\t\t\t<\/div>\n\t\t\t\t<div class=\"elementor-element elementor-element-97d9236 elementor-widget elementor-widget-crete_info_section\" data-id=\"97d9236\" data-element_type=\"widget\" data-e-type=\"widget\" data-widget_type=\"crete_info_section.default\">\n\t\t\t\t<div class=\"elementor-widget-container\">\n\t\t\t\t\t    <!--call to action start-->\r\n    <section class=\"hm2-cta-section bg-white ptb-100 overflow-hidden\">\r\n        <div class=\"container\">\r\n            <div class=\"row align-items-center g-5 crete_reverce_info\">\r\n                <div class=\"col-xl-6\">\r\n                    <div class=\"hm2-cta-left position-relative z-1\">\r\n\r\n                        <span class=\"circle-shape position-absolute z--1\"><\/span>\r\n                        <img decoding=\"async\" src=\"https:\/\/buspas.com\/\/wp-content\/uploads\/2024\/09\/ORA-Billboard-Square-3.png\" alt=\"not found\"\r\n                             class=\"img-fluid cta-1 wow fadeInLeft\">\r\n                        <img decoding=\"async\" src=\"https:\/\/buspas.com\/\/wp-content\/uploads\/2024\/09\/ORA-Highlight-1-e1725305679328.png\" alt=\"not found\"\r\n                             class=\"img-fluid cta-2 wow fadeInRight\">\r\n                    <\/div>\r\n                <\/div>\r\n                <div class=\"col-xl-6\">\r\n                    <div class=\"hm2-cta-content ps-xl-5\">\r\n                        <span class=\"cr-subtitle position-relative primary-text-color fw-semibold wow fadeInUp d-inline-block\">Technologie : \u00c9cosyst\u00e8me<\/span>\r\n                        <h2 class=\"mt-32 mb-40 wow fadeInUp\"\r\n                            data-wow-delay=\"0.2s\">Un magasin d'applications ouvert aux d\u00e9veloppeurs qui <span\r\n                                    class=\"primary-bg-light primary-text-color px-2\">cr\u00e9ent, am\u00e9liorent et mettent \u00e0 jour des solutions.<\/span> solutions.                        <\/h2>\r\n                        <p class=\"mb-5 wow fadeInUp\"\r\n                           data-wow-delay=\"0.3s\">Nous acc\u00e9l\u00e9rons l'\u00e9volution de la mobilit\u00e9 urbaine en trouvant constamment de meilleures fa\u00e7ons de g\u00e9rer, d'afficher et de traiter les donn\u00e9es. Nous utilisons l'IA g\u00e9n\u00e9rative et la mod\u00e9lisation pr\u00e9dictive pour offrir des insights adapt\u00e9s aux agences et aux municipalit\u00e9s.<\/p>\r\n                        <div class=\"d-flex align-items-center gap-3 gap-sm-4 flex-wrap\">\r\n                            <a href=\"https:\/\/buspas.com\/fr\/developers\/\" rel=\"nofollow\" class=\"template-btn primary-btn wow fadeInUp\" data-wow-delay=\"0.4s\">D\u00e9veloppeurs<\/a>\r\n                            <a href=\"https:\/\/buspas.com\/fr\/app-store\/\" rel=\"nofollow\" class=\"template-btn outline-secondary wow fadeInUp hero-watch-btn\" data-wow-delay=\"0.5s\">MAGASIN D'APPLICATIONS <span\r\n                                        class=\"ms-2\">   <\/span><\/a>\r\n                        <\/div>\r\n                    <\/div>\r\n                <\/div>\r\n            <\/div>\r\n        <\/div>\r\n    <\/section>\r\n    <!--call to action end-->\r\n    \r\n        \t\t\t\t<\/div>\n\t\t\t\t<\/div>\n\t\t\t\t\t<\/div>\n\t\t\t\t<\/div>\n\t\t\t\t<\/div>","protected":false},"excerpt":{"rendered":"<p>Technology: Hardware A network of modernized urban furniture with advanced sensors, edge-computing &#038; solar power. Establish and access a city-wide network of sensors that captures and processes data. TECH SPECS DEMO Technology: Software An AI-powered platform with data tools &#038; intuitive admin portals. Access a full APP store, administrative portal and dashboard that provide unparalleled [&hellip;]<\/p>\n","protected":false},"author":2,"featured_media":0,"parent":0,"menu_order":0,"comment_status":"closed","ping_status":"closed","template":"elementor_header_footer","meta":{"_acf_changed":false,"bg_version":"","footnotes":""},"class_list":["post-3609","page","type-page","status-publish","hentry"],"acf":[],"_links":{"self":[{"href":"https:\/\/buspas.com\/fr\/wp-json\/wp\/v2\/pages\/3609","targetHints":{"allow":["GET"]}}],"collection":[{"href":"https:\/\/buspas.com\/fr\/wp-json\/wp\/v2\/pages"}],"about":[{"href":"https:\/\/buspas.com\/fr\/wp-json\/wp\/v2\/types\/page"}],"author":[{"embeddable":true,"href":"https:\/\/buspas.com\/fr\/wp-json\/wp\/v2\/users\/2"}],"replies":[{"embeddable":true,"href":"https:\/\/buspas.com\/fr\/wp-json\/wp\/v2\/comments?post=3609"}],"version-history":[{"count":0,"href":"https:\/\/buspas.com\/fr\/wp-json\/wp\/v2\/pages\/3609\/revisions"}],"wp:attachment":[{"href":"https:\/\/buspas.com\/fr\/wp-json\/wp\/v2\/media?parent=3609"}],"curies":[{"name":"wp","href":"https:\/\/api.w.org\/{rel}","templated":true}]}}