{"id":3525,"date":"2024-07-24T00:48:29","date_gmt":"2024-07-24T00:48:29","guid":{"rendered":"https:\/\/4hh.9e1.mytemp.website\/?page_id=3525"},"modified":"2024-09-30T15:47:09","modified_gmt":"2024-09-30T15:47:09","slug":"vision","status":"publish","type":"page","link":"https:\/\/buspas.com\/fr\/vision\/","title":{"rendered":"Vision"},"content":{"rendered":"<div data-elementor-type=\"wp-page\" data-elementor-id=\"3525\" class=\"elementor elementor-3525\" data-elementor-post-type=\"page\">\n\t\t\t\t<div class=\"elementor-element elementor-element-4179194 e-flex e-con-boxed e-con e-parent\" data-id=\"4179194\" data-element_type=\"container\" data-e-type=\"container\">\n\t\t\t\t\t<div class=\"e-con-inner\">\n\t\t\t\t<div class=\"elementor-element elementor-element-fa26299 elementor-widget elementor-widget-crete_info_section\" data-id=\"fa26299\" data-element_type=\"widget\" data-e-type=\"widget\" data-widget_type=\"crete_info_section.default\">\n\t\t\t\t<div class=\"elementor-widget-container\">\n\t\t\t\t\t    <!--call to action start-->\r\n    <section class=\"hm2-cta-section bg-white ptb-100 overflow-hidden\">\r\n        <div class=\"container\">\r\n            <div class=\"row align-items-center g-5 crete_reverce_info\">\r\n                <div class=\"col-xl-6\">\r\n                    <div class=\"hm2-cta-left position-relative z-1\">\r\n\r\n                        <span class=\"circle-shape position-absolute z--1\"><\/span>\r\n                        <img decoding=\"async\" src=\"https:\/\/buspas.com\/\/wp-content\/uploads\/2024\/09\/ORA-Highlight.png\" alt=\"not found\"\r\n                             class=\"img-fluid cta-1 wow fadeInLeft\">\r\n                        <img decoding=\"async\" src=\"https:\/\/buspas.com\/\/wp-content\/uploads\/2024\/09\/ORA-Highlight-1-e1725305679328.png\" alt=\"not found\"\r\n                             class=\"img-fluid cta-2 wow fadeInRight\">\r\n                    <\/div>\r\n                <\/div>\r\n                <div class=\"col-xl-6\">\r\n                    <div class=\"hm2-cta-content ps-xl-5\">\r\n                        <span class=\"cr-subtitle position-relative primary-text-color fw-semibold wow fadeInUp d-inline-block\">Vision<\/span>\r\n                        <h2 class=\"mt-32 mb-40 wow fadeInUp translation-block\"\r\n                            data-wow-delay=\"0.2s\">La plateforme ORA et <span class=\"primary-bg-light primary-text-color px-2\">notre avenir collaboratif connect\u00e9.<\/span><\/h2>\r\n                        <p class=\"mb-5 wow fadeInUp\"\r\n                           data-wow-delay=\"0.3s\">La vision est simple : autonomiser les villes en fournissant de meilleures donn\u00e9es, des solutions et une prise de d\u00e9cision sans co\u00fbts prohibitifs. Nous visons \u00e0 acc\u00e9l\u00e9rer l'\u00e9volution de la mobilit\u00e9 urbaine et de l'infrastructure des villes intelligentes en cr\u00e9ant des environnements urbains durables et fluides. Nous ouvrons la voie pour permettre aux municipalit\u00e9s de devenir des villes intelligentes. R\u00e9soudre strat\u00e9giquement les probl\u00e8mes de circulation d'aujourd'hui nous pr\u00e9pare \u00e0 un avenir sans trafic et sans conducteur.<\/p>\r\n                        <div class=\"d-flex align-items-center gap-3 gap-sm-4 flex-wrap\">\r\n                            <a href='#Sustainability'rel='nofollow'\"\r\n class=\"template-btn primary-btn wow fadeInUp\"\r\n                               data-wow-delay=\"0.4s\">EN SAVOIR PLUS<\/a>\r\n                            <a href='https:\/\/buspas.com\/fr\/ora-ecosystem\/'rel='nofollow'\"\r\n class=\"template-btn outline-secondary wow fadeInUp hero-watch-btn\"\r\n                               data-wow-delay=\"0.5s\">\u00c9COSYST\u00c8ME ORA <span\r\n                                        class=\"ms-2\">   <\/span><\/a>\r\n                        <\/div>\r\n                    <\/div>\r\n                <\/div>\r\n            <\/div>\r\n        <\/div>\r\n    <\/section>\r\n    <!--call to action end-->\r\n    \r\n        \t\t\t\t<\/div>\n\t\t\t\t<\/div>\n\t\t\t\t<div class=\"elementor-element elementor-element-971bbe7 elementor-widget elementor-widget-menu-anchor\" data-id=\"971bbe7\" data-element_type=\"widget\" data-e-type=\"widget\" data-widget_type=\"menu-anchor.default\">\n\t\t\t\t<div class=\"elementor-widget-container\">\n\t\t\t\t\t\t\t<div class=\"elementor-menu-anchor\" id=\"Sustainability\"><\/div>\n\t\t\t\t\t\t<\/div>\n\t\t\t\t<\/div>\n\t\t\t\t<div class=\"elementor-element elementor-element-aea73f5 elementor-widget elementor-widget-crete_info_section\" data-id=\"aea73f5\" data-element_type=\"widget\" data-e-type=\"widget\" data-widget_type=\"crete_info_section.default\">\n\t\t\t\t<div class=\"elementor-widget-container\">\n\t\t\t\t\t    <!--call to action start-->\r\n    <section class=\"hm2-cta-section bg-white ptb-100 overflow-hidden\">\r\n        <div class=\"container\">\r\n            <div class=\"row align-items-center g-5 crete_reverce_info\">\r\n                <div class=\"col-xl-6\">\r\n                    <div class=\"hm2-cta-left position-relative z-1\">\r\n\r\n                        <span class=\"circle-shape position-absolute z--1\"><\/span>\r\n                        <img decoding=\"async\" src=\"https:\/\/buspas.com\/\/wp-content\/uploads\/2024\/09\/12.png\" alt=\"not found\"\r\n                             class=\"img-fluid cta-1 wow fadeInLeft\">\r\n                        <img decoding=\"async\" src=\"https:\/\/buspas.com\/\/wp-content\/uploads\/2024\/09\/BusPas-Square-Social-Templates-8.png\" alt=\"not found\"\r\n                             class=\"img-fluid cta-2 wow fadeInRight\">\r\n                    <\/div>\r\n                <\/div>\r\n                <div class=\"col-xl-6\">\r\n                    <div class=\"hm2-cta-content ps-xl-5\">\r\n                        <span class=\"cr-subtitle position-relative primary-text-color fw-semibold wow fadeInUp d-inline-block\">Durabilit\u00e9<\/span>\r\n                        <h2 class=\"mt-32 mb-40 wow fadeInUp\"\r\n                            data-wow-delay=\"0.2s\">Rendre les environnements urbains plus s\u00fbrs, plus propres et plus verts en  <span\r\n                                    class=\"primary-bg-light primary-text-color px-2\">exploitant les donn\u00e9es<\/span> des capteurs pour des alertes automatis\u00e9es.                        <\/h2>\r\n                        <p class=\"mb-5 wow fadeInUp\"\r\n                           data-wow-delay=\"0.3s\">Nos arr\u00eats de bus intelligents aliment\u00e9s par \u00e9nergie solaire tirent leur \u00e9nergie du soleil et utilisent l'\u00e9lectricit\u00e9 du r\u00e9seau lorsque cela est n\u00e9cessaire. Le traitement des donn\u00e9es en p\u00e9riph\u00e9rie permet \u00e0 notre syst\u00e8me d'identifier les probl\u00e8mes et d'envoyer des signaux automatis\u00e9s pour la collecte des d\u00e9chets, l'\u00e9limination des graffitis, l'intervention en cas de d\u00e9tresse des usagers, la gestion de la vagabondage et la r\u00e9paration des abris. Les alertes aident \u00e0 maintenir les arr\u00eats de bus s\u00fbrs et propres, incitant \u00e0 l'utilisation des transports en commun et d\u00e9courageant les d\u00e9chets et les comportements inappropri\u00e9s. <\/p>\r\n                        <div class=\"d-flex align-items-center gap-3 gap-sm-4 flex-wrap\">\r\n                            <a href='#Efficiency'rel='nofollow'\"\r\n class=\"template-btn primary-btn wow fadeInUp\"\r\n                               data-wow-delay=\"0.4s\">COMMENT \u00c7A FONCTIONNE<\/a>\r\n                            <a href='https:\/\/buspas.com\/fr\/technical-specifications\/'rel='nofollow'\"\r\n class=\"template-btn outline-secondary wow fadeInUp hero-watch-btn\"\r\n                               data-wow-delay=\"0.5s\">SP\u00c9CIFICATIONS TECHNIQUES <span\r\n                                        class=\"ms-2\">   <i aria-hidden=\"true\" class=\"isax icon-stickynote\"><\/i><\/span><\/a>\r\n                        <\/div>\r\n                    <\/div>\r\n                <\/div>\r\n            <\/div>\r\n        <\/div>\r\n    <\/section>\r\n    <!--call to action end-->\r\n    \r\n        \t\t\t\t<\/div>\n\t\t\t\t<\/div>\n\t\t\t\t<div class=\"elementor-element elementor-element-52a68b5 elementor-widget elementor-widget-menu-anchor\" data-id=\"52a68b5\" data-element_type=\"widget\" data-e-type=\"widget\" data-widget_type=\"menu-anchor.default\">\n\t\t\t\t<div class=\"elementor-widget-container\">\n\t\t\t\t\t\t\t<div class=\"elementor-menu-anchor\" id=\"Efficiency\"><\/div>\n\t\t\t\t\t\t<\/div>\n\t\t\t\t<\/div>\n\t\t\t\t<div class=\"elementor-element elementor-element-5853d18 elementor-widget elementor-widget-crete_info_section\" data-id=\"5853d18\" data-element_type=\"widget\" data-e-type=\"widget\" data-widget_type=\"crete_info_section.default\">\n\t\t\t\t<div class=\"elementor-widget-container\">\n\t\t\t\t\t    <!--call to action start-->\r\n    <section class=\"hm2-cta-section bg-white ptb-100 overflow-hidden\">\r\n        <div class=\"container\">\r\n            <div class=\"row align-items-center g-5 crete_reverce_info\">\r\n                <div class=\"col-xl-6\">\r\n                    <div class=\"hm2-cta-left position-relative z-1\">\r\n\r\n                        <span class=\"circle-shape position-absolute z--1\"><\/span>\r\n                        <img decoding=\"async\" src=\"https:\/\/buspas.com\/\/wp-content\/uploads\/2024\/09\/30.png\" alt=\"not found\"\r\n                             class=\"img-fluid cta-1 wow fadeInLeft\">\r\n                        <img decoding=\"async\" src=\"https:\/\/buspas.com\/\/wp-content\/uploads\/2024\/09\/ORA-Billboard-Square-1.png\" alt=\"not found\"\r\n                             class=\"img-fluid cta-2 wow fadeInRight\">\r\n                    <\/div>\r\n                <\/div>\r\n                <div class=\"col-xl-6\">\r\n                    <div class=\"hm2-cta-content ps-xl-5\">\r\n                        <span class=\"cr-subtitle position-relative primary-text-color fw-semibold wow fadeInUp d-inline-block\">Efficacit\u00e9<\/span>\r\n                        <h2 class=\"mt-32 mb-40 wow fadeInUp\"\r\n                            data-wow-delay=\"0.2s\">R\u00e9duire les  <span\r\n                                    class=\"primary-bg-light primary-text-color px-2\">co\u00fbts, les \u00e9missions et la congestion<\/span> en temps r\u00e9el.                        <\/h2>\r\n                        <p class=\"mb-5 wow fadeInUp\"\r\n                           data-wow-delay=\"0.3s\">Nos syst\u00e8mes de contr\u00f4le des voies de transport garantissent une utilisation efficace des voies de bus, diminuant la congestion routi\u00e8re et am\u00e9liorant les temps de transport public. Nous assurons maintenant que chaque passager a acc\u00e8s \u00e0 un transport en commun ponctuel et que chaque municipalit\u00e9 peut b\u00e9n\u00e9ficier de technologies de pointe. En int\u00e9grant des informations en temps r\u00e9el sur les passagers et des analyses de donn\u00e9es, nous permettons aux villes d'optimiser leurs op\u00e9rations, r\u00e9duisant ainsi le besoin d'expansions co\u00fbteuses. Notre mobilier urbain intelligent, comme les arr\u00eats de bus aliment\u00e9s par \u00e9nergie solaire, diminue \u00e9galement la consommation d'\u00e9nergie et les \u00e9missions de carbone. Ces innovations cr\u00e9ent collectivement des environnements urbains plus efficaces et durables, permettant aux villes d'\u00e9conomiser de l'argent tout en am\u00e9liorant l'exp\u00e9rience des usagers et en r\u00e9duisant l'impact environnemental.<\/p>\r\n                        <div class=\"d-flex align-items-center gap-3 gap-sm-4 flex-wrap\">\r\n                            <a href='#Interoperability'rel='nofollow'\"\r\n class=\"template-btn primary-btn wow fadeInUp\"\r\n                               data-wow-delay=\"0.4s\">EN SAVOIR PLUS<\/a>\r\n                            <a href=\"https:\/\/safersmartzones.com\" rel=\"nofollow noopener\" target=\"_blank\" class=\"template-btn outline-secondary wow fadeInUp hero-watch-btn\" data-wow-delay=\"0.5s\">APPLICATIONS DE CONTR\u00d4LE <span\r\n                                        class=\"ms-2\">   <\/span><\/a>\r\n                        <\/div>\r\n                    <\/div>\r\n                <\/div>\r\n            <\/div>\r\n        <\/div>\r\n    <\/section>\r\n    <!--call to action end-->\r\n    \r\n        \t\t\t\t<\/div>\n\t\t\t\t<\/div>\n\t\t\t\t\t<\/div>\n\t\t\t\t<\/div>\n\t\t<div class=\"elementor-element elementor-element-d51b548 e-flex e-con-boxed e-con e-parent\" data-id=\"d51b548\" data-element_type=\"container\" data-e-type=\"container\">\n\t\t\t\t\t<div class=\"e-con-inner\">\n\t\t\t\t<div class=\"elementor-element elementor-element-00e4084 elementor-widget elementor-widget-menu-anchor\" data-id=\"00e4084\" data-element_type=\"widget\" data-e-type=\"widget\" data-widget_type=\"menu-anchor.default\">\n\t\t\t\t<div class=\"elementor-widget-container\">\n\t\t\t\t\t\t\t<div class=\"elementor-menu-anchor\" id=\"Interoperability\"><\/div>\n\t\t\t\t\t\t<\/div>\n\t\t\t\t<\/div>\n\t\t\t\t<div class=\"elementor-element elementor-element-569e423 elementor-widget elementor-widget-crete_info_section_two\" data-id=\"569e423\" data-element_type=\"widget\" data-e-type=\"widget\" data-widget_type=\"crete_info_section_two.default\">\n\t\t\t\t<div class=\"elementor-widget-container\">\n\t\t\t\t\t        \r\n            <!--about section start-->\r\n    <section class=\"about-section ptb-100 overflow-hidden\">\r\n        <div class=\"container\">\r\n            <div class=\"row align-items-center g-5\">\r\n                <div class=\"col-xl-6\">\r\n                    <div class=\"about-content-left position-relative\">\r\n                                                    <img decoding=\"async\" src=\"https:\/\/buspas.com\/\/wp-content\/uploads\/2024\/09\/ORA-Highlight-2.png\" alt=\"not found\" class=\"img-fluid\">\r\n                        \r\n\r\n\r\n                                            <\/div>\r\n                <\/div>\r\n                <div class=\"col-xl-6\">\r\n                    <div class=\"about-content-right\">\r\n\r\n                                                    <span class=\"cr-subtitle fw-semibold position-relative primary-text-color wow fadeInUp d-inline-block\">Interop\u00e9rabilit\u00e9<\/span>\r\n                        \r\n                                                    <h2 class=\"mt-4 mb-4 wow fadeInUp crete_info_two_title\"\r\n                                data-wow-delay=\"0.2s\">Augmenter la fr\u00e9quentation, am\u00e9liorer le service et \u00e9largir les                                <span\r\n                                        class=\"primary-text-color primary-bg-light px-2 crete_right_main_title_style_text\">syst\u00e8mes de MaaS qui communiquent entre eux.<\/span>                             <\/h2>\r\n                                                                            <p class=\"mb-32 wow fadeInUp crete_info_two_decription\"\r\n                               data-wow-delay=\"0.3s\">Nous r\u00e9solvons les probl\u00e8mes d'aujourd'hui\u2026 et de demain. Avec des donn\u00e9es robustes, nous veillerons \u00e0 ce que l'infrastructure et les syst\u00e8mes de vos villes soient pr\u00eats <span\r\n                                        class=\"primary-text-color crete_right_decription_style_text\">pour un avenir sans conducteur, avec des robo-taxis, des voies de circulation intelligentes r\u00e9versibles, des zones de d\u00e9pose d\u00e9sign\u00e9es et un contr\u00f4le automatis\u00e9.<\/span>\r\n                            <\/p>\r\n                                                <div class=\"cta-box bg-white rounded-3 theme-shadow\">\r\n                            <div class=\"d-flex gap-3 flex-wrap flex-sm-nowrap\">\r\n                                                                    <span class=\"icon-wrapper primary-bg-light rounded-circle d-flex align-items-center justify-content-center flex-shrink-0\">\r\n                                   <svg aria-hidden=\"true\" class=\"e-font-icon-svg e-fas-check\" viewbox=\"0 0 512 512\" xmlns=\"http:\/\/www.w3.org\/2000\/svg\"><path d=\"M173.898 439.404l-166.4-166.4c-9.997-9.997-9.997-26.206 0-36.204l36.203-36.204c9.997-9.998 26.207-9.998 36.204 0L192 312.69 432.095 72.596c9.997-9.997 26.207-9.997 36.204 0l36.203 36.204c9.997 9.997 9.997 26.206 0 36.204l-294.4 294.401c-9.998 9.997-26.207 9.997-36.204-.001z\"><\/path><\/svg>                                <\/span>\r\n                                                                <div>\r\n                                                                            <h6 class=\"mb-20\">Nous \u00e9quipons les communaut\u00e9s de puissances de traitement de pointe n\u00e9cessaires aux villes intelligentes en 2035.<\/h6>\r\n                                    \r\n                                                                            <p class=\"mb-0\">Alors que la population augmente, les outils ORA permettront \u00e0 votre agence ou municipalit\u00e9 de r\u00e9pondre aux demandes croissantes des usagers, des pi\u00e9tons et des leaders communautaires.<\/p>\r\n                                                                    <\/div>\r\n                            <\/div>\r\n                            <div class=\"d-flex align-items-center gap-4 mt-40 flex-wrap\">\r\n                                                                                            <\/div>\r\n                        <\/div>\r\n                    <\/div>\r\n                <\/div>\r\n            <\/div>\r\n        <\/div>\r\n    <\/section>\r\n    <!--about section end-->\r\n\r\n\r\n            \r\n\r\n        \t\t\t\t<\/div>\n\t\t\t\t<\/div>\n\t\t\t\t\t<\/div>\n\t\t\t\t<\/div>\n\t\t\t\t<\/div>","protected":false},"excerpt":{"rendered":"<p>Vision The ORA platform and our connected collaborative future. The vision is simple &#8212; empower cities by providing better data, solutions and decision-making without prohibitive costs. Our vision is to accelerate the evolution of urban mobility and smart city infrastructure by creating seamless, sustainable urban environments. The vision is simple &#8212; empower cities by providing [&hellip;]<\/p>\n","protected":false},"author":2,"featured_media":0,"parent":0,"menu_order":0,"comment_status":"closed","ping_status":"closed","template":"elementor_header_footer","meta":{"_acf_changed":false,"bg_version":"","footnotes":""},"class_list":["post-3525","page","type-page","status-publish","hentry"],"acf":[],"_links":{"self":[{"href":"https:\/\/buspas.com\/fr\/wp-json\/wp\/v2\/pages\/3525","targetHints":{"allow":["GET"]}}],"collection":[{"href":"https:\/\/buspas.com\/fr\/wp-json\/wp\/v2\/pages"}],"about":[{"href":"https:\/\/buspas.com\/fr\/wp-json\/wp\/v2\/types\/page"}],"author":[{"embeddable":true,"href":"https:\/\/buspas.com\/fr\/wp-json\/wp\/v2\/users\/2"}],"replies":[{"embeddable":true,"href":"https:\/\/buspas.com\/fr\/wp-json\/wp\/v2\/comments?post=3525"}],"version-history":[{"count":0,"href":"https:\/\/buspas.com\/fr\/wp-json\/wp\/v2\/pages\/3525\/revisions"}],"wp:attachment":[{"href":"https:\/\/buspas.com\/fr\/wp-json\/wp\/v2\/media?parent=3525"}],"curies":[{"name":"wp","href":"https:\/\/api.w.org\/{rel}","templated":true}]}}