{"id":2670,"date":"2023-07-30T10:16:22","date_gmt":"2023-07-30T10:16:22","guid":{"rendered":"https:\/\/crete.themepreview.xyz\/home-two\/?page_id=2670"},"modified":"2025-07-31T23:29:24","modified_gmt":"2025-07-31T23:29:24","slug":"about","status":"publish","type":"page","link":"https:\/\/buspas.com\/fr\/about\/","title":{"rendered":"\u00c0 propos"},"content":{"rendered":"<div data-elementor-type=\"wp-page\" data-elementor-id=\"2670\" class=\"elementor elementor-2670\" data-elementor-post-type=\"page\">\n\t\t\t\t<div class=\"elementor-element elementor-element-5d5f43d e-con-full e-flex e-con e-parent\" data-id=\"5d5f43d\" data-element_type=\"container\" data-e-type=\"container\">\n\t\t\t\t<div class=\"elementor-element elementor-element-07c684f elementor-widget elementor-widget-crete_info_section\" data-id=\"07c684f\" data-element_type=\"widget\" data-e-type=\"widget\" data-widget_type=\"crete_info_section.default\">\n\t\t\t\t<div class=\"elementor-widget-container\">\n\t\t\t\t\t    <!--call to action start-->\r\n    <section class=\"hm2-cta-section bg-white ptb-100 overflow-hidden\">\r\n        <div class=\"container\">\r\n            <div class=\"row align-items-center g-5 crete_reverce_info\">\r\n                <div class=\"col-xl-6\">\r\n                    <div class=\"hm2-cta-left position-relative z-1\">\r\n\r\n                        <span class=\"circle-shape position-absolute z--1\"><\/span>\r\n                        <img decoding=\"async\" src=\"https:\/\/buspas.com\/\/wp-content\/uploads\/2024\/09\/ORA-Billboard-Square-3.png\" alt=\"not found\"\r\n                             class=\"img-fluid cta-1 wow fadeInLeft\">\r\n                        <img decoding=\"async\" src=\"https:\/\/buspas.com\/\/wp-content\/uploads\/2024\/09\/BusPas-Square-Social-Templates-8.png\" alt=\"not found\"\r\n                             class=\"img-fluid cta-2 wow fadeInRight\">\r\n                    <\/div>\r\n                <\/div>\r\n                <div class=\"col-xl-6\">\r\n                    <div class=\"hm2-cta-content ps-xl-5\">\r\n                        <span class=\"cr-subtitle position-relative primary-text-color fw-semibold wow fadeInUp d-inline-block\">\u00c0 propos<\/span>\r\n                        <h2 class=\"mt-32 mb-40 wow fadeInUp translation-block\"\r\n                            data-wow-delay=\"0.2s\">Connecter les pierres angulaires des villes intelligentes \u00e0 travers le monde.<\/h2>\r\n                        <p class=\"mb-5 wow fadeInUp\"\r\n                           data-wow-delay=\"0.3s\">Nous consid\u00e9rons les arr\u00eats de bus et d'autres mobiliers urbains comme les fondations de la transformation num\u00e9rique. BusPas d\u00e9veloppe des solutions d'IA, modernise l'infrastructure traditionnelle et cr\u00e9e des applications pour am\u00e9liorer les transports publics, renforcer la s\u00e9curit\u00e9 publique et promouvoir la durabilit\u00e9. Chez BusPas, nous innovons pour offrir des technologies de pointe et des solutions conviviales aux agences de transport et aux municipalit\u00e9s. Avec un accent sur l'int\u00e9gration de l'IA, l'analyse des donn\u00e9es en temps r\u00e9el et l'infrastructure urbaine intelligente, nous sommes un leader dans la technologie des villes intelligentes.<\/p>\r\n                        <div class=\"d-flex align-items-center gap-3 gap-sm-4 flex-wrap\">\r\n                            <a href='https:\/\/buspas.com\/fr\/technology\/'rel='nofollow'\"\r\n class=\"template-btn primary-btn wow fadeInUp\"\r\n                               data-wow-delay=\"0.4s\">COMMENT \u00c7A FONCTIONNE<\/a>\r\n                            <a href=\"https:\/\/www.youtube.com\/watch?v=si7d1ZcOqIo\" class=\"template-btn outline-secondary wow fadeInUp hero-watch-btn\" data-wow-delay=\"0.5s\" target=\"_blank\" rel=\"noopener\">REGARDER <span\r\n                                        class=\"ms-2\">   <\/span><\/a>\r\n                        <\/div>\r\n                    <\/div>\r\n                <\/div>\r\n            <\/div>\r\n        <\/div>\r\n    <\/section>\r\n    <!--call to action end-->\r\n    \r\n        \t\t\t\t<\/div>\n\t\t\t\t<\/div>\n\t\t\t\t<\/div>\n\t\t<div class=\"elementor-element elementor-element-a71a2f6 e-con-full e-flex e-con e-parent\" data-id=\"a71a2f6\" data-element_type=\"container\" data-e-type=\"container\">\n\t\t\t\t<div class=\"elementor-element elementor-element-3ecebc6 elementor-widget elementor-widget-crete_service_grid\" data-id=\"3ecebc6\" data-element_type=\"widget\" data-e-type=\"widget\" data-widget_type=\"crete_service_grid.default\">\n\t\t\t\t<div class=\"elementor-widget-container\">\n\t\t\t\t\t    <!--brand & service start-->\r\n    <section class=\"service-section cr2-brand-n-service bg-light-white position-relative z-1 overflow-hidden\">\r\n                    <span class=\"circle-shape-1 rounded-circle position-absolute z--1\"><\/span>\r\n        <span class=\"circle-shape-2 rounded-circle position-absolute z--1\"><\/span>\r\n       \r\n                        <img decoding=\"async\" src=\"https:\/\/crete.themepreview.xyz\/home-one\/wp-content\/uploads\/sites\/2\/2023\/07\/net-vector-2.png\" class=\"position-absolute net-vector top-0 end-0 z--1 w-100\" alt=\"vector\">\r\n                        <div class=\"hm2-service-section pb-100 overflow-hidden\">\r\n\r\n            <div class=\"container pt-100 position-relative z-1\">\r\n\r\n                <div class=\"row justify-content-center\">\r\n                    <div class=\"col-xl-5\">\r\n                        <div class=\"text-center\">\r\n                            <span class=\"cr-subtitle position-relative primary-text-color fw-semibold wow fadeInUp d-inline-block\">Innovation<\/span>\r\n                            <h2 class=\"mb-0 mt-4 wow fadeInUp crete_searvice_top_title_text\">Competitive <span class=\"primary-bg-light primary-text-color px-2\">Edge<\/span><\/h2>\r\n                        <\/div>\r\n                    <\/div>\r\n                <\/div>\r\n                <div class=\"hm2-service-slider slider-spacing mt-60\">\r\n                \r\n                        <div class=\"hm2-service-box\">\r\n                        <span class=\"icon-wrapper\">\r\n                            <img decoding=\"async\" src=\"https:\/\/buspas.com\/\/wp-content\/uploads\/2024\/07\/Font-Right.png\" alt=\"icon\" class=\"img-fluid\">\r\n                        <\/span>\r\n                            <h6 class=\"mt-32\">Retour sur investissement plus rapide<\/h6>\r\n                            <p class=\"mb-32 mt-4 fw-medium\"><p><strong><span class=\"OYPEnA font-feature-liga-off font-feature-clig-off font-feature-calt-off text-decoration-none text-strikethrough-none\">Exploiter les contrats existants pour acc\u00e9l\u00e9rer la mise en \u0153uvre.<\/span><\/strong><\/p><p><span class=\"OYPEnA font-feature-liga-off font-feature-clig-off font-feature-calt-off text-decoration-none text-strikethrough-none\">Nous acc\u00e9derons et am\u00e9liorerons l\u2019infrastructure en nous basant sur des contrats en vigueur. Il n\u2019est pas n\u00e9cessaire de nouvelles l\u00e9gislations ou d\u2019un appel d\u2019offres. Les sites, permis et approbations sont d\u00e9j\u00e0 en place. Nous pouvons effectuer les mises \u00e0 niveau et installations via un m\u00e9canisme d\u2019entretien r\u00e9gulier.<\/span><\/p><\/p>\r\n                            <a href=\"https:\/\/buspas.com\/fr\/contact\/\" class=\"explore-btn\">\r\n                                Commencer                                 <span class=\"ms-2\">\r\n                                                           <\/span>\r\n                            <\/a>\r\n                        <\/div>\r\n\r\n\r\n                \r\n                        <div class=\"hm2-service-box\">\r\n                        <span class=\"icon-wrapper\">\r\n                            <img decoding=\"async\" src=\"https:\/\/buspas.com\/\/wp-content\/uploads\/2024\/09\/Gold-Keys.H03.2k-e1725296451344.png\" alt=\"icon\" class=\"img-fluid\">\r\n                        <\/span>\r\n                            <h6 class=\"mt-32\">Facilit\u00e9 d\u2019utilisation<\/h6>\r\n                            <p class=\"mb-32 mt-4 fw-medium\"><p class=\"cvGsUA direction-ltr align-start para-style-body\"><strong><span class=\"OYPEnA font-feature-liga-off font-feature-clig-off font-feature-calt-off text-decoration-none text-strikethrough-none\">Fournir une interface utilisateur\/exp\u00e9rience utilisateur avanc\u00e9e pour une transparence sans pr\u00e9c\u00e9dent.<\/span><\/strong><\/p><p class=\"cvGsUA direction-ltr align-start para-style-body\"><span class=\"OYPEnA font-feature-liga-off font-feature-clig-off font-feature-calt-off text-decoration-none text-strikethrough-none\">Nos partenaires peuvent auditer, examiner et ex\u00e9cuter des mod\u00e8les via <\/span><span class=\"OYPEnA font-feature-liga-off font-feature-clig-off font-feature-calt-off text-decoration-none text-strikethrough-none\">ORA<\/span><span class=\"OYPEnA font-feature-liga-off font-feature-clig-off font-feature-calt-off text-decoration-none text-strikethrough-none\"> before, during, and after program implementation. Turnkey programs come with advanced data-visualization, realtime analytics, apps and AI-powered recommendations.<\/span><\/p><\/p>\r\n                            <a href=\"https:\/\/buspas.com\/fr\/contact\/\" class=\"explore-btn\">\r\n                                Commencer                                 <span class=\"ms-2\">\r\n                                                           <\/span>\r\n                            <\/a>\r\n                        <\/div>\r\n\r\n\r\n                \r\n                        <div class=\"hm2-service-box\">\r\n                        <span class=\"icon-wrapper\">\r\n                            <img decoding=\"async\" src=\"https:\/\/buspas.com\/\/wp-content\/uploads\/2024\/07\/Front-Left-2.png\" alt=\"icon\" class=\"img-fluid\">\r\n                        <\/span>\r\n                            <h6 class=\"mt-32\">Moteur de revenus<\/h6>\r\n                            <p class=\"mb-32 mt-4 fw-medium\"><p class=\"cvGsUA direction-ltr align-start para-style-body\"><strong><span class=\"OYPEnA font-feature-liga-off font-feature-clig-off font-feature-calt-off text-decoration-none text-strikethrough-none\">Fournir de nouveaux revenus aux partenaires gr\u00e2ce \u00e0 l'application des r\u00e8gles.<\/span><\/strong><\/p><p class=\"cvGsUA direction-ltr align-start para-style-body\"><span class=\"OYPEnA font-feature-liga-off font-feature-clig-off font-feature-calt-off text-decoration-none text-strikethrough-none\">Nos partenaires peuvent d\u00e9sormais travailler en dehors des contraintes budg\u00e9taires gr\u00e2ce \u00e0 de nouveaux revenus. En utilisant notre... <\/span><span class=\"OYPEnA font-feature-liga-off font-feature-clig-off font-feature-calt-off text-decoration-none text-strikethrough-none\">SaferSmart Zones\u2122<\/span><span class=\"OYPEnA font-feature-liga-off font-feature-clig-off font-feature-calt-off text-decoration-none text-strikethrough-none\"> Avec le programme d'application des r\u00e8gles, les villes et leurs parties prenantes n'auront pas besoin de budgets suppl\u00e9mentaires pour faire fonctionner un programme. Les contrevenants aux r\u00e8glements financeront les mises \u00e0 niveau et l'entretien.<\/span><\/p><\/p>\r\n                            <a href=\"https:\/\/buspas.com\/fr\/contact\/\" class=\"explore-btn\">\r\n                                Commencer                                 <span class=\"ms-2\">\r\n                                                           <\/span>\r\n                            <\/a>\r\n                        <\/div>\r\n\r\n\r\n                \r\n                        <div class=\"hm2-service-box\">\r\n                        <span class=\"icon-wrapper\">\r\n                            <img decoding=\"async\" src=\"https:\/\/crete.themepreview.xyz\/home-one\/wp-content\/uploads\/sites\/2\/2023\/07\/icon-4.svg\" alt=\"icon\" class=\"img-fluid\">\r\n                        <\/span>\r\n                            <h6 class=\"mt-32\">IA collaborative<\/h6>\r\n                            <p class=\"mb-32 mt-4 fw-medium\"><p class=\"cvGsUA direction-ltr align-start para-style-body\"><strong><span class=\"OYPEnA font-feature-liga-off font-feature-clig-off font-feature-calt-off text-decoration-none text-strikethrough-none\">L'IA + ORA rend l'acc\u00e8s aux donn\u00e9es fluide et l'innovation in\u00e9vitable.<\/span><\/strong><\/p><p class=\"cvGsUA direction-ltr align-start para-style-body\"><span class=\"OYPEnA font-feature-liga-off font-feature-clig-off font-feature-calt-off text-decoration-none text-strikethrough-none\">Avec des arr\u00eats de bus modernis\u00e9s et une infrastructure de ville intelligente en place, nous pouvons offrir un acc\u00e8s sans pr\u00e9c\u00e9dent aux donn\u00e9es. Nous invitons des entrepreneurs et des d\u00e9veloppeurs inspir\u00e9s \u00e0 cr\u00e9er des applications qui permettront de...<\/span> <span class=\"OYPEnA font-feature-liga-off font-feature-clig-off font-feature-calt-off text-decoration-none text-strikethrough-none\">r\u00e9soudre des probl\u00e8mes et propulser les villes intelligentes.<\/span><\/p><\/p>\r\n                            <a href=\"https:\/\/buspas.com\/fr\/contact\/\" class=\"explore-btn\">\r\n                                Commencer                                 <span class=\"ms-2\">\r\n                                                           <\/span>\r\n                            <\/a>\r\n                        <\/div>\r\n\r\n\r\n                \r\n                        <div class=\"hm2-service-box\">\r\n                        <span class=\"icon-wrapper\">\r\n                            <img decoding=\"async\" src=\"https:\/\/buspas.com\/\/wp-content\/uploads\/2024\/09\/Sun-Icon.H03.2k.png\" alt=\"icon\" class=\"img-fluid\">\r\n                        <\/span>\r\n                            <h6 class=\"mt-32\">Capable de fonctionner \u00e0 l'\u00e9nergie solaire<\/h6>\r\n                            <p class=\"mb-32 mt-4 fw-medium\"><p class=\"cvGsUA direction-ltr align-start para-style-body\"><strong><span class=\"OYPEnA font-feature-liga-off font-feature-clig-off font-feature-calt-off text-decoration-none text-strikethrough-none\">Offrir une solution hors r\u00e9seau<\/span> <span class=\"OYPEnA font-feature-liga-off font-feature-clig-off font-feature-calt-off text-decoration-none text-strikethrough-none\">compatible avec l'\u00e9nergie solaire <\/span><span class=\"OYPEnA font-feature-liga-off font-feature-clig-off font-feature-calt-off text-decoration-none text-strikethrough-none\">solution \u00e9nerg\u00e9tique.<\/span><\/strong><\/p><p class=\"cvGsUA direction-ltr align-start para-style-body\"><span class=\"OYPEnA font-feature-liga-off font-feature-clig-off font-feature-calt-off text-decoration-none text-strikethrough-none\">Nous minimiserons la d\u00e9pendance au r\u00e9seau en ajoutant des panneaux solaires.<\/span> <span class=\"OYPEnA font-feature-liga-off font-feature-clig-off font-feature-calt-off text-decoration-none text-strikethrough-none\">L'unit\u00e9 sera principalement aliment\u00e9e par des panneaux solaires qui fonctionnent jour et nuit pendant<\/span> <span class=\"OYPEnA font-feature-liga-off font-feature-clig-off font-feature-calt-off text-decoration-none text-strikethrough-none\">\u00e9t\u00e9 et hiver.<\/span><\/p><\/p>\r\n                            <a href=\"https:\/\/buspas.com\/fr\/contact\/\" class=\"explore-btn\">\r\n                                Commencer                                 <span class=\"ms-2\">\r\n                                                           <\/span>\r\n                            <\/a>\r\n                        <\/div>\r\n\r\n\r\n                                <\/div>\r\n            <\/div>\r\n        <\/div>\r\n    <\/section>\r\n    <!--brand & service end-->\r\n    \r\n\r\n\r\n        \t\t\t\t<\/div>\n\t\t\t\t<\/div>\n\t\t\t\t<\/div>\n\t\t<div class=\"elementor-element elementor-element-20c3b8f e-flex e-con-boxed e-con e-parent\" data-id=\"20c3b8f\" data-element_type=\"container\" data-e-type=\"container\">\n\t\t\t\t\t<div class=\"e-con-inner\">\n\t\t\t\t<div class=\"elementor-element elementor-element-c9cebfc elementor-widget elementor-widget-crete_info_section\" data-id=\"c9cebfc\" data-element_type=\"widget\" data-e-type=\"widget\" data-widget_type=\"crete_info_section.default\">\n\t\t\t\t<div class=\"elementor-widget-container\">\n\t\t\t\t\t    <!--exp section start-->\r\n    <section class=\"exp-section ptb-100 overflow-hidden\">\r\n        <div class=\"container\">\r\n            <div class=\"row g-5 align-items-center\">\r\n                <div class=\"col-xl-6 col-lg-6\">\r\n                    <div class=\"image-wrapper\">\r\n\r\n                                                    <img decoding=\"async\" src=\"https:\/\/buspas.com\/\/wp-content\/uploads\/2024\/09\/Value-Prop.png\" alt=\"about\"\r\n                                 class=\"img-fluid rounded-4\">\r\n                                            <\/div>\r\n                <\/div>\r\n                <div class=\"col-xl-6 col-lg-6\">\r\n                    <div class=\"exp-content-right\">\r\n                        <span class=\"cr-subtitle fw-semibold primary-text-color position-relative wow fadeInUp d-inline-block\">Solutions<\/span>\r\n\r\n                        <h2 class=\"mb-5 mt-4 wow fadeInUp\"\r\n                            data-wow-delay=\"0.2s\">A new affordable approach to <span\r\n                                    class=\"primary-text-color primary-bg-light px-2\">data solutions.<\/span>\r\n                        <\/h2>\r\n                        <p class=\"mb-40 wow fadeInUp\"\r\n                           data-wow-delay=\"0.3s\">\nBusPas r\u00e9duit le co\u00fbt prohibitif de l'acc\u00e8s aux donn\u00e9es en favorisant des collaborations strat\u00e9giques et en tirant parti d'infrastructures partag\u00e9es. Gr\u00e2ce \u00e0 ces partenariats, les villes peuvent acc\u00e9der \u00e0 des technologies avanc\u00e9es et \u00e0 des services de donn\u00e9es complets \u00e0 un co\u00fbt nettement inf\u00e9rieur, rendant ainsi les solutions de villes intelligentes plus abordables et accessibles. <span\r\n                                    class=\"primary-text-color fw-semibold\"><\/span>\r\n                        <\/p>\r\n                        <div class=\"d-flex align-items-center gap-3 gap-sm-4 flex-wrap\">\r\n\r\n                            <a href=\"https:\/\/buspas.com\/fr\/use-cases\/\" class=\"template-btn primary-btn wow fadeInUp\" data-wow-delay=\"0.2s\">En savoir plus<\/a>\r\n                            <a href=\"https:\/\/buspas.com\/fr\/contact\/\" class=\"template-btn  outline-secondary wow fadeInUp\" data-wow-delay=\"0.3s\">Commencer <span\r\n                                        class=\"ms-2\"><i class=\"fas fa-arrow-right\"><\/i><\/span><\/a>\r\n                        <\/div>\r\n                    <\/div>\r\n                <\/div>\r\n            <\/div>\r\n        <\/div>\r\n    <\/section>\r\n    <!--expt section end-->\r\n    \r\n        \t\t\t\t<\/div>\n\t\t\t\t<\/div>\n\t\t\t\t\t<\/div>\n\t\t\t\t<\/div>\n\t\t<div class=\"elementor-element elementor-element-cb4f42a e-flex e-con-boxed e-con e-parent\" data-id=\"cb4f42a\" data-element_type=\"container\" data-e-type=\"container\">\n\t\t\t\t\t<div class=\"e-con-inner\">\n\t\t\t\t<div class=\"elementor-element elementor-element-eb44f5a elementor-widget elementor-widget-spacer\" data-id=\"eb44f5a\" data-element_type=\"widget\" data-e-type=\"widget\" data-widget_type=\"spacer.default\">\n\t\t\t\t<div class=\"elementor-widget-container\">\n\t\t\t\t\t\t\t<div class=\"elementor-spacer\">\n\t\t\t<div class=\"elementor-spacer-inner\"><\/div>\n\t\t<\/div>\n\t\t\t\t\t\t<\/div>\n\t\t\t\t<\/div>\n\t\t\t\t<div class=\"elementor-element elementor-element-25918c8 elementor-widget elementor-widget-crete-video-box\" data-id=\"25918c8\" data-element_type=\"widget\" data-e-type=\"widget\" data-widget_type=\"crete-video-box.default\">\n\t\t\t\t<div class=\"elementor-widget-container\">\n\t\t\t\t\t        <!--video box start-->\n        <section class=\"hm2-video-section\">\n            <div class=\"container custom_container_width\">\n                <div class=\"hm2-video-box d-flex align-items-center justify-content-between theme-shadow position-relative z-1 overflow-hidden gap-5 flex-wrap\">\n                                            <img decoding=\"async\" src=\"https:\/\/buspas.com\/\/wp-content\/uploads\/2023\/08\/curve-shape.png\" alt=\"curve shape\" class=\"position-absolute curve-shape z--1\">\n                                        <div class=\"content-left d-flex align-items-center gap-4 flex-wrap flex-md-nowrap\">\n                                                    <a href=\"https:\/\/buspas.com\/fr\/contact\/\" class=\"video-popup-btn ripple-effect\"><i class=\"fas fa-play\"><\/i><\/a>\n                                                <div>\n                                                            <h3 class=\"mb-2 crete__video_box-heading\">Lancez un projet pilote BusPas dans votre ville.<\/h3>\n                                                                                        <p class=\"mb-0 lead crete__video_box-info\">D\u00e9couvrez les avantages d'un transport et d'une planification urbaine bas\u00e9s sur les donn\u00e9es et l'IA. <\/p>\n                                                    <\/div>\n                    <\/div>\n                                            <a href=\"https:\/\/buspas.com\/fr\/contact\/\" class=\"template-btn primary-btn\">CONTACTEZ-NOUS<\/a>\n                                    <\/div>\n            <\/div>\n        <\/section>\n        <!--video box end-->\n        \t\t\t\t<\/div>\n\t\t\t\t<\/div>\n\t\t\t\t<div class=\"elementor-element elementor-element-a209653 elementor-widget elementor-widget-spacer\" data-id=\"a209653\" data-element_type=\"widget\" data-e-type=\"widget\" data-widget_type=\"spacer.default\">\n\t\t\t\t<div class=\"elementor-widget-container\">\n\t\t\t\t\t\t\t<div class=\"elementor-spacer\">\n\t\t\t<div class=\"elementor-spacer-inner\"><\/div>\n\t\t<\/div>\n\t\t\t\t\t\t<\/div>\n\t\t\t\t<\/div>\n\t\t\t\t\t<\/div>\n\t\t\t\t<\/div>\n\t\t\t\t<\/div>","protected":false},"excerpt":{"rendered":"<p>About Connecting the cornerstones for smart cities around the world. We see bus stops and other urban furniture as the building blocks for digital transformation. BusPas develops AI, augments traditional infrastructure and builds applications to improve public transit, enhance public safety, and promote sustainability. At BusPas, we innovate to offer cutting-edge technology and user-friendly solutions [&hellip;]<\/p>\n","protected":false},"author":2,"featured_media":0,"parent":0,"menu_order":0,"comment_status":"closed","ping_status":"closed","template":"elementor_header_footer","meta":{"_acf_changed":false,"bg_version":"","footnotes":""},"class_list":["post-2670","page","type-page","status-publish","hentry"],"acf":[],"_links":{"self":[{"href":"https:\/\/buspas.com\/fr\/wp-json\/wp\/v2\/pages\/2670","targetHints":{"allow":["GET"]}}],"collection":[{"href":"https:\/\/buspas.com\/fr\/wp-json\/wp\/v2\/pages"}],"about":[{"href":"https:\/\/buspas.com\/fr\/wp-json\/wp\/v2\/types\/page"}],"author":[{"embeddable":true,"href":"https:\/\/buspas.com\/fr\/wp-json\/wp\/v2\/users\/2"}],"replies":[{"embeddable":true,"href":"https:\/\/buspas.com\/fr\/wp-json\/wp\/v2\/comments?post=2670"}],"version-history":[{"count":1,"href":"https:\/\/buspas.com\/fr\/wp-json\/wp\/v2\/pages\/2670\/revisions"}],"predecessor-version":[{"id":10389,"href":"https:\/\/buspas.com\/fr\/wp-json\/wp\/v2\/pages\/2670\/revisions\/10389"}],"wp:attachment":[{"href":"https:\/\/buspas.com\/fr\/wp-json\/wp\/v2\/media?parent=2670"}],"curies":[{"name":"wp","href":"https:\/\/api.w.org\/{rel}","templated":true}]}}