{"id":7040,"date":"2025-08-20T22:43:19","date_gmt":"2025-08-20T22:43:19","guid":{"rendered":"https:\/\/buspas.com\/?page_id=7040"},"modified":"2025-08-29T00:02:02","modified_gmt":"2025-08-29T00:02:02","slug":"drets","status":"publish","type":"page","link":"https:\/\/buspas.com\/es\/information\/barcelona\/drets\/","title":{"rendered":"Drets"},"content":{"rendered":"\t\t<div data-elementor-type=\"wp-page\" data-elementor-id=\"7040\" class=\"elementor elementor-7040\" data-elementor-post-type=\"page\">\n\t\t\t\t<div class=\"elementor-element elementor-element-62f11d1 e-flex e-con-boxed e-con e-parent\" data-id=\"62f11d1\" data-element_type=\"container\" data-e-type=\"container\">\n\t\t\t\t\t<div class=\"e-con-inner\">\n\t\t\t\t<div class=\"elementor-element elementor-element-b0a6cb4 elementor-widget elementor-widget-crete-video-box\" data-id=\"b0a6cb4\" data-element_type=\"widget\" data-e-type=\"widget\" data-widget_type=\"crete-video-box.default\">\n\t\t\t\t<div class=\"elementor-widget-container\">\n\t\t\t\t\t        <!--video box start-->\n        <section class=\"hm2-video-section\">\n            <div class=\"container custom_container_width\">\n                <div class=\"hm2-video-box d-flex align-items-center justify-content-between theme-shadow position-relative z-1 overflow-hidden gap-5 flex-wrap\">\n                                            <img decoding=\"async\" src=\"https:\/\/buspas.com\/\/wp-content\/uploads\/2023\/08\/curve-shape.png\" alt=\"curve shape\" class=\"position-absolute curve-shape z--1\">\n                                        <div class=\"content-left d-flex align-items-center gap-4 flex-wrap flex-md-nowrap\">\n                                                <div>\n                                                            <h3 class=\"mb-2 crete__video_box-heading\">Drets<\/h3>\n                                                                                        <p class=\"mb-0 lead crete__video_box-info\"><u>Podeu exercir el vostre dret a rebre informaci\u00f3 sobre el tractament de dades davant\nBusPas<\/u>\na trav\u00e9s del correu electr\u00f2nic [contact@buspas.com] o del formulari de\ncontacte al nostre web.\nEn el marc d\u2019aquest projecte pilot, no es tracten dades personals identificables:\n\u00fanicament es realitza un recompte autom\u00e0tic i anonimitzat de persones, vehicles i\nbicicletes.<\/p>\n                                                    <\/div>\n                    <\/div>\n                                            <a href=\"https:\/\/buspas.com\/contact\/\" class=\"template-btn primary-btn\">CONTACT US<\/a>\n                                    <\/div>\n            <\/div>\n        <\/section>\n        <!--video box end-->\n        \t\t\t\t<\/div>\n\t\t\t\t<\/div>\n\t\t\t\t<div class=\"elementor-element elementor-element-97aa0e7 elementor-widget elementor-widget-spacer\" data-id=\"97aa0e7\" data-element_type=\"widget\" data-e-type=\"widget\" data-widget_type=\"spacer.default\">\n\t\t\t\t<div class=\"elementor-widget-container\">\n\t\t\t\t\t\t\t<div class=\"elementor-spacer\">\n\t\t\t<div class=\"elementor-spacer-inner\"><\/div>\n\t\t<\/div>\n\t\t\t\t\t\t<\/div>\n\t\t\t\t<\/div>\n\t\t\t\t\t<\/div>\n\t\t\t\t<\/div>\n\t\t<div class=\"elementor-element elementor-element-0592b97 hide-es e-flex e-con-boxed e-con e-parent\" data-id=\"0592b97\" data-element_type=\"container\" data-e-type=\"container\">\n\t\t\t\t\t<div class=\"e-con-inner\">\n\t\t\t\t<div class=\"elementor-element elementor-element-711fa82 elementor-widget elementor-widget-crete-video-box\" data-id=\"711fa82\" data-element_type=\"widget\" data-e-type=\"widget\" data-widget_type=\"crete-video-box.default\">\n\t\t\t\t<div class=\"elementor-widget-container\">\n\t\t\t\t\t        <!--video box start-->\n        <section class=\"hm2-video-section\">\n            <div class=\"container custom_container_width\">\n                <div class=\"hm2-video-box d-flex align-items-center justify-content-between theme-shadow position-relative z-1 overflow-hidden gap-5 flex-wrap\">\n                                            <img decoding=\"async\" src=\"https:\/\/buspas.com\/\/wp-content\/uploads\/2023\/08\/curve-shape.png\" alt=\"curve shape\" class=\"position-absolute curve-shape z--1\">\n                                        <div class=\"content-left d-flex align-items-center gap-4 flex-wrap flex-md-nowrap\">\n                                                <div>\n                                                            <h3 class=\"mb-2 crete__video_box-heading\">Derechos<\/h3>\n                                                                                        <p class=\"mb-0 lead crete__video_box-info\"><u>Puede ejercer su derecho a recibir informaci\u00f3n sobre el tratamiento de datos ante\nBusPas<\/u> a trav\u00e9s del correo electr\u00f3nico [contact@buspas.com] o del formulario de\ncontacto en nuestro sitio web.\nEn el marco de este proyecto piloto, no se tratan datos personales identificables:\n\u00fanicamente se realiza un conteo autom\u00e1tico y anonimizado de personas, veh\u00edculos y\nbicicletas.<\/p>\n                                                    <\/div>\n                    <\/div>\n                                            <a href=\"https:\/\/buspas.com\/contact\/\" class=\"template-btn primary-btn\">CONT\u00c1CTANOS<\/a>\n                                    <\/div>\n            <\/div>\n        <\/section>\n        <!--video box end-->\n        \t\t\t\t<\/div>\n\t\t\t\t<\/div>\n\t\t\t\t<div class=\"elementor-element elementor-element-da189f5 elementor-widget elementor-widget-spacer\" data-id=\"da189f5\" data-element_type=\"widget\" data-e-type=\"widget\" data-widget_type=\"spacer.default\">\n\t\t\t\t<div class=\"elementor-widget-container\">\n\t\t\t\t\t\t\t<div class=\"elementor-spacer\">\n\t\t\t<div class=\"elementor-spacer-inner\"><\/div>\n\t\t<\/div>\n\t\t\t\t\t\t<\/div>\n\t\t\t\t<\/div>\n\t\t\t\t\t<\/div>\n\t\t\t\t<\/div>\n\t\t<div class=\"elementor-element elementor-element-f8ada1e e-flex e-con-boxed e-con e-parent\" data-id=\"f8ada1e\" data-element_type=\"container\" data-e-type=\"container\">\n\t\t\t\t\t<div class=\"e-con-inner\">\n\t\t\t\t<div class=\"elementor-element elementor-element-e9ab93a elementor-widget elementor-widget-crete-video-box\" data-id=\"e9ab93a\" data-element_type=\"widget\" data-e-type=\"widget\" data-widget_type=\"crete-video-box.default\">\n\t\t\t\t<div class=\"elementor-widget-container\">\n\t\t\t\t\t        <!--video box start-->\n        <section class=\"hm2-video-section\">\n            <div class=\"container custom_container_width\">\n                <div class=\"hm2-video-box d-flex align-items-center justify-content-between theme-shadow position-relative z-1 overflow-hidden gap-5 flex-wrap\">\n                                            <img decoding=\"async\" src=\"https:\/\/buspas.com\/\/wp-content\/uploads\/2023\/08\/curve-shape.png\" alt=\"curve shape\" class=\"position-absolute curve-shape z--1\">\n                                        <div class=\"content-left d-flex align-items-center gap-4 flex-wrap flex-md-nowrap\">\n                                                <div>\n                                                            <h3 class=\"mb-2 crete__video_box-heading\">Rights<\/h3>\n                                                                                        <p class=\"mb-0 lead crete__video_box-info\"><u>You can exercise your right to be informed about data processing by contacting BusPas<\/u>\nvia email at [contact@buspas.com] or through the contact form available on our\nwebsite.\nIn the context of this pilot project, no identifiable personal data is processed: only\nautomated and anonymised counting of people, vehicles, and bicycles is carried out.<\/p>\n                                                    <\/div>\n                    <\/div>\n                                            <a href=\"https:\/\/buspas.com\/contact\/\" class=\"template-btn primary-btn\">CONTACT US<\/a>\n                                    <\/div>\n            <\/div>\n        <\/section>\n        <!--video box end-->\n        \t\t\t\t<\/div>\n\t\t\t\t<\/div>\n\t\t\t\t<div class=\"elementor-element elementor-element-a1e59b6 elementor-widget elementor-widget-spacer\" data-id=\"a1e59b6\" data-element_type=\"widget\" data-e-type=\"widget\" data-widget_type=\"spacer.default\">\n\t\t\t\t<div class=\"elementor-widget-container\">\n\t\t\t\t\t\t\t<div class=\"elementor-spacer\">\n\t\t\t<div class=\"elementor-spacer-inner\"><\/div>\n\t\t<\/div>\n\t\t\t\t\t\t<\/div>\n\t\t\t\t<\/div>\n\t\t\t\t\t<\/div>\n\t\t\t\t<\/div>\n\t\t\t\t<\/div>\n\t\t","protected":false},"excerpt":{"rendered":"<p>Drets Podeu exercir el vostre dret a rebre informaci\u00f3 sobre el tractament de dades davant BusPas a trav\u00e9s del correu electr\u00f2nic [contact@buspas.com] o del formulari de contacte al nostre web. En el marc d\u2019aquest projecte pilot, no es tracten dades personals identificables: \u00fanicament es realitza un recompte autom\u00e0tic i anonimitzat de persones, vehicles i bicicletes. [&hellip;]<\/p>\n","protected":false},"author":6,"featured_media":0,"parent":6906,"menu_order":0,"comment_status":"closed","ping_status":"closed","template":"elementor_header_footer","meta":{"_acf_changed":false,"bg_version":"","footnotes":""},"class_list":["post-7040","page","type-page","status-publish","hentry"],"acf":[],"_links":{"self":[{"href":"https:\/\/buspas.com\/es\/wp-json\/wp\/v2\/pages\/7040","targetHints":{"allow":["GET"]}}],"collection":[{"href":"https:\/\/buspas.com\/es\/wp-json\/wp\/v2\/pages"}],"about":[{"href":"https:\/\/buspas.com\/es\/wp-json\/wp\/v2\/types\/page"}],"author":[{"embeddable":true,"href":"https:\/\/buspas.com\/es\/wp-json\/wp\/v2\/users\/6"}],"replies":[{"embeddable":true,"href":"https:\/\/buspas.com\/es\/wp-json\/wp\/v2\/comments?post=7040"}],"version-history":[{"count":0,"href":"https:\/\/buspas.com\/es\/wp-json\/wp\/v2\/pages\/7040\/revisions"}],"up":[{"embeddable":true,"href":"https:\/\/buspas.com\/es\/wp-json\/wp\/v2\/pages\/6906"}],"wp:attachment":[{"href":"https:\/\/buspas.com\/es\/wp-json\/wp\/v2\/media?parent=7040"}],"curies":[{"name":"wp","href":"https:\/\/api.w.org\/{rel}","templated":true}]}}