{"id":4533,"date":"2024-09-16T17:59:00","date_gmt":"2024-09-16T17:59:00","guid":{"rendered":"https:\/\/4hh.9e1.mytemp.website\/?page_id=4533"},"modified":"2024-09-17T19:03:11","modified_gmt":"2024-09-17T19:03:11","slug":"technical-specifications","status":"publish","type":"page","link":"https:\/\/buspas.com\/es\/technical-specifications\/","title":{"rendered":"Especificaciones T\u00e9cnicas"},"content":{"rendered":"<div data-elementor-type=\"wp-page\" data-elementor-id=\"4533\" class=\"elementor elementor-4533\" data-elementor-post-type=\"page\">\n\t\t\t\t<div class=\"elementor-element elementor-element-454a950 e-flex e-con-boxed e-con e-parent\" data-id=\"454a950\" data-element_type=\"container\" data-e-type=\"container\">\n\t\t\t\t\t<div class=\"e-con-inner\">\n\t\t\t\t<div class=\"elementor-element elementor-element-603100c elementor-widget elementor-widget-crete_team_promo\" data-id=\"603100c\" data-element_type=\"widget\" data-e-type=\"widget\" data-widget_type=\"crete_team_promo.default\">\n\t\t\t\t<div class=\"elementor-widget-container\">\n\t\t\t\t\t        <div class=\"cr-service-section\">\n            <div class=\"container-1660 custom_container_width\">\n                <div class=\"cr-service-box bg-white rounded-top position-relative z-1\">\n                    <div class=\"row\">\n                        <div class=\"col-xl-6 align-self-end order-2 order-xl-1\">\n                            <div class=\"position-relative z-1\">\n                                                                    <img decoding=\"async\" src=\"https:\/\/buspas.com\/\/wp-content\/uploads\/2024\/09\/14-1.png\" alt=\"girl\" class=\"img-fluid\">\n                                \n                                                                    <img decoding=\"async\" src=\"https:\/\/buspas.com\/\/wp-content\/uploads\/2024\/09\/BusPas-Square-Social-Templates-6-e1725341279263.png\" alt=\"shape-image\" class=\"position-absolute start-50 bottom-0 translate-middle-x z--1 img-fluid\">\n                                \n                            <\/div>\n                        <\/div>\n                        <div class=\"col-xl-6 order-1 order-xl-2\">\n                            <div class=\"cr-content-right ps-xl-4\">\n                                                                    <span class=\"cr-subtitle position-relative fw-semibold primary-text-color wow fadeInUp\">Especificaciones T\u00e9cnicas<\/span>\n                                                                                                    <h2 class=\"mt-4 mb-32 wow fadeInUp crete__section_heading translation-block\" data-wow-delay=\"0.1s\">Los detalles que nos mantienen <span class=\"primary-bg-light primary-text-color crete__section-special-heading\">conectados.<\/span><\/h2>\n                                \n                                                                    <p class=\"mb-5 wow fadeInUp crete__section_description\" data-wow-delay=\"0.3s\">Despl\u00e1cese hacia abajo para ver los componentes de nuestra parada de autob\u00fas inteligente.<\/p>\n                                                                                                    <div class=\"cr-icon-box d-flex gap-3 flex-wrap flex-sm-nowrap wow fadeInUp\" data-wow-delay=\"0.1s\">\n                                    <span class=\"icon-wrapper d-inline-flex align-items-center justify-content-center primary-text-color rounded-circle flex-shrink-0\">\n                                        <i aria-hidden=\"true\" class=\"isax icon-building-4\"><\/i>                                    <\/span>\n                                        <div>\n                                                                                            <h6 class=\"mb-3\">Se\u00f1alizaci\u00f3n<\/h6>\n                                                                                                                                        <p class=\"mb-0\">para comunicaciones conformes con la ADA, personalizaci\u00f3n completa y asistencia de servicio de emergencia.<\/p>\n                                                                                    <\/div>\n                                    <\/div>\n                                                                    <div class=\"cr-icon-box d-flex gap-3 flex-wrap flex-sm-nowrap wow fadeInUp mt-32\" data-wow-delay=\"0.2s\">\n                                    <span class=\"icon-wrapper d-inline-flex align-items-center justify-content-center primary-text-color rounded-circle flex-shrink-0\">\n                                        <i aria-hidden=\"true\" class=\"isax icon-people\"><\/i>                                    <\/span>\n                                        <div>\n                                                                                            <h6 class=\"mb-3\">Sensores<\/h6>\n                                                                                                                                        <p class=\"mb-0\">para an\u00e1lisis de embarque de pasajeros, recuento de personas, comunicaciones, condiciones ambientales y an\u00e1lisis audiovisual de IA.<\/p>\n                                                                                    <\/div>\n                                    <\/div>\n                                                                    <div class=\"cr-icon-box d-flex gap-3 flex-wrap flex-sm-nowrap wow fadeInUp mt-32\" data-wow-delay=\"0.3s\">\n                                    <span class=\"icon-wrapper d-inline-flex align-items-center justify-content-center primary-text-color rounded-circle flex-shrink-0\">\n                                        <i aria-hidden=\"true\" class=\"isax icon-people\"><\/i>                                    <\/span>\n                                        <div>\n                                                                                            <h6 class=\"mb-3\">Panel solar<\/h6>\n                                                                                                                                        <p class=\"mb-0\">para opciones de alimentaci\u00f3n fuera de la red, reducci\u00f3n de la demanda energ\u00e9tica y potencia de procesamiento in situ.<\/p>\n                                                                                    <\/div>\n                                    <\/div>\n                                                            <\/div>\n                        <\/div>\n                    <\/div>\n                <\/div>\n            <\/div>\n        <\/div>\n        \t\t\t\t<\/div>\n\t\t\t\t<\/div>\n\t\t\t\t\t<\/div>\n\t\t\t\t<\/div>\n\t\t<div class=\"elementor-element elementor-element-f802225 e-flex e-con-boxed e-con e-parent\" data-id=\"f802225\" data-element_type=\"container\" data-e-type=\"container\">\n\t\t\t\t\t<div class=\"e-con-inner\">\n\t\t\t\t<div class=\"elementor-element elementor-element-5abe621 elementor-widget elementor-widget-spacer\" data-id=\"5abe621\" data-element_type=\"widget\" data-e-type=\"widget\" data-widget_type=\"spacer.default\">\n\t\t\t\t<div class=\"elementor-widget-container\">\n\t\t\t\t\t\t\t<div class=\"elementor-spacer\">\n\t\t\t<div class=\"elementor-spacer-inner\"><\/div>\n\t\t<\/div>\n\t\t\t\t\t\t<\/div>\n\t\t\t\t<\/div>\n\t\t\t\t<div class=\"elementor-element elementor-element-68d0ae8 elementor-widget elementor-widget-crete_title\" data-id=\"68d0ae8\" data-element_type=\"widget\" data-e-type=\"widget\" data-widget_type=\"crete_title.default\">\n\t\t\t\t<div class=\"elementor-widget-container\">\n\t\t\t\t\t                       <div class=\"section-title\">\n                                        <span class=\"cr-subtitle position-relative fw-semibold primary-text-color\">Especificaciones de las se\u00f1ales<\/span>\n                                                                                <h3 class=\"crete-main-title mt-4\">Parada de autob\u00fas inteligente<\/h3>    \n                                                                            <\/div>\n        \t\t\t\t<\/div>\n\t\t\t\t<\/div>\n\t\t\t\t<div class=\"elementor-element elementor-element-0e7b84b elementor-pagination-position-outside elementor-widget elementor-widget-image-carousel\" data-id=\"0e7b84b\" data-element_type=\"widget\" data-e-type=\"widget\" data-settings=\"{&quot;navigation&quot;:&quot;dots&quot;,&quot;lazyload&quot;:&quot;yes&quot;,&quot;autoplay&quot;:&quot;yes&quot;,&quot;pause_on_hover&quot;:&quot;yes&quot;,&quot;pause_on_interaction&quot;:&quot;yes&quot;,&quot;autoplay_speed&quot;:5000,&quot;infinite&quot;:&quot;yes&quot;,&quot;speed&quot;:500}\" data-widget_type=\"image-carousel.default\">\n\t\t\t\t<div class=\"elementor-widget-container\">\n\t\t\t\t\t\t\t<div class=\"elementor-image-carousel-wrapper swiper\" role=\"region\" aria-roledescription=\"carousel\" aria-label=\"Carrousel d\u2019images\" dir=\"ltr\" data-no-translation-aria-label=\"\">\n\t\t\t<div class=\"elementor-image-carousel swiper-wrapper\" aria-live=\"off\">\n\t\t\t\t\t\t\t\t<div class=\"swiper-slide\" role=\"group\" aria-roledescription=\"slide\" aria-label=\"1 of 7\" data-no-translation-aria-label=\"\"><figure class=\"swiper-slide-inner\"><img class=\"swiper-slide-image swiper-lazy\" data-src=\"https:\/\/buspas.com\/wp-content\/uploads\/elementor\/thumbs\/7-quv7ozfyt2ywz2sq9clht7pkbg04m0564lsuwn3x2k.png\" alt=\"7\" \/><div class=\"swiper-lazy-preloader\"><\/div><\/figure><\/div><div class=\"swiper-slide\" role=\"group\" aria-roledescription=\"slide\" aria-label=\"2 of 7\" data-no-translation-aria-label=\"\"><figure class=\"swiper-slide-inner\"><img class=\"swiper-slide-image swiper-lazy\" data-src=\"https:\/\/buspas.com\/wp-content\/uploads\/elementor\/thumbs\/6-2-quv7n4pfbufk2rho31qze6ju5352fhs87fhdtzuvcc.png\" alt=\"6\" \/><div class=\"swiper-lazy-preloader\"><\/div><\/figure><\/div><div class=\"swiper-slide\" role=\"group\" aria-roledescription=\"slide\" aria-label=\"3 of 7\" data-no-translation-aria-label=\"\"><figure class=\"swiper-slide-inner\"><img class=\"swiper-slide-image swiper-lazy\" data-src=\"https:\/\/buspas.com\/wp-content\/uploads\/elementor\/thumbs\/5-quv7ktzmmfabp2tti1ztarf9v6grm4nuk22nln9ijw.png\" alt=\"5\" \/><div class=\"swiper-lazy-preloader\"><\/div><\/figure><\/div><div class=\"swiper-slide\" role=\"group\" aria-roledescription=\"slide\" aria-label=\"4 of 7\" data-no-translation-aria-label=\"\"><figure class=\"swiper-slide-inner\"><img class=\"swiper-slide-image swiper-lazy\" data-src=\"https:\/\/buspas.com\/wp-content\/uploads\/elementor\/thumbs\/4-quv7i7zrmzpng2mcqxd4df56gnc28eaov4u3lz4vu4.png\" alt=\"4\" \/><div class=\"swiper-lazy-preloader\"><\/div><\/figure><\/div><div class=\"swiper-slide\" role=\"group\" aria-roledescription=\"slide\" aria-label=\"5 of 7\" data-no-translation-aria-label=\"\"><figure class=\"swiper-slide-inner\"><img class=\"swiper-slide-image swiper-lazy\" data-src=\"https:\/\/buspas.com\/wp-content\/uploads\/elementor\/thumbs\/3-quv7fuggd2gk3k2lmee2kiq8el1nrxv47dgwxsnpkc.png\" alt=\"3\" \/><div class=\"swiper-lazy-preloader\"><\/div><\/figure><\/div><div class=\"swiper-slide\" role=\"group\" aria-roledescription=\"slide\" aria-label=\"6 of 7\" data-no-translation-aria-label=\"\"><figure class=\"swiper-slide-inner\"><img class=\"swiper-slide-image swiper-lazy\" data-src=\"https:\/\/buspas.com\/wp-content\/uploads\/elementor\/thumbs\/2-quv7dv0pxnqrl6yd7jifb0r79atrixziljw0grlmp8.png\" alt=\"2\" \/><div class=\"swiper-lazy-preloader\"><\/div><\/figure><\/div><div class=\"swiper-slide\" role=\"group\" aria-roledescription=\"slide\" aria-label=\"7 of 7\" data-no-translation-aria-label=\"\"><figure class=\"swiper-slide-inner\"><img class=\"swiper-slide-image swiper-lazy\" data-src=\"https:\/\/buspas.com\/wp-content\/uploads\/elementor\/thumbs\/1-quv7bgjkgwgdx2fz8i4qxmkslunzusg7lnvcbb5ulo.png\" alt=\"1\" \/><div class=\"swiper-lazy-preloader\"><\/div><\/figure><\/div>\t\t\t<\/div>\n\t\t\t\t\t\t\t\n\t\t\t\t\t\t\t\t\t<div class=\"swiper-pagination\"><\/div>\n\t\t\t\t\t\t\t\t\t<\/div>\n\t\t\t\t\t\t<\/div>\n\t\t\t\t<\/div>\n\t\t\t\t<div class=\"elementor-element elementor-element-c17213a elementor-widget elementor-widget-crete_accordion\" data-id=\"c17213a\" data-element_type=\"widget\" data-e-type=\"widget\" data-widget_type=\"crete_accordion.default\">\n\t\t\t\t<div class=\"elementor-widget-container\">\n\t\t\t\t\t     <div class=\"faq-left\">\n                        <div class=\"accordion\" id=\"accordion\">\n                                                        <div class=\"accordion-item\">\n                                <div class=\"accordion-header\">\n                                    <a href=\"#accordion_1\" data-bs-toggle=\"collapse\">Modelo<\/a>\n                                <\/div>\n                                <div class=\"accordion-collapse collapse\" id=\"accordion_1\" data-bs-parent=\"#accordion\">\n                                    <div class=\"accordion-body p-0\">\n                                        <div class=\"d-flex align-items-center gap-4 flex-wrap flex-md-nowrap\">\n                                                                                        <p class=\"mb-0\"><ul><li>Tama\u00f1o: 27,1\u00ab (Al) x 12,8\u00bb (An) x 1,46\" (Pr)<\/li><li>Peso: 6.8 kg<\/li><li>Tama\u00f1o de pantalla activa: 13,3\" en diagonal.Resoluci\u00f3n: 1600 x 1200, TFT de cristal<\/li><\/ul><\/p>\n                                        <\/div>\n                                    <\/div>\n                                <\/div>\n                            <\/div>\n                                                        <div class=\"accordion-item\">\n                                <div class=\"accordion-header\">\n                                    <a href=\"#accordion_2\" data-bs-toggle=\"collapse\">Computaci\u00f3n<\/a>\n                                <\/div>\n                                <div class=\"accordion-collapse collapse\" id=\"accordion_2\" data-bs-parent=\"#accordion\">\n                                    <div class=\"accordion-body p-0\">\n                                        <div class=\"d-flex align-items-center gap-4 flex-wrap flex-md-nowrap\">\n                                                                                        <p class=\"mb-0\"><ul><li>Unidad de Edge Computing integrada: Procesador NVIDIA Orin optimizado para software de IA y flujos de trabajo nativos en la nube.<\/li><li>Sensores inteligentes solares integrados<\/li><li>Interfaz hombre-m\u00e1quina interactiva: pantalla electr\u00f3nica, c\u00e1mara, micr\u00f3fono y altavoces.<\/li><\/ul><\/p>\n                                        <\/div>\n                                    <\/div>\n                                <\/div>\n                            <\/div>\n                                                        <div class=\"accordion-item\">\n                                <div class=\"accordion-header\">\n                                    <a href=\"#accordion_3\" data-bs-toggle=\"collapse\">Ambiental<\/a>\n                                <\/div>\n                                <div class=\"accordion-collapse collapse\" id=\"accordion_3\" data-bs-parent=\"#accordion\">\n                                    <div class=\"accordion-body p-0\">\n                                        <div class=\"d-flex align-items-center gap-4 flex-wrap flex-md-nowrap\">\n                                                                                        <p class=\"mb-0\"><ul><li>Temperatura de funcionamiento: -30\u00b0C a +60\u00b0C (-22\u00b0F a +140\u00b0F)<\/li><li>Temperatura de almacenamiento: -30\u00b0C a +70\u00b0C (-22\u00b0F a +158\u00b0F)<\/li><li>Humedad de funcionamiento: 90% sin condensaci\u00f3n<\/li><li>Humedad de almacenamiento: 80% sin condensaci\u00f3n<\/li><li>Fiable; certificado conforme a las normas UL, conforme a la clasificaci\u00f3n IP65 y dise\u00f1o a prueba de vandalismo.<\/li><\/ul><\/p>\n                                        <\/div>\n                                    <\/div>\n                                <\/div>\n                            <\/div>\n                                                        <div class=\"accordion-item\">\n                                <div class=\"accordion-header\">\n                                    <a href=\"#accordion_4\" data-bs-toggle=\"collapse\">Audio \/ Visual<\/a>\n                                <\/div>\n                                <div class=\"accordion-collapse collapse\" id=\"accordion_4\" data-bs-parent=\"#accordion\">\n                                    <div class=\"accordion-body p-0\">\n                                        <div class=\"d-flex align-items-center gap-4 flex-wrap flex-md-nowrap\">\n                                                                                        <p class=\"mb-0\"><ul><li>Altavoces de sonido: Doble alta sensibilidad<\/li><li>Micr\u00f3fonos: 12MP<\/li><li>C\u00e1mara: 4056 x 3040.<\/li><li>Visi\u00f3n por computador: Desarrollado por NVIDIA DeepStream<\/li><\/ul><\/p>\n                                        <\/div>\n                                    <\/div>\n                                <\/div>\n                            <\/div>\n                                                        <div class=\"accordion-item\">\n                                <div class=\"accordion-header\">\n                                    <a href=\"#accordion_5\" data-bs-toggle=\"collapse\">Redes<\/a>\n                                <\/div>\n                                <div class=\"accordion-collapse collapse\" id=\"accordion_5\" data-bs-parent=\"#accordion\">\n                                    <div class=\"accordion-body p-0\">\n                                        <div class=\"d-flex align-items-center gap-4 flex-wrap flex-md-nowrap\">\n                                                                                        <p class=\"mb-0\"><ul><li>Redes de banda ancha y descarga m\u00f3vil de alta velocidad y baja latencia<\/li><li>Supervisi\u00f3n celular - Red m\u00f3vil LTE\/4G\/5G.<\/li><li>Sensor Wi-Fi - 802.11a\/b\/g\/n\/ac (2,4 GHz \/ 5 GHz).<\/li><li>Baliza con sensor Bluetooth 5.0 (2,4 GHz).<\/li><\/ul><\/p>\n                                        <\/div>\n                                    <\/div>\n                                <\/div>\n                            <\/div>\n                                                        <div class=\"accordion-item\">\n                                <div class=\"accordion-header\">\n                                    <a href=\"#accordion_6\" data-bs-toggle=\"collapse\">Iluminaci\u00f3n<\/a>\n                                <\/div>\n                                <div class=\"accordion-collapse collapse\" id=\"accordion_6\" data-bs-parent=\"#accordion\">\n                                    <div class=\"accordion-body p-0\">\n                                        <div class=\"d-flex align-items-center gap-4 flex-wrap flex-md-nowrap\">\n                                                                                        <p class=\"mb-0\"><ul><li class=\"p1\">Regulable 5W con 500 l\u00famenes<\/li><li class=\"p1\">M\u00faltiples configuraciones de CCT y CRI disponibles<\/li><li class=\"p1\">Sensor de movimiento - Infrarrojo pasivo<\/li><li class=\"p1\">Sensor de luz ambiental<\/li><\/ul><\/p>\n                                        <\/div>\n                                    <\/div>\n                                <\/div>\n                            <\/div>\n                                                        <div class=\"accordion-item\">\n                                <div class=\"accordion-header\">\n                                    <a href=\"#accordion_7\" data-bs-toggle=\"collapse\">Pantalla de Papel Electr\u00f3nico<\/a>\n                                <\/div>\n                                <div class=\"accordion-collapse collapse\" id=\"accordion_7\" data-bs-parent=\"#accordion\">\n                                    <div class=\"accordion-body p-0\">\n                                        <div class=\"d-flex align-items-center gap-4 flex-wrap flex-md-nowrap\">\n                                                                                        <p class=\"mb-0\"><ul><li class=\"p1\">Tecnolog\u00eda electrofor\u00e9tica reflectante de alto contraste.<\/li><li class=\"p1\">Pantalla LED luz frontal de noche<\/li><li class=\"p1\">Color: 4096+ colors or 16 grayscales.<\/li><li class=\"p1\">Cumplimiento de la ADA<\/li><li class=\"p1\">Acabado antirreflejos con un 70% de contraste entre el fondo y el<\/li><li class=\"p1\">Rotulaci\u00f3n real de los mensajes en pantalla<\/li><li class=\"p1\">Texto grande y claro con una anchura m\u00e1xima de 12 puntos.<\/li><li class=\"p1\">Fuentes aprobadas por la ADA: Times New Roman, Helvetica y Cabri<\/li><li class=\"p1\">Tama\u00f1o del texto: 5\/8 - 2 pulgadas.<\/li><\/ul><\/p>\n                                        <\/div>\n                                    <\/div>\n                                <\/div>\n                            <\/div>\n                                                        <div class=\"accordion-item\">\n                                <div class=\"accordion-header\">\n                                    <a href=\"#accordion_8\" data-bs-toggle=\"collapse\">Opciones de alimentaci\u00f3n - Rejilla de encendido\/apagado<\/a>\n                                <\/div>\n                                <div class=\"accordion-collapse collapse\" id=\"accordion_8\" data-bs-parent=\"#accordion\">\n                                    <div class=\"accordion-body p-0\">\n                                        <div class=\"d-flex align-items-center gap-4 flex-wrap flex-md-nowrap\">\n                                                                                        <p class=\"mb-0\"><ul><li class=\"p1\">Alimentaci\u00f3n 12-18 VDC o v\u00eda PoE pasiva<\/li><li class=\"p1\">Panel solar, regulador de carga y bater\u00eda opcionales<\/li><li class=\"p1\">Autonom\u00eda posible: 3-4 d\u00edas<\/li><li class=\"p1\">Li-ion (i\u00f3n-litio) con una capacidad de 440 vatios-hora.<\/li><li class=\"p1\">Certificaci\u00f3n obligatoria de la norma de seguridad CQC GB31241.<\/li><li class=\"p1\">Temperatura de funcionamiento: -30\u00b0C a +60\u00b0C (-22\u00b0F a +140\u00b0F)<\/li><li class=\"p1\">Poste de montaje opcional<\/li><li class=\"p1\">Carga autom\u00e1tica<\/li><li class=\"p1\">Gesti\u00f3n de carga configurable<\/li><\/ul><\/p>\n                                        <\/div>\n                                    <\/div>\n                                <\/div>\n                            <\/div>\n                                                        <div class=\"accordion-item\">\n                                <div class=\"accordion-header\">\n                                    <a href=\"#accordion_9\" data-bs-toggle=\"collapse\">Instalaci\u00f3n<\/a>\n                                <\/div>\n                                <div class=\"accordion-collapse collapse\" id=\"accordion_9\" data-bs-parent=\"#accordion\">\n                                    <div class=\"accordion-body p-0\">\n                                        <div class=\"d-flex align-items-center gap-4 flex-wrap flex-md-nowrap\">\n                                                                                        <p class=\"mb-0\"><ul><li class=\"p1\">Montaje r\u00e1pido en cualquier poste\/refugio; seguro y vers\u00e1til<\/li><\/ul><\/p>\n                                        <\/div>\n                                    <\/div>\n                                <\/div>\n                            <\/div>\n                                                        <div class=\"accordion-item\">\n                                <div class=\"accordion-header\">\n                                    <a href=\"#accordion_10\" data-bs-toggle=\"collapse\">Materiales de Revestimiento<\/a>\n                                <\/div>\n                                <div class=\"accordion-collapse collapse\" id=\"accordion_10\" data-bs-parent=\"#accordion\">\n                                    <div class=\"accordion-body p-0\">\n                                        <div class=\"d-flex align-items-center gap-4 flex-wrap flex-md-nowrap\">\n                                                                                        <p class=\"mb-0\"><ul><li>Aluminio y Pl\u00e1stico<\/li><li>Mitigaci\u00f3n del vandalismo: Vidrio pegado (inastillable)<\/li><\/ul><\/p>\n                                        <\/div>\n                                    <\/div>\n                                <\/div>\n                            <\/div>\n                                                        \n                            \n                           \n                           \n                        <\/div>\n                    <\/div>\n        \t\t\t\t<\/div>\n\t\t\t\t<\/div>\n\t\t\t\t<div class=\"elementor-element elementor-element-ecdff52 elementor-widget elementor-widget-spacer\" data-id=\"ecdff52\" data-element_type=\"widget\" data-e-type=\"widget\" data-widget_type=\"spacer.default\">\n\t\t\t\t<div class=\"elementor-widget-container\">\n\t\t\t\t\t\t\t<div class=\"elementor-spacer\">\n\t\t\t<div class=\"elementor-spacer-inner\"><\/div>\n\t\t<\/div>\n\t\t\t\t\t\t<\/div>\n\t\t\t\t<\/div>\n\t\t\t\t\t<\/div>\n\t\t\t\t<\/div>\n\t\t\t\t<\/div>","protected":false},"excerpt":{"rendered":"<p>Technical Specifications The details that keep us connected. Scroll down the see the components of our smart bus stop. Sign for ADA compliant communications, full customization &#038; emergency service support. Sensors for passenger boarding analytics, people counting, communications, environmental conditions and AI audio\/visual analysis. Solar Panel for off-grid power options, reduced energy demand and on-site [&hellip;]<\/p>\n","protected":false},"author":2,"featured_media":0,"parent":0,"menu_order":0,"comment_status":"closed","ping_status":"closed","template":"elementor_header_footer","meta":{"_acf_changed":false,"bg_version":"","footnotes":""},"class_list":["post-4533","page","type-page","status-publish","hentry"],"acf":[],"_links":{"self":[{"href":"https:\/\/buspas.com\/es\/wp-json\/wp\/v2\/pages\/4533","targetHints":{"allow":["GET"]}}],"collection":[{"href":"https:\/\/buspas.com\/es\/wp-json\/wp\/v2\/pages"}],"about":[{"href":"https:\/\/buspas.com\/es\/wp-json\/wp\/v2\/types\/page"}],"author":[{"embeddable":true,"href":"https:\/\/buspas.com\/es\/wp-json\/wp\/v2\/users\/2"}],"replies":[{"embeddable":true,"href":"https:\/\/buspas.com\/es\/wp-json\/wp\/v2\/comments?post=4533"}],"version-history":[{"count":0,"href":"https:\/\/buspas.com\/es\/wp-json\/wp\/v2\/pages\/4533\/revisions"}],"wp:attachment":[{"href":"https:\/\/buspas.com\/es\/wp-json\/wp\/v2\/media?parent=4533"}],"curies":[{"name":"wp","href":"https:\/\/api.w.org\/{rel}","templated":true}]}}