{"id":3878,"date":"2024-08-28T20:33:28","date_gmt":"2024-08-28T20:33:28","guid":{"rendered":"https:\/\/4hh.9e1.mytemp.website\/?page_id=3878"},"modified":"2026-02-20T20:24:32","modified_gmt":"2026-02-20T20:24:32","slug":"projects","status":"publish","type":"page","link":"https:\/\/buspas.com\/es\/projects\/","title":{"rendered":"Proyectos"},"content":{"rendered":"<div data-elementor-type=\"wp-page\" data-elementor-id=\"3878\" class=\"elementor elementor-3878\" data-elementor-post-type=\"page\">\n\t\t\t\t<div class=\"elementor-element elementor-element-f8ca00b e-flex e-con-boxed e-con e-parent\" data-id=\"f8ca00b\" data-element_type=\"container\" data-e-type=\"container\">\n\t\t\t\t\t<div class=\"e-con-inner\">\n\t\t\t\t<div class=\"elementor-element elementor-element-ae62b16 elementor-widget elementor-widget-crete_info_section\" data-id=\"ae62b16\" data-element_type=\"widget\" data-e-type=\"widget\" data-widget_type=\"crete_info_section.default\">\n\t\t\t\t<div class=\"elementor-widget-container\">\n\t\t\t\t\t    <!--call to action start-->\r\n    <section class=\"hm2-cta-section bg-white ptb-100 overflow-hidden\">\r\n        <div class=\"container\">\r\n            <div class=\"row align-items-center g-5 crete_reverce_info\">\r\n                <div class=\"col-xl-6\">\r\n                    <div class=\"hm2-cta-left position-relative z-1\">\r\n\r\n                        <span class=\"circle-shape position-absolute z--1\"><\/span>\r\n                        <img decoding=\"async\" src=\"https:\/\/buspas.com\/\/wp-content\/uploads\/2024\/09\/6-1.png\" alt=\"not found\"\r\n                             class=\"img-fluid cta-1 wow fadeInLeft\">\r\n                        <img decoding=\"async\" src=\"https:\/\/buspas.com\/\/wp-content\/uploads\/2024\/09\/Metro-Transit-Bus-Exterior-Only.H03.2k-1.png\" alt=\"not found\"\r\n                             class=\"img-fluid cta-2 wow fadeInRight\">\r\n                    <\/div>\r\n                <\/div>\r\n                <div class=\"col-xl-6\">\r\n                    <div class=\"hm2-cta-content ps-xl-5\">\r\n                        <span class=\"cr-subtitle position-relative primary-text-color fw-semibold wow fadeInUp d-inline-block\">Programas<\/span>\r\n                        <h2 class=\"mt-32 mb-40 wow fadeInUp translation-block\"\r\n                            data-wow-delay=\"0.2s\">Utilizamos un enfoque de piloto inicial para <span class=\"primary-bg-light primary-text-color px-2\">cumplir y superar<\/span> las expectativas.<\/h2>\r\n                        <p class=\"mb-5 wow fadeInUp\"\r\n                           data-wow-delay=\"0.3s\">Las ciudades comparten problemas comunes, pero tienen caracter\u00edsticas, requisitos y desaf\u00edos \u00fanicos. La mejor manera de demostrar el valor de nuestra tecnolog\u00eda y plataforma es recopilando datos y mostrando resultados medibles en el mundo real. Nuestros projectos conducen a implementaciones m\u00e1s amplias de nuestras soluciones.<\/p>\r\n                        <div class=\"d-flex align-items-center gap-3 gap-sm-4 flex-wrap\">\r\n                            <a href='#projects'rel='nofollow'\"\r\n class=\"template-btn primary-btn wow fadeInUp\"\r\n                               data-wow-delay=\"0.4s\">Proyectos<\/a>\r\n                            <a href='https:\/\/buspas.com\/es\/contact\/'rel='nofollow'\"\r\n class=\"template-btn outline-secondary wow fadeInUp hero-watch-btn\"\r\n                               data-wow-delay=\"0.5s\">INICIAR UN projecto <span\r\n                                        class=\"ms-2\">   <\/span><\/a>\r\n                        <\/div>\r\n                    <\/div>\r\n                <\/div>\r\n            <\/div>\r\n        <\/div>\r\n    <\/section>\r\n    <!--call to action end-->\r\n    \r\n        \t\t\t\t<\/div>\n\t\t\t\t<\/div>\n\t\t\t\t<div class=\"elementor-element elementor-element-2d17004 elementor-widget elementor-widget-menu-anchor\" data-id=\"2d17004\" data-element_type=\"widget\" data-e-type=\"widget\" data-widget_type=\"menu-anchor.default\">\n\t\t\t\t<div class=\"elementor-widget-container\">\n\t\t\t\t\t\t\t<div class=\"elementor-menu-anchor\" id=\"projects\"><\/div>\n\t\t\t\t\t\t<\/div>\n\t\t\t\t<\/div>\n\t\t\t\t<div class=\"elementor-element elementor-element-6a52f7c elementor-widget elementor-widget-crete_project_filter\" data-id=\"6a52f7c\" data-element_type=\"widget\" data-e-type=\"widget\" data-widget_type=\"crete_project_filter.default\">\n\t\t\t\t<div class=\"elementor-widget-container\">\n\t\t\t\t\t\r\n        <!--projects section start-->\r\n        <section class=\"hm4-projects-section hm3-light-bg pb-100 overflow-hidden\" id=\"projects\">\r\n            <div class=\"container\">\r\n                <div class=\"row justify-content-center\">\r\n                    <div class=\"col-xl-6\">\r\n                        <div class=\"section-title text-center\">\r\n                            <span class=\"cr-subtitle position-relative fw-semibold primary-text-color\">Proyectos<\/span>\r\n                            <h3 class=\"mt-4\">Citas<\/h3>\r\n                        <\/div>\r\n                    <\/div>\r\n                <\/div>\r\n                <div class=\"hm4-filter-widget mt-40\">\r\n                    <div class=\"hm4-filter-btn-group flex-wrap\">\r\n                        <button type=\"button\" data-filter=\"*\" class=\"active\">Todo<\/button>\r\n                                                    <button type=\"button\"\r\n                                    data-filter=\".canada\">Canada<\/button>\r\n                                                    <button type=\"button\"\r\n                                    data-filter=\".eu\">Europe<\/button>\r\n                                                    <button type=\"button\"\r\n                                    data-filter=\".usa\">EE. UU.<\/button>\r\n                        \r\n                    <\/div>\r\n                    <div class=\"row g-4 mt-60 hm4-grid\">\r\n                                                        <div class=\"col-xl-4 col-lg-6  canada\">\r\n                                    <div class=\"hm4-project-single\">\r\n                                        <div class=\"feature-image position-relative\">\r\n                                            <img src=\"https:\/\/buspas.com\/wp-content\/uploads\/2024\/04\/pf-2-1-04-348x263.webp\" alt=\"not found\"\r\n                                                 decoding=\"sync\"\r\n                                                 class=\"img-fluid\">\r\n                                            <a href=\"https:\/\/buspas.com\/es\/project\/canada\/st-julie-quebec\/\" class=\"explore-btn\"><i\r\n                                                        class=\"fa-solid fa-arrow-right\"><\/i><\/a>\r\n                                        <\/div>\r\n                                        <div class=\"mt-32\">\r\n                                            <span>Canada<\/span>\r\n                                            <a href=\"https:\/\/buspas.com\/es\/project\/canada\/st-julie-quebec\/\"><h6 class=\"mb-0\">St. Julie, Qu\u00e9bec<\/h6><\/a>\r\n                                        <\/div>\r\n                                    <\/div>\r\n                                <\/div>\r\n\r\n\r\n                                                                <div class=\"col-xl-4 col-lg-6  canada\">\r\n                                    <div class=\"hm4-project-single\">\r\n                                        <div class=\"feature-image position-relative\">\r\n                                            <img src=\"https:\/\/buspas.com\/wp-content\/uploads\/2023\/07\/pf-2-1-03-348x263.webp\" alt=\"not found\"\r\n                                                 decoding=\"sync\"\r\n                                                 class=\"img-fluid\">\r\n                                            <a href=\"https:\/\/buspas.com\/es\/project\/canada\/st-therese-quebec\/\" class=\"explore-btn\"><i\r\n                                                        class=\"fa-solid fa-arrow-right\"><\/i><\/a>\r\n                                        <\/div>\r\n                                        <div class=\"mt-32\">\r\n                                            <span>Canada<\/span>\r\n                                            <a href=\"https:\/\/buspas.com\/es\/project\/canada\/st-therese-quebec\/\"><h6 class=\"mb-0\">St. Th\u00e9r\u00e8se, Qu\u00e9bec<\/h6><\/a>\r\n                                        <\/div>\r\n                                    <\/div>\r\n                                <\/div>\r\n\r\n\r\n                                                                <div class=\"col-xl-4 col-lg-6  eu\">\r\n                                    <div class=\"hm4-project-single\">\r\n                                        <div class=\"feature-image position-relative\">\r\n                                            <img src=\"https:\/\/buspas.com\/wp-content\/uploads\/2023\/07\/pf-2-1-06-348x263.webp\" alt=\"not found\"\r\n                                                 decoding=\"sync\"\r\n                                                 class=\"img-fluid\">\r\n                                            <a href=\"https:\/\/buspas.com\/es\/project\/spain\/barcelona\/\" class=\"explore-btn\"><i\r\n                                                        class=\"fa-solid fa-arrow-right\"><\/i><\/a>\r\n                                        <\/div>\r\n                                        <div class=\"mt-32\">\r\n                                            <span>Europe<\/span>\r\n                                            <a href=\"https:\/\/buspas.com\/es\/project\/spain\/barcelona\/\"><h6 class=\"mb-0\">Barcelona<\/h6><\/a>\r\n                                        <\/div>\r\n                                    <\/div>\r\n                                <\/div>\r\n\r\n\r\n                                                                <div class=\"col-xl-4 col-lg-6  usa\">\r\n                                    <div class=\"hm4-project-single\">\r\n                                        <div class=\"feature-image position-relative\">\r\n                                            <img src=\"https:\/\/buspas.com\/wp-content\/uploads\/2023\/07\/pf-2-1-07-348x263.webp\" alt=\"not found\"\r\n                                                 decoding=\"sync\"\r\n                                                 class=\"img-fluid\">\r\n                                            <a href=\"https:\/\/buspas.com\/es\/project\/usa\/new-jersey-new-jersey\/\" class=\"explore-btn\"><i\r\n                                                        class=\"fa-solid fa-arrow-right\"><\/i><\/a>\r\n                                        <\/div>\r\n                                        <div class=\"mt-32\">\r\n                                            <span>EE. UU.<\/span>\r\n                                            <a href=\"https:\/\/buspas.com\/es\/project\/usa\/new-jersey-new-jersey\/\"><h6 class=\"mb-0\">New Jersey, New Jersey<\/h6><\/a>\r\n                                        <\/div>\r\n                                    <\/div>\r\n                                <\/div>\r\n\r\n\r\n                                                                <div class=\"col-xl-4 col-lg-6  canada\">\r\n                                    <div class=\"hm4-project-single\">\r\n                                        <div class=\"feature-image position-relative\">\r\n                                            <img src=\"https:\/\/buspas.com\/wp-content\/uploads\/2023\/07\/pf-2-1-01-348x263.webp\" alt=\"not found\"\r\n                                                 decoding=\"sync\"\r\n                                                 class=\"img-fluid\">\r\n                                            <a href=\"https:\/\/buspas.com\/es\/project\/canada\/laval-quebec\/\" class=\"explore-btn\"><i\r\n                                                        class=\"fa-solid fa-arrow-right\"><\/i><\/a>\r\n                                        <\/div>\r\n                                        <div class=\"mt-32\">\r\n                                            <span>Canada<\/span>\r\n                                            <a href=\"https:\/\/buspas.com\/es\/project\/canada\/laval-quebec\/\"><h6 class=\"mb-0\">Laval, Qu\u00e9bec<\/h6><\/a>\r\n                                        <\/div>\r\n                                    <\/div>\r\n                                <\/div>\r\n\r\n\r\n                                                    <\/div>\r\n                    <div class=\"mt-5 text-center\">\r\n                        <a href=\"https:\/\/buspas.com\/es\/use-cases\/\" class=\"template-btn primary-btn\">EXPLORA CASOS DE USO<\/a>\r\n                    <\/div>\r\n                <\/div>\r\n                <\/div>\r\n        <\/section>\r\n        <!--projects section end-->\r\n\r\n        \t\t\t\t<\/div>\n\t\t\t\t<\/div>\n\t\t\t\t\t<\/div>\n\t\t\t\t<\/div>\n\t\t\t\t<\/div>","protected":false},"excerpt":{"rendered":"<p>Programs We use a pilot first approach to meet &#038; exceed expectations. Cities share common problems, yet have unique features, requirements and challenges. The best way to prove the value of our technology and platform is by gathering data and demonstrating measurable real-world results. Our pilots lead to wider deployments of our solutions. START A [&hellip;]<\/p>\n","protected":false},"author":2,"featured_media":0,"parent":0,"menu_order":0,"comment_status":"closed","ping_status":"closed","template":"elementor_header_footer","meta":{"_acf_changed":false,"bg_version":"","footnotes":""},"class_list":["post-3878","page","type-page","status-publish","hentry"],"acf":[],"_links":{"self":[{"href":"https:\/\/buspas.com\/es\/wp-json\/wp\/v2\/pages\/3878","targetHints":{"allow":["GET"]}}],"collection":[{"href":"https:\/\/buspas.com\/es\/wp-json\/wp\/v2\/pages"}],"about":[{"href":"https:\/\/buspas.com\/es\/wp-json\/wp\/v2\/types\/page"}],"author":[{"embeddable":true,"href":"https:\/\/buspas.com\/es\/wp-json\/wp\/v2\/users\/2"}],"replies":[{"embeddable":true,"href":"https:\/\/buspas.com\/es\/wp-json\/wp\/v2\/comments?post=3878"}],"version-history":[{"count":0,"href":"https:\/\/buspas.com\/es\/wp-json\/wp\/v2\/pages\/3878\/revisions"}],"wp:attachment":[{"href":"https:\/\/buspas.com\/es\/wp-json\/wp\/v2\/media?parent=3878"}],"curies":[{"name":"wp","href":"https:\/\/api.w.org\/{rel}","templated":true}]}}