{"id":3645,"date":"2024-07-24T01:34:30","date_gmt":"2024-07-24T01:34:30","guid":{"rendered":"https:\/\/4hh.9e1.mytemp.website\/?page_id=3645"},"modified":"2024-09-30T08:51:44","modified_gmt":"2024-09-30T08:51:44","slug":"partners","status":"publish","type":"page","link":"https:\/\/buspas.com\/es\/partners\/","title":{"rendered":"Socios"},"content":{"rendered":"<div data-elementor-type=\"wp-page\" data-elementor-id=\"3645\" class=\"elementor elementor-3645\" data-elementor-post-type=\"page\">\n\t\t\t\t<div class=\"elementor-element elementor-element-85569dc e-flex e-con-boxed e-con e-parent\" data-id=\"85569dc\" data-element_type=\"container\" data-e-type=\"container\">\n\t\t\t\t\t<div class=\"e-con-inner\">\n\t\t\t\t<div class=\"elementor-element elementor-element-4243f1f elementor-widget elementor-widget-crete_info_section\" data-id=\"4243f1f\" data-element_type=\"widget\" data-e-type=\"widget\" data-widget_type=\"crete_info_section.default\">\n\t\t\t\t<div class=\"elementor-widget-container\">\n\t\t\t\t\t    <!--call to action start-->\r\n    <section class=\"hm2-cta-section bg-white ptb-100 overflow-hidden\">\r\n        <div class=\"container\">\r\n            <div class=\"row align-items-center g-5 crete_reverce_info\">\r\n                <div class=\"col-xl-6\">\r\n                    <div class=\"hm2-cta-left position-relative z-1\">\r\n\r\n                        <span class=\"circle-shape position-absolute z--1\"><\/span>\r\n                        <img decoding=\"async\" src=\"https:\/\/buspas.com\/\/wp-content\/uploads\/2024\/09\/6-1.png\" alt=\"not found\"\r\n                             class=\"img-fluid cta-1 wow fadeInLeft\">\r\n                        <img decoding=\"async\" src=\"https:\/\/buspas.com\/\/wp-content\/uploads\/2024\/09\/Metro-Transit-Bus-Exterior-Only.H03.2k-1.png\" alt=\"not found\"\r\n                             class=\"img-fluid cta-2 wow fadeInRight\">\r\n                    <\/div>\r\n                <\/div>\r\n                <div class=\"col-xl-6\">\r\n                    <div class=\"hm2-cta-content ps-xl-5\">\r\n                        <span class=\"cr-subtitle position-relative primary-text-color fw-semibold wow fadeInUp d-inline-block\">Socios<\/span>\r\n                        <h2 class=\"mt-32 mb-40 wow fadeInUp\"\r\n                            data-wow-delay=\"0.2s\">La colaboraci\u00f3n y una transparencia  son <span\r\n                                    class=\"primary-bg-light primary-text-color px-2\">las claves<\/span> para la ciudad inteligente.                        <\/h2>\r\n                        <p class=\"mb-5 wow fadeInUp\"\r\n                           data-wow-delay=\"0.3s\">En BusPas, creemos que la colaboraci\u00f3n es la clave para construir ciudades m\u00e1s inteligentes y conectadas. Nuestras alianzas se basan en una visi\u00f3n compartida de innovaci\u00f3n, construcci\u00f3n Sostenible y un impacto positivo en la comunidad. Junto a l\u00edderes de la industria, pioneros tecnol\u00f3gicos, expertos en publicidad y agencias municipales, estamos avanzando hacia el futuro de la movilidad urbana, haci\u00e9ndola m\u00e1s segura, eficiente y accesible para todos. Al unir fuerzas con BusPas, nuestros colaboradores acceden a soluciones de datos de ultima tecnolog\u00eda, conocimientos expertos, una amplia red y un compromiso hacia la excelencia que capacita  las ciudades para prosperar en la era digital.<\/p>\r\n                        <div class=\"d-flex align-items-center gap-3 gap-sm-4 flex-wrap\">\r\n                            <a href='#partner'rel='nofollow'target='_blank'\"\r\n class=\"template-btn primary-btn wow fadeInUp\"\r\n                               data-wow-delay=\"0.4s\">EXPLORAR<\/a>\r\n                            <a href='https:\/\/buspas.com\/es\/contact\/'rel='nofollow'target='_blank'\"\r\n class=\"template-btn outline-secondary wow fadeInUp hero-watch-btn\"\r\n                               data-wow-delay=\"0.5s\">ASOCIARSE <span\r\n                                        class=\"ms-2\">   <\/span><\/a>\r\n                        <\/div>\r\n                    <\/div>\r\n                <\/div>\r\n            <\/div>\r\n        <\/div>\r\n    <\/section>\r\n    <!--call to action end-->\r\n    \r\n        \t\t\t\t<\/div>\n\t\t\t\t<\/div>\n\t\t\t\t<div class=\"elementor-element elementor-element-8057faa elementor-widget elementor-widget-crete-video-box\" data-id=\"8057faa\" data-element_type=\"widget\" data-e-type=\"widget\" data-widget_type=\"crete-video-box.default\">\n\t\t\t\t<div class=\"elementor-widget-container\">\n\t\t\t\t\t        <!--video box start-->\n        <section class=\"hm2-video-section\">\n            <div class=\"container custom_container_width\">\n                <div class=\"hm2-video-box d-flex align-items-center justify-content-between theme-shadow position-relative z-1 overflow-hidden gap-5 flex-wrap\">\n                                            <img decoding=\"async\" src=\"https:\/\/buspas.com\/\/wp-content\/uploads\/2023\/08\/curve-shape.png\" alt=\"curve shape\" class=\"position-absolute curve-shape z--1\">\n                                        <div class=\"content-left d-flex align-items-center gap-4 flex-wrap flex-md-nowrap\">\n                                                    <a href=\"https:\/\/buspas.com\/es\/contact\/#locations\" class=\"video-popup-btn ripple-effect\"><i class=\"fas fa-play\"><\/i><\/a>\n                                                <div>\n                                                            <h3 class=\"mb-2 crete__video_box-heading\">Programa de Asociaci\u00f3n Universitaria<\/h3>\n                                                                                        <p class=\"mb-0 lead crete__video_box-info\">\u00bfTienes una idea para una aplicaci\u00f3n? \u00a1Env\u00edala ahora para tener la oportunidad de ganar!<\/p>\n                                                    <\/div>\n                    <\/div>\n                                            <a href=\"https:\/\/buspas.com\/es\/contact\/\" class=\"template-btn primary-btn\">CONT\u00c1CTANOS<\/a>\n                                    <\/div>\n            <\/div>\n        <\/section>\n        <!--video box end-->\n        \t\t\t\t<\/div>\n\t\t\t\t<\/div>\n\t\t\t\t<div class=\"elementor-element elementor-element-263e94c elementor-widget elementor-widget-menu-anchor\" data-id=\"263e94c\" data-element_type=\"widget\" data-e-type=\"widget\" data-widget_type=\"menu-anchor.default\">\n\t\t\t\t<div class=\"elementor-widget-container\">\n\t\t\t\t\t\t\t<div class=\"elementor-menu-anchor\" id=\"partner\"><\/div>\n\t\t\t\t\t\t<\/div>\n\t\t\t\t<\/div>\n\t\t\t\t<div class=\"elementor-element elementor-element-5a2fbd4 elementor-widget elementor-widget-crete_brands\" data-id=\"5a2fbd4\" data-element_type=\"widget\" data-e-type=\"widget\" data-widget_type=\"crete_brands.default\">\n\t\t\t\t<div class=\"elementor-widget-container\">\n\t\t\t\t\t        \n            <div class=\"position-relative\">\r\n     <span class=\"layer-blur position-absolute z--1\"><\/span>\r\n  <!--brand section start-->\r\n        <div class=\"crb-brand-section ptb-100\">\r\n            <div class=\"container\">\r\n                <div class=\"crb-brand-area bg-white theme-shadow rounded-5\">\r\n                    <div class=\"row\">\r\n                        <div class=\"col-xl-6\">\r\n                            <div class=\"section-title\">\r\n                               \r\n                                \r\n                                                                  <span class=\"cr-subtitle position-relative primary-text-color fw-semibold wow fadeInUp d-inline-block\">Socios de Integraci\u00f3n<\/span>\r\n                                                                                <h2 class=\"mt-4 mb-0 wow fadeInUp\" data-wow-delay=\"0.2s\">Expandiendo <span class=\"primary-text-color primary-bg-light\">adquisici\u00f3n de datos.<\/span><\/h2>\r\n                                                \r\n                            <\/div>\r\n                        <\/div>\r\n                    <\/div>\r\n                    <div class=\"crb-brand-slider slider-spacing mt-5\">\r\n                                                <div class=\"single-item\">\r\n                            <img decoding=\"async\" src=\"https:\/\/buspas.com\/\/wp-content\/uploads\/2024\/09\/Accenture-Logo-1.webp\" alt=\"brand\" class=\"img-fluid\">\r\n                        <\/div>\r\n                                                <div class=\"single-item\">\r\n                            <img decoding=\"async\" src=\"https:\/\/buspas.com\/\/wp-content\/uploads\/2024\/09\/KPI-Digital-3.webp\" alt=\"brand\" class=\"img-fluid\">\r\n                        <\/div>\r\n                                                <div class=\"single-item\">\r\n                            <img decoding=\"async\" src=\"https:\/\/buspas.com\/\/wp-content\/uploads\/2024\/09\/Carritec-Logo-1.webp\" alt=\"brand\" class=\"img-fluid\">\r\n                        <\/div>\r\n                                                <div class=\"single-item\">\r\n                            <img decoding=\"async\" src=\"https:\/\/buspas.com\/\/wp-content\/uploads\/2024\/09\/IBM-Smarter-Cities-Logo-1.webp\" alt=\"brand\" class=\"img-fluid\">\r\n                        <\/div>\r\n                                                <div class=\"single-item\">\r\n                            <img decoding=\"async\" src=\"https:\/\/buspas.com\/\/wp-content\/uploads\/2024\/09\/Kalitec-Logo-1.webp\" alt=\"brand\" class=\"img-fluid\">\r\n                        <\/div>\r\n                                                <div class=\"single-item\">\r\n                            <img decoding=\"async\" src=\"https:\/\/buspas.com\/\/wp-content\/uploads\/2024\/09\/Nvidia-Logo.webp\" alt=\"brand\" class=\"img-fluid\">\r\n                        <\/div>\r\n                                                \r\n                    <\/div>\r\n                <\/div>\r\n            <\/div>\r\n        <\/div>\r\n        <!--brand section end-->\r\n    <\/div>\r\n    \r\n    \r\n\n        \n        \t\t\t\t<\/div>\n\t\t\t\t<\/div>\n\t\t\t\t<div class=\"elementor-element elementor-element-61dd87e elementor-widget elementor-widget-crete_brands\" data-id=\"61dd87e\" data-element_type=\"widget\" data-e-type=\"widget\" data-widget_type=\"crete_brands.default\">\n\t\t\t\t<div class=\"elementor-widget-container\">\n\t\t\t\t\t        \n            <div class=\"position-relative\">\r\n     <span class=\"layer-blur position-absolute z--1\"><\/span>\r\n  <!--brand section start-->\r\n        <div class=\"crb-brand-section ptb-100\">\r\n            <div class=\"container\">\r\n                <div class=\"crb-brand-area bg-white theme-shadow rounded-5\">\r\n                    <div class=\"row\">\r\n                        <div class=\"col-xl-6\">\r\n                            <div class=\"section-title\">\r\n                               \r\n                                \r\n                                                                  <span class=\"cr-subtitle position-relative primary-text-color fw-semibold wow fadeInUp d-inline-block\">Socios Municipales<\/span>\r\n                                                                                <h2 class=\"mt-4 mb-0 wow fadeInUp\" data-wow-delay=\"0.2s\">Mejorando <span class=\"primary-text-color primary-bg-light\">comunidades.<\/span><\/h2>\r\n                                                \r\n                            <\/div>\r\n                        <\/div>\r\n                    <\/div>\r\n                    <div class=\"crb-brand-slider slider-spacing mt-5\">\r\n                                                <div class=\"single-item\">\r\n                            <img decoding=\"async\" src=\"https:\/\/buspas.com\/\/wp-content\/uploads\/2024\/09\/STL-Laval-logo.webp\" alt=\"brand\" class=\"img-fluid\">\r\n                        <\/div>\r\n                                                <div class=\"single-item\">\r\n                            <img decoding=\"async\" src=\"https:\/\/buspas.com\/\/wp-content\/uploads\/2024\/09\/Sainte-Therese-logo.webp\" alt=\"brand\" class=\"img-fluid\">\r\n                        <\/div>\r\n                                                <div class=\"single-item\">\r\n                            <img decoding=\"async\" src=\"https:\/\/buspas.com\/\/wp-content\/uploads\/2024\/09\/Sainte-Julie-logo-2-1.webp\" alt=\"brand\" class=\"img-fluid\">\r\n                        <\/div>\r\n                                                <div class=\"single-item\">\r\n                            <img decoding=\"async\" src=\"https:\/\/buspas.com\/\/wp-content\/uploads\/2024\/09\/Transports-Metropolitans-de-Barcelona-TMB-Logo.webp\" alt=\"brand\" class=\"img-fluid\">\r\n                        <\/div>\r\n                                                <div class=\"single-item\">\r\n                            <img decoding=\"async\" src=\"https:\/\/buspas.com\/\/wp-content\/uploads\/2024\/09\/Barcelona-Innova-Lab-Logo.webp\" alt=\"brand\" class=\"img-fluid\">\r\n                        <\/div>\r\n                                                <div class=\"single-item\">\r\n                            <img decoding=\"async\" src=\"https:\/\/buspas.com\/\/wp-content\/uploads\/2024\/09\/Fira-Barcelona-Logo.webp\" alt=\"brand\" class=\"img-fluid\">\r\n                        <\/div>\r\n                                                <div class=\"single-item\">\r\n                            <img decoding=\"async\" src=\"https:\/\/buspas.com\/\/wp-content\/uploads\/2024\/09\/City-of-Barcelona-Logo-1.webp\" alt=\"brand\" class=\"img-fluid\">\r\n                        <\/div>\r\n                                                <div class=\"single-item\">\r\n                            <img decoding=\"async\" src=\"https:\/\/buspas.com\/\/wp-content\/uploads\/2024\/09\/New-Jersey-Logo.webp\" alt=\"brand\" class=\"img-fluid\">\r\n                        <\/div>\r\n                                                \r\n                    <\/div>\r\n                <\/div>\r\n            <\/div>\r\n        <\/div>\r\n        <!--brand section end-->\r\n    <\/div>\r\n    \r\n    \r\n\n        \n        \t\t\t\t<\/div>\n\t\t\t\t<\/div>\n\t\t\t\t<div class=\"elementor-element elementor-element-c4c4d7a elementor-widget elementor-widget-crete_brands\" data-id=\"c4c4d7a\" data-element_type=\"widget\" data-e-type=\"widget\" data-widget_type=\"crete_brands.default\">\n\t\t\t\t<div class=\"elementor-widget-container\">\n\t\t\t\t\t        \n            <div class=\"position-relative\">\r\n     <span class=\"layer-blur position-absolute z--1\"><\/span>\r\n  <!--brand section start-->\r\n        <div class=\"crb-brand-section ptb-100\">\r\n            <div class=\"container\">\r\n                <div class=\"crb-brand-area bg-white theme-shadow rounded-5\">\r\n                    <div class=\"row\">\r\n                        <div class=\"col-xl-6\">\r\n                            <div class=\"section-title\">\r\n                               \r\n                                \r\n                                                                  <span class=\"cr-subtitle position-relative primary-text-color fw-semibold wow fadeInUp d-inline-block\">Socios publicitarios<\/span>\r\n                                                                                <h2 class=\"mt-4 mb-0 wow fadeInUp\" data-wow-delay=\"0.2s\">Maximizando <span class=\"primary-text-color primary-bg-light\">d\u00f3lares de publicidad.<\/span><\/h2>\r\n                                                \r\n                            <\/div>\r\n                        <\/div>\r\n                    <\/div>\r\n                    <div class=\"crb-brand-slider slider-spacing mt-5\">\r\n                                                <div class=\"single-item\">\r\n                            <img decoding=\"async\" src=\"https:\/\/buspas.com\/\/wp-content\/uploads\/2024\/09\/Imagi-Affichage-Logo-1.webp\" alt=\"brand\" class=\"img-fluid\">\r\n                        <\/div>\r\n                                                <div class=\"single-item\">\r\n                            <img decoding=\"async\" src=\"https:\/\/buspas.com\/\/wp-content\/uploads\/2024\/09\/JCDecaux-Logo.webp\" alt=\"brand\" class=\"img-fluid\">\r\n                        <\/div>\r\n                                                <div class=\"single-item\">\r\n                            <img decoding=\"async\" src=\"https:\/\/buspas.com\/\/wp-content\/uploads\/2024\/09\/Outfront-Logo.webp\" alt=\"brand\" class=\"img-fluid\">\r\n                        <\/div>\r\n                                                <div class=\"single-item\">\r\n                            <img decoding=\"async\" src=\"https:\/\/buspas.com\/\/wp-content\/uploads\/2024\/09\/Quebecor-Logo.webp\" alt=\"brand\" class=\"img-fluid\">\r\n                        <\/div>\r\n                                                <div class=\"single-item\">\r\n                            <img decoding=\"async\" src=\"https:\/\/buspas.com\/\/wp-content\/uploads\/2024\/09\/Intersection-Logo-2.webp\" alt=\"brand\" class=\"img-fluid\">\r\n                        <\/div>\r\n                                                <div class=\"single-item\">\r\n                            <img decoding=\"async\" src=\"https:\/\/buspas.com\/\/wp-content\/uploads\/2024\/09\/Tranzito-Smart-Mobility-Logo-1.webp\" alt=\"brand\" class=\"img-fluid\">\r\n                        <\/div>\r\n                                                <div class=\"single-item\">\r\n                            <img decoding=\"async\" src=\"https:\/\/buspas.com\/\/wp-content\/uploads\/2024\/09\/Clear-Channel-Logo-1.webp\" alt=\"brand\" class=\"img-fluid\">\r\n                        <\/div>\r\n                                                <div class=\"single-item\">\r\n                            <img decoding=\"async\" src=\"https:\/\/buspas.com\/\/wp-content\/uploads\/2024\/09\/Vector-Logo-1.webp\" alt=\"brand\" class=\"img-fluid\">\r\n                        <\/div>\r\n                                                <div class=\"single-item\">\r\n                            <img decoding=\"async\" src=\"https:\/\/buspas.com\/\/wp-content\/uploads\/2024\/09\/Rogers-Logo-1.webp\" alt=\"brand\" class=\"img-fluid\">\r\n                        <\/div>\r\n                                                \r\n                    <\/div>\r\n                <\/div>\r\n            <\/div>\r\n        <\/div>\r\n        <!--brand section end-->\r\n    <\/div>\r\n    \r\n    \r\n\n        \n        \t\t\t\t<\/div>\n\t\t\t\t<\/div>\n\t\t\t\t<div class=\"elementor-element elementor-element-ef4c050 elementor-widget elementor-widget-crete_brands\" data-id=\"ef4c050\" data-element_type=\"widget\" data-e-type=\"widget\" data-widget_type=\"crete_brands.default\">\n\t\t\t\t<div class=\"elementor-widget-container\">\n\t\t\t\t\t        \n            <div class=\"position-relative\">\r\n     <span class=\"layer-blur position-absolute z--1\"><\/span>\r\n  <!--brand section start-->\r\n        <div class=\"crb-brand-section ptb-100\">\r\n            <div class=\"container\">\r\n                <div class=\"crb-brand-area bg-white theme-shadow rounded-5\">\r\n                    <div class=\"row\">\r\n                        <div class=\"col-xl-6\">\r\n                            <div class=\"section-title\">\r\n                               \r\n                                \r\n                                                                  <span class=\"cr-subtitle position-relative primary-text-color fw-semibold wow fadeInUp d-inline-block\">Colaboradores acad\u00e9micos<\/span>\r\n                                                                                <h2 class=\"mt-4 mb-0 wow fadeInUp\" data-wow-delay=\"0.2s\">Impulsar la <span class=\"primary-text-color primary-bg-light\">innovaci\u00f3n.<\/span><\/h2>\r\n                                                \r\n                            <\/div>\r\n                        <\/div>\r\n                    <\/div>\r\n                    <div class=\"crb-brand-slider slider-spacing mt-5\">\r\n                                                <div class=\"single-item\">\r\n                            <img decoding=\"async\" src=\"https:\/\/buspas.com\/\/wp-content\/uploads\/2024\/09\/30-1.png\" alt=\"brand\" class=\"img-fluid\">\r\n                        <\/div>\r\n                                                <div class=\"single-item\">\r\n                            <img decoding=\"async\" src=\"https:\/\/buspas.com\/\/wp-content\/uploads\/2024\/09\/Buspas-Partner-Page-Logos-Colour-.webp\" alt=\"brand\" class=\"img-fluid\">\r\n                        <\/div>\r\n                                                <div class=\"single-item\">\r\n                            <img decoding=\"async\" src=\"https:\/\/buspas.com\/\/wp-content\/uploads\/2024\/09\/31.png\" alt=\"brand\" class=\"img-fluid\">\r\n                        <\/div>\r\n                                                <div class=\"single-item\">\r\n                            <img decoding=\"async\" src=\"https:\/\/buspas.com\/\/wp-content\/uploads\/2024\/09\/33.png\" alt=\"brand\" class=\"img-fluid\">\r\n                        <\/div>\r\n                                                <div class=\"single-item\">\r\n                            <img decoding=\"async\" src=\"https:\/\/buspas.com\/\/wp-content\/uploads\/2024\/09\/36.png\" alt=\"brand\" class=\"img-fluid\">\r\n                        <\/div>\r\n                                                <div class=\"single-item\">\r\n                            <img decoding=\"async\" src=\"https:\/\/buspas.com\/\/wp-content\/uploads\/2024\/09\/Hec-Logo.webp\" alt=\"brand\" class=\"img-fluid\">\r\n                        <\/div>\r\n                                                \r\n                    <\/div>\r\n                <\/div>\r\n            <\/div>\r\n        <\/div>\r\n        <!--brand section end-->\r\n    <\/div>\r\n    \r\n    \r\n\n        \n        \t\t\t\t<\/div>\n\t\t\t\t<\/div>\n\t\t\t\t\t<\/div>\n\t\t\t\t<\/div>\n\t\t<div class=\"elementor-element elementor-element-62f11d1 e-flex e-con-boxed e-con e-parent\" data-id=\"62f11d1\" data-element_type=\"container\" data-e-type=\"container\">\n\t\t\t\t\t<div class=\"e-con-inner\">\n\t\t\t\t<div class=\"elementor-element elementor-element-b0a6cb4 elementor-widget elementor-widget-crete-video-box\" data-id=\"b0a6cb4\" data-element_type=\"widget\" data-e-type=\"widget\" data-widget_type=\"crete-video-box.default\">\n\t\t\t\t<div class=\"elementor-widget-container\">\n\t\t\t\t\t        <!--video box start-->\n        <section class=\"hm2-video-section\">\n            <div class=\"container custom_container_width\">\n                <div class=\"hm2-video-box d-flex align-items-center justify-content-between theme-shadow position-relative z-1 overflow-hidden gap-5 flex-wrap\">\n                                            <img decoding=\"async\" src=\"https:\/\/buspas.com\/\/wp-content\/uploads\/2023\/08\/curve-shape.png\" alt=\"curve shape\" class=\"position-absolute curve-shape z--1\">\n                                        <div class=\"content-left d-flex align-items-center gap-4 flex-wrap flex-md-nowrap\">\n                                                <div>\n                                                            <h3 class=\"mb-2 crete__video_box-heading\">H\u00e1gase socio.<\/h3>\n                                                                                        <p class=\"mb-0 lead crete__video_box-info\">Comparta su mobiliario urbano y aporte m\u00e1s valor a su comunidad.<\/p>\n                                                    <\/div>\n                    <\/div>\n                                            <a href=\"https:\/\/buspas.com\/es\/contact\/\" class=\"template-btn primary-btn\">CONT\u00c1CTANOS<\/a>\n                                    <\/div>\n            <\/div>\n        <\/section>\n        <!--video box end-->\n        \t\t\t\t<\/div>\n\t\t\t\t<\/div>\n\t\t\t\t<div class=\"elementor-element elementor-element-97aa0e7 elementor-widget elementor-widget-spacer\" data-id=\"97aa0e7\" data-element_type=\"widget\" data-e-type=\"widget\" data-widget_type=\"spacer.default\">\n\t\t\t\t<div class=\"elementor-widget-container\">\n\t\t\t\t\t\t\t<div class=\"elementor-spacer\">\n\t\t\t<div class=\"elementor-spacer-inner\"><\/div>\n\t\t<\/div>\n\t\t\t\t\t\t<\/div>\n\t\t\t\t<\/div>\n\t\t\t\t<div class=\"elementor-element elementor-element-2bbc918 elementor-widget elementor-widget-spacer\" data-id=\"2bbc918\" data-element_type=\"widget\" data-e-type=\"widget\" data-widget_type=\"spacer.default\">\n\t\t\t\t<div class=\"elementor-widget-container\">\n\t\t\t\t\t\t\t<div class=\"elementor-spacer\">\n\t\t\t<div class=\"elementor-spacer-inner\"><\/div>\n\t\t<\/div>\n\t\t\t\t\t\t<\/div>\n\t\t\t\t<\/div>\n\t\t\t\t\t<\/div>\n\t\t\t\t<\/div>\n\t\t\t\t<\/div>","protected":false},"excerpt":{"rendered":"<p>Partners True collaboration &#038; unparalleled transparency are the keys to the smart city. At BusPas, we believe that collaboration is the key to building smarter, more connected cities. Our partnerships are built on a shared vision of innovation, sustainability, and community impact. Together, with industry leaders, technology pioneers, advertising pros, and municipal agencies, we\u2019re driving [&hellip;]<\/p>\n","protected":false},"author":2,"featured_media":0,"parent":0,"menu_order":0,"comment_status":"closed","ping_status":"closed","template":"elementor_header_footer","meta":{"_acf_changed":false,"bg_version":"","footnotes":""},"class_list":["post-3645","page","type-page","status-publish","hentry"],"acf":[],"_links":{"self":[{"href":"https:\/\/buspas.com\/es\/wp-json\/wp\/v2\/pages\/3645","targetHints":{"allow":["GET"]}}],"collection":[{"href":"https:\/\/buspas.com\/es\/wp-json\/wp\/v2\/pages"}],"about":[{"href":"https:\/\/buspas.com\/es\/wp-json\/wp\/v2\/types\/page"}],"author":[{"embeddable":true,"href":"https:\/\/buspas.com\/es\/wp-json\/wp\/v2\/users\/2"}],"replies":[{"embeddable":true,"href":"https:\/\/buspas.com\/es\/wp-json\/wp\/v2\/comments?post=3645"}],"version-history":[{"count":0,"href":"https:\/\/buspas.com\/es\/wp-json\/wp\/v2\/pages\/3645\/revisions"}],"wp:attachment":[{"href":"https:\/\/buspas.com\/es\/wp-json\/wp\/v2\/media?parent=3645"}],"curies":[{"name":"wp","href":"https:\/\/api.w.org\/{rel}","templated":true}]}}