{"id":3525,"date":"2024-07-24T00:48:29","date_gmt":"2024-07-24T00:48:29","guid":{"rendered":"https:\/\/4hh.9e1.mytemp.website\/?page_id=3525"},"modified":"2024-09-30T15:47:09","modified_gmt":"2024-09-30T15:47:09","slug":"vision","status":"publish","type":"page","link":"https:\/\/buspas.com\/es\/vision\/","title":{"rendered":"Visi\u00f3n"},"content":{"rendered":"<div data-elementor-type=\"wp-page\" data-elementor-id=\"3525\" class=\"elementor elementor-3525\" data-elementor-post-type=\"page\">\n\t\t\t\t<div class=\"elementor-element elementor-element-4179194 e-flex e-con-boxed e-con e-parent\" data-id=\"4179194\" data-element_type=\"container\" data-e-type=\"container\">\n\t\t\t\t\t<div class=\"e-con-inner\">\n\t\t\t\t<div class=\"elementor-element elementor-element-fa26299 elementor-widget elementor-widget-crete_info_section\" data-id=\"fa26299\" data-element_type=\"widget\" data-e-type=\"widget\" data-widget_type=\"crete_info_section.default\">\n\t\t\t\t<div class=\"elementor-widget-container\">\n\t\t\t\t\t    <!--call to action start-->\r\n    <section class=\"hm2-cta-section bg-white ptb-100 overflow-hidden\">\r\n        <div class=\"container\">\r\n            <div class=\"row align-items-center g-5 crete_reverce_info\">\r\n                <div class=\"col-xl-6\">\r\n                    <div class=\"hm2-cta-left position-relative z-1\">\r\n\r\n                        <span class=\"circle-shape position-absolute z--1\"><\/span>\r\n                        <img decoding=\"async\" src=\"https:\/\/buspas.com\/\/wp-content\/uploads\/2024\/09\/ORA-Highlight.png\" alt=\"not found\"\r\n                             class=\"img-fluid cta-1 wow fadeInLeft\">\r\n                        <img decoding=\"async\" src=\"https:\/\/buspas.com\/\/wp-content\/uploads\/2024\/09\/ORA-Highlight-1-e1725305679328.png\" alt=\"not found\"\r\n                             class=\"img-fluid cta-2 wow fadeInRight\">\r\n                    <\/div>\r\n                <\/div>\r\n                <div class=\"col-xl-6\">\r\n                    <div class=\"hm2-cta-content ps-xl-5\">\r\n                        <span class=\"cr-subtitle position-relative primary-text-color fw-semibold wow fadeInUp d-inline-block\">Visi\u00f3n<\/span>\r\n                        <h2 class=\"mt-32 mb-40 wow fadeInUp translation-block\"\r\n                            data-wow-delay=\"0.2s\">La plataforma ORA y <span class=\"primary-bg-light primary-text-color px-2\">nuestro futuro conectado y colaborativo.<\/span><\/h2>\r\n                        <p class=\"mb-5 wow fadeInUp\"\r\n                           data-wow-delay=\"0.3s\">La visi\u00f3n es simple: Capacitando a las ciudades d\u00e1ndoles mejores datos, soluciones y herramientas para la toma de decisiones sin costes prohibitivos. Nuestra visi\u00f3n es acelerar la evoluci\u00f3n de la movilidad urbana y la infraestructura de las ciudades inteligentes, creando entornos urbanos sostenibles e integrados. \nLa visi\u00f3n es simple: Capacitando a las ciudades proporcionando mejores datos, soluciones y herramientas para la toma de decisiones sin costes prohibitivos. Estamos despejando el camino para que los ayuntamientos se conviertan en ciudades inteligentes. Resolver de forma estrat\u00e9gica los problemas de los viajeros actuales nos prepara para un futuro sin tr\u00e1fico y sin conductores.<\/p>\r\n                        <div class=\"d-flex align-items-center gap-3 gap-sm-4 flex-wrap\">\r\n                            <a href='#Sustainability'rel='nofollow'\"\r\n class=\"template-btn primary-btn wow fadeInUp\"\r\n                               data-wow-delay=\"0.4s\">SABER M\u00c1S<\/a>\r\n                            <a href='https:\/\/buspas.com\/es\/ora-ecosystem\/'rel='nofollow'\"\r\n class=\"template-btn outline-secondary wow fadeInUp hero-watch-btn\"\r\n                               data-wow-delay=\"0.5s\">ECOSISTEMA ORA <span\r\n                                        class=\"ms-2\">   <\/span><\/a>\r\n                        <\/div>\r\n                    <\/div>\r\n                <\/div>\r\n            <\/div>\r\n        <\/div>\r\n    <\/section>\r\n    <!--call to action end-->\r\n    \r\n        \t\t\t\t<\/div>\n\t\t\t\t<\/div>\n\t\t\t\t<div class=\"elementor-element elementor-element-971bbe7 elementor-widget elementor-widget-menu-anchor\" data-id=\"971bbe7\" data-element_type=\"widget\" data-e-type=\"widget\" data-widget_type=\"menu-anchor.default\">\n\t\t\t\t<div class=\"elementor-widget-container\">\n\t\t\t\t\t\t\t<div class=\"elementor-menu-anchor\" id=\"Sustainability\"><\/div>\n\t\t\t\t\t\t<\/div>\n\t\t\t\t<\/div>\n\t\t\t\t<div class=\"elementor-element elementor-element-aea73f5 elementor-widget elementor-widget-crete_info_section\" data-id=\"aea73f5\" data-element_type=\"widget\" data-e-type=\"widget\" data-widget_type=\"crete_info_section.default\">\n\t\t\t\t<div class=\"elementor-widget-container\">\n\t\t\t\t\t    <!--call to action start-->\r\n    <section class=\"hm2-cta-section bg-white ptb-100 overflow-hidden\">\r\n        <div class=\"container\">\r\n            <div class=\"row align-items-center g-5 crete_reverce_info\">\r\n                <div class=\"col-xl-6\">\r\n                    <div class=\"hm2-cta-left position-relative z-1\">\r\n\r\n                        <span class=\"circle-shape position-absolute z--1\"><\/span>\r\n                        <img decoding=\"async\" src=\"https:\/\/buspas.com\/\/wp-content\/uploads\/2024\/09\/12.png\" alt=\"not found\"\r\n                             class=\"img-fluid cta-1 wow fadeInLeft\">\r\n                        <img decoding=\"async\" src=\"https:\/\/buspas.com\/\/wp-content\/uploads\/2024\/09\/BusPas-Square-Social-Templates-8.png\" alt=\"not found\"\r\n                             class=\"img-fluid cta-2 wow fadeInRight\">\r\n                    <\/div>\r\n                <\/div>\r\n                <div class=\"col-xl-6\">\r\n                    <div class=\"hm2-cta-content ps-xl-5\">\r\n                        <span class=\"cr-subtitle position-relative primary-text-color fw-semibold wow fadeInUp d-inline-block\">Sostenibilidad<\/span>\r\n                        <h2 class=\"mt-32 mb-40 wow fadeInUp\"\r\n                            data-wow-delay=\"0.2s\">Haciendo que los entornos urbanos sean m\u00e1s seguros, limpios y ecol\u00f3gicos  <span\r\n                                    class=\"primary-bg-light primary-text-color px-2\">aprovechando los datos de sensores<\/span> para alertas automatizadas.                        <\/h2>\r\n                        <p class=\"mb-5 wow fadeInUp\"\r\n                           data-wow-delay=\"0.3s\">Nuestras paradas de autob\u00fas inteligentes, habilitadas con energ\u00eda solar y potenciado por IA, obtienen energ\u00eda del sol y utilizan energ\u00eda de la red cuando es necesario. El procesamiento de datos en el borde permite que nuestro sistema identifique problemas y env\u00ede se\u00f1ales automatizadas para la recolecci\u00f3n de basura, la eliminaci\u00f3n de grafitis, la intervenci\u00f3n en situaciones de angustia de los pasajeros, la indigencia y la reparaci\u00f3n de refugios. Las alertas ayudan a mantener las paradas de autob\u00fas seguras y limpias, incentivando el uso del transporte y desincentivando la basura y el mal comportamiento. <\/p>\r\n                        <div class=\"d-flex align-items-center gap-3 gap-sm-4 flex-wrap\">\r\n                            <a href='#Efficiency'rel='nofollow'\"\r\n class=\"template-btn primary-btn wow fadeInUp\"\r\n                               data-wow-delay=\"0.4s\">C\u00d3MO FUNCIONA<\/a>\r\n                            <a href='https:\/\/buspas.com\/es\/technical-specifications\/'rel='nofollow'\"\r\n class=\"template-btn outline-secondary wow fadeInUp hero-watch-btn\"\r\n                               data-wow-delay=\"0.5s\">ESPECIFICACIONES T\u00c9CNICAS <span\r\n                                        class=\"ms-2\">   <i aria-hidden=\"true\" class=\"isax icon-stickynote\"><\/i><\/span><\/a>\r\n                        <\/div>\r\n                    <\/div>\r\n                <\/div>\r\n            <\/div>\r\n        <\/div>\r\n    <\/section>\r\n    <!--call to action end-->\r\n    \r\n        \t\t\t\t<\/div>\n\t\t\t\t<\/div>\n\t\t\t\t<div class=\"elementor-element elementor-element-52a68b5 elementor-widget elementor-widget-menu-anchor\" data-id=\"52a68b5\" data-element_type=\"widget\" data-e-type=\"widget\" data-widget_type=\"menu-anchor.default\">\n\t\t\t\t<div class=\"elementor-widget-container\">\n\t\t\t\t\t\t\t<div class=\"elementor-menu-anchor\" id=\"Efficiency\"><\/div>\n\t\t\t\t\t\t<\/div>\n\t\t\t\t<\/div>\n\t\t\t\t<div class=\"elementor-element elementor-element-5853d18 elementor-widget elementor-widget-crete_info_section\" data-id=\"5853d18\" data-element_type=\"widget\" data-e-type=\"widget\" data-widget_type=\"crete_info_section.default\">\n\t\t\t\t<div class=\"elementor-widget-container\">\n\t\t\t\t\t    <!--call to action start-->\r\n    <section class=\"hm2-cta-section bg-white ptb-100 overflow-hidden\">\r\n        <div class=\"container\">\r\n            <div class=\"row align-items-center g-5 crete_reverce_info\">\r\n                <div class=\"col-xl-6\">\r\n                    <div class=\"hm2-cta-left position-relative z-1\">\r\n\r\n                        <span class=\"circle-shape position-absolute z--1\"><\/span>\r\n                        <img decoding=\"async\" src=\"https:\/\/buspas.com\/\/wp-content\/uploads\/2024\/09\/30.png\" alt=\"not found\"\r\n                             class=\"img-fluid cta-1 wow fadeInLeft\">\r\n                        <img decoding=\"async\" src=\"https:\/\/buspas.com\/\/wp-content\/uploads\/2024\/09\/ORA-Billboard-Square-1.png\" alt=\"not found\"\r\n                             class=\"img-fluid cta-2 wow fadeInRight\">\r\n                    <\/div>\r\n                <\/div>\r\n                <div class=\"col-xl-6\">\r\n                    <div class=\"hm2-cta-content ps-xl-5\">\r\n                        <span class=\"cr-subtitle position-relative primary-text-color fw-semibold wow fadeInUp d-inline-block\">Eficiencia<\/span>\r\n                        <h2 class=\"mt-32 mb-40 wow fadeInUp\"\r\n                            data-wow-delay=\"0.2s\">Reducir  <span\r\n                                    class=\"primary-bg-light primary-text-color px-2\">costos, emisiones y congesti\u00f3n<\/span> en tiempo real.                        <\/h2>\r\n                        <p class=\"mb-5 wow fadeInUp\"\r\n                           data-wow-delay=\"0.3s\">Nuestros sistemas de control de carriles de autob\u00fas garantizan un uso eficiente de los carriles de autob\u00fas, disminuyendo la congesti\u00f3n del tr\u00e1fico y mejorando los tiempos del transporte p\u00fablico. Ahora, podemos asegurar que cada pasajero tenga acceso a un transporte oportuno y que cada municipio tenga acceso a tecnolog\u00eda de vanguardia. Al integrar informaci\u00f3n en tiempo real sobre pasajeros y an\u00e1lisis de datos, permitimos que las ciudades optimicen sus operaciones, reduciendo la necesidad de costosas expansiones. Nuestro mobiliario urbano inteligente, como las paradas de autob\u00fas alimentadas por energ\u00eda solar, tambi\u00e9n reduce el consumo de energ\u00eda y las emisiones de carbono. Estas innovaciones crean colectivamente entornos urbanos m\u00e1s eficientes y sostenibles, ahorrando dinero a las ciudades mientras mejoran la experiencia del pasajero y reducen el impacto ambiental.<\/p>\r\n                        <div class=\"d-flex align-items-center gap-3 gap-sm-4 flex-wrap\">\r\n                            <a href='#Interoperability'rel='nofollow'\"\r\n class=\"template-btn primary-btn wow fadeInUp\"\r\n                               data-wow-delay=\"0.4s\">SABER M\u00c1S<\/a>\r\n                            <a href=\"https:\/\/safersmartzones.com\" rel=\"nofollow noopener\" target=\"_blank\" class=\"template-btn outline-secondary wow fadeInUp hero-watch-btn\" data-wow-delay=\"0.5s\">APLICACI\u00d3N <span\r\n                                        class=\"ms-2\">   <\/span><\/a>\r\n                        <\/div>\r\n                    <\/div>\r\n                <\/div>\r\n            <\/div>\r\n        <\/div>\r\n    <\/section>\r\n    <!--call to action end-->\r\n    \r\n        \t\t\t\t<\/div>\n\t\t\t\t<\/div>\n\t\t\t\t\t<\/div>\n\t\t\t\t<\/div>\n\t\t<div class=\"elementor-element elementor-element-d51b548 e-flex e-con-boxed e-con e-parent\" data-id=\"d51b548\" data-element_type=\"container\" data-e-type=\"container\">\n\t\t\t\t\t<div class=\"e-con-inner\">\n\t\t\t\t<div class=\"elementor-element elementor-element-00e4084 elementor-widget elementor-widget-menu-anchor\" data-id=\"00e4084\" data-element_type=\"widget\" data-e-type=\"widget\" data-widget_type=\"menu-anchor.default\">\n\t\t\t\t<div class=\"elementor-widget-container\">\n\t\t\t\t\t\t\t<div class=\"elementor-menu-anchor\" id=\"Interoperability\"><\/div>\n\t\t\t\t\t\t<\/div>\n\t\t\t\t<\/div>\n\t\t\t\t<div class=\"elementor-element elementor-element-569e423 elementor-widget elementor-widget-crete_info_section_two\" data-id=\"569e423\" data-element_type=\"widget\" data-e-type=\"widget\" data-widget_type=\"crete_info_section_two.default\">\n\t\t\t\t<div class=\"elementor-widget-container\">\n\t\t\t\t\t        \r\n            <!--about section start-->\r\n    <section class=\"about-section ptb-100 overflow-hidden\">\r\n        <div class=\"container\">\r\n            <div class=\"row align-items-center g-5\">\r\n                <div class=\"col-xl-6\">\r\n                    <div class=\"about-content-left position-relative\">\r\n                                                    <img decoding=\"async\" src=\"https:\/\/buspas.com\/\/wp-content\/uploads\/2024\/09\/ORA-Highlight-2.png\" alt=\"not found\" class=\"img-fluid\">\r\n                        \r\n\r\n\r\n                                            <\/div>\r\n                <\/div>\r\n                <div class=\"col-xl-6\">\r\n                    <div class=\"about-content-right\">\r\n\r\n                                                    <span class=\"cr-subtitle fw-semibold position-relative primary-text-color wow fadeInUp d-inline-block\">Interoperabilidad<\/span>\r\n                        \r\n                                                    <h2 class=\"mt-4 mb-4 wow fadeInUp crete_info_two_title\"\r\n                                data-wow-delay=\"0.2s\">Aumentar la cantidad de pasajeros, mejorar el servicio y expandir                                <span\r\n                                        class=\"primary-text-color primary-bg-light px-2 crete_right_main_title_style_text\">Sistemas MaaS que se comunican entre s\u00ed.<\/span>                             <\/h2>\r\n                                                                            <p class=\"mb-32 wow fadeInUp crete_info_two_decription\"\r\n                               data-wow-delay=\"0.3s\">Estamos resolviendo los problemas de hoy... y del ma\u00f1ana. Con datos s\u00f3lidos, nos aseguraremos de que la infraestructura y los sistemas de tus ciudades est\u00e9n listos. <span\r\n                                        class=\"primary-text-color crete_right_decription_style_text\">para un futuro sin conductores con robo-taxis, carriles de tr\u00e1fico inteligentes reversibles, zonas de desembarque designadas y vigilancia automatizada.<\/span>\r\n                            <\/p>\r\n                                                <div class=\"cta-box bg-white rounded-3 theme-shadow\">\r\n                            <div class=\"d-flex gap-3 flex-wrap flex-sm-nowrap\">\r\n                                                                    <span class=\"icon-wrapper primary-bg-light rounded-circle d-flex align-items-center justify-content-center flex-shrink-0\">\r\n                                   <svg aria-hidden=\"true\" class=\"e-font-icon-svg e-fas-check\" viewbox=\"0 0 512 512\" xmlns=\"http:\/\/www.w3.org\/2000\/svg\"><path d=\"M173.898 439.404l-166.4-166.4c-9.997-9.997-9.997-26.206 0-36.204l36.203-36.204c9.997-9.998 26.207-9.998 36.204 0L192 312.69 432.095 72.596c9.997-9.997 26.207-9.997 36.204 0l36.203 36.204c9.997 9.997 9.997 26.206 0 36.204l-294.4 294.401c-9.998 9.997-26.207 9.997-36.204-.001z\"><\/path><\/svg>                                <\/span>\r\n                                                                <div>\r\n                                                                            <h6 class=\"mb-20\">Estamos equipando a las comunidades con potencia de procesamiento de vanguardia que ser\u00e1 necesaria para las Ciudades Inteligentes en 2035.<\/h6>\r\n                                    \r\n                                                                            <p class=\"mb-0\">A medida que las poblaciones aumenten, las herramientas ORA permitir\u00e1n que su agencia o municipio satisfaga las crecientes demandas de los viajeros, peatones y l\u00edderes comunitarios.<\/p>\r\n                                                                    <\/div>\r\n                            <\/div>\r\n                            <div class=\"d-flex align-items-center gap-4 mt-40 flex-wrap\">\r\n                                                                                            <\/div>\r\n                        <\/div>\r\n                    <\/div>\r\n                <\/div>\r\n            <\/div>\r\n        <\/div>\r\n    <\/section>\r\n    <!--about section end-->\r\n\r\n\r\n            \r\n\r\n        \t\t\t\t<\/div>\n\t\t\t\t<\/div>\n\t\t\t\t\t<\/div>\n\t\t\t\t<\/div>\n\t\t\t\t<\/div>","protected":false},"excerpt":{"rendered":"<p>Vision The ORA platform and our connected collaborative future. The vision is simple &#8212; empower cities by providing better data, solutions and decision-making without prohibitive costs. Our vision is to accelerate the evolution of urban mobility and smart city infrastructure by creating seamless, sustainable urban environments. The vision is simple &#8212; empower cities by providing [&hellip;]<\/p>\n","protected":false},"author":2,"featured_media":0,"parent":0,"menu_order":0,"comment_status":"closed","ping_status":"closed","template":"elementor_header_footer","meta":{"_acf_changed":false,"bg_version":"","footnotes":""},"class_list":["post-3525","page","type-page","status-publish","hentry"],"acf":[],"_links":{"self":[{"href":"https:\/\/buspas.com\/es\/wp-json\/wp\/v2\/pages\/3525","targetHints":{"allow":["GET"]}}],"collection":[{"href":"https:\/\/buspas.com\/es\/wp-json\/wp\/v2\/pages"}],"about":[{"href":"https:\/\/buspas.com\/es\/wp-json\/wp\/v2\/types\/page"}],"author":[{"embeddable":true,"href":"https:\/\/buspas.com\/es\/wp-json\/wp\/v2\/users\/2"}],"replies":[{"embeddable":true,"href":"https:\/\/buspas.com\/es\/wp-json\/wp\/v2\/comments?post=3525"}],"version-history":[{"count":0,"href":"https:\/\/buspas.com\/es\/wp-json\/wp\/v2\/pages\/3525\/revisions"}],"wp:attachment":[{"href":"https:\/\/buspas.com\/es\/wp-json\/wp\/v2\/media?parent=3525"}],"curies":[{"name":"wp","href":"https:\/\/api.w.org\/{rel}","templated":true}]}}