{"id":2670,"date":"2023-07-30T10:16:22","date_gmt":"2023-07-30T10:16:22","guid":{"rendered":"https:\/\/crete.themepreview.xyz\/home-two\/?page_id=2670"},"modified":"2025-07-31T23:29:24","modified_gmt":"2025-07-31T23:29:24","slug":"about","status":"publish","type":"page","link":"https:\/\/buspas.com\/es\/about\/","title":{"rendered":"Acerca"},"content":{"rendered":"<div data-elementor-type=\"wp-page\" data-elementor-id=\"2670\" class=\"elementor elementor-2670\" data-elementor-post-type=\"page\">\n\t\t\t\t<div class=\"elementor-element elementor-element-5d5f43d e-con-full e-flex e-con e-parent\" data-id=\"5d5f43d\" data-element_type=\"container\" data-e-type=\"container\">\n\t\t\t\t<div class=\"elementor-element elementor-element-07c684f elementor-widget elementor-widget-crete_info_section\" data-id=\"07c684f\" data-element_type=\"widget\" data-e-type=\"widget\" data-widget_type=\"crete_info_section.default\">\n\t\t\t\t<div class=\"elementor-widget-container\">\n\t\t\t\t\t    <!--call to action start-->\r\n    <section class=\"hm2-cta-section bg-white ptb-100 overflow-hidden\">\r\n        <div class=\"container\">\r\n            <div class=\"row align-items-center g-5 crete_reverce_info\">\r\n                <div class=\"col-xl-6\">\r\n                    <div class=\"hm2-cta-left position-relative z-1\">\r\n\r\n                        <span class=\"circle-shape position-absolute z--1\"><\/span>\r\n                        <img decoding=\"async\" src=\"https:\/\/buspas.com\/\/wp-content\/uploads\/2024\/09\/ORA-Billboard-Square-3.png\" alt=\"not found\"\r\n                             class=\"img-fluid cta-1 wow fadeInLeft\">\r\n                        <img decoding=\"async\" src=\"https:\/\/buspas.com\/\/wp-content\/uploads\/2024\/09\/BusPas-Square-Social-Templates-8.png\" alt=\"not found\"\r\n                             class=\"img-fluid cta-2 wow fadeInRight\">\r\n                    <\/div>\r\n                <\/div>\r\n                <div class=\"col-xl-6\">\r\n                    <div class=\"hm2-cta-content ps-xl-5\">\r\n                        <span class=\"cr-subtitle position-relative primary-text-color fw-semibold wow fadeInUp d-inline-block\">Acerca<\/span>\r\n                        <h2 class=\"mt-32 mb-40 wow fadeInUp translation-block\"\r\n                            data-wow-delay=\"0.2s\">Conectando los pilares de las ciudades inteligentes en todo el mundo.<\/h2>\r\n                        <p class=\"mb-5 wow fadeInUp\"\r\n                           data-wow-delay=\"0.3s\">Vemos las paradas de autob\u00fas y otros elementos urbanos como los bloques fundamentales para la transformaci\u00f3n digital. BusPas desarrolla IA, mejora la infraestructura tradicional y crea aplicaciones para mejorar el transporte p\u00fablico, aumentar la seguridad p\u00fablica y promover la sostenibilidad. En BusPas, innovamos para ofrecer tecnolog\u00eda de vanguardia y soluciones f\u00e1ciles de usar a las agencias de transporte y municipios. Con un enfoque en la integraci\u00f3n de IA, an\u00e1lisis de datos en tiempo real e infraestructura urbana inteligente, somos l\u00edderes en tecnolog\u00eda de ciudades inteligentes.<\/p>\r\n                        <div class=\"d-flex align-items-center gap-3 gap-sm-4 flex-wrap\">\r\n                            <a href='https:\/\/buspas.com\/es\/technology\/'rel='nofollow'\"\r\n class=\"template-btn primary-btn wow fadeInUp\"\r\n                               data-wow-delay=\"0.4s\">C\u00d3MO FUNCIONA<\/a>\r\n                            <a href=\"https:\/\/www.youtube.com\/watch?v=si7d1ZcOqIo\" class=\"template-btn outline-secondary wow fadeInUp hero-watch-btn\" data-wow-delay=\"0.5s\" target=\"_blank\" rel=\"noopener\">VER <span\r\n                                        class=\"ms-2\">   <\/span><\/a>\r\n                        <\/div>\r\n                    <\/div>\r\n                <\/div>\r\n            <\/div>\r\n        <\/div>\r\n    <\/section>\r\n    <!--call to action end-->\r\n    \r\n        \t\t\t\t<\/div>\n\t\t\t\t<\/div>\n\t\t\t\t<\/div>\n\t\t<div class=\"elementor-element elementor-element-a71a2f6 e-con-full e-flex e-con e-parent\" data-id=\"a71a2f6\" data-element_type=\"container\" data-e-type=\"container\">\n\t\t\t\t<div class=\"elementor-element elementor-element-3ecebc6 elementor-widget elementor-widget-crete_service_grid\" data-id=\"3ecebc6\" data-element_type=\"widget\" data-e-type=\"widget\" data-widget_type=\"crete_service_grid.default\">\n\t\t\t\t<div class=\"elementor-widget-container\">\n\t\t\t\t\t    <!--brand & service start-->\r\n    <section class=\"service-section cr2-brand-n-service bg-light-white position-relative z-1 overflow-hidden\">\r\n                    <span class=\"circle-shape-1 rounded-circle position-absolute z--1\"><\/span>\r\n        <span class=\"circle-shape-2 rounded-circle position-absolute z--1\"><\/span>\r\n       \r\n                        <img decoding=\"async\" src=\"https:\/\/crete.themepreview.xyz\/home-one\/wp-content\/uploads\/sites\/2\/2023\/07\/net-vector-2.png\" class=\"position-absolute net-vector top-0 end-0 z--1 w-100\" alt=\"vector\">\r\n                        <div class=\"hm2-service-section pb-100 overflow-hidden\">\r\n\r\n            <div class=\"container pt-100 position-relative z-1\">\r\n\r\n                <div class=\"row justify-content-center\">\r\n                    <div class=\"col-xl-5\">\r\n                        <div class=\"text-center\">\r\n                            <span class=\"cr-subtitle position-relative primary-text-color fw-semibold wow fadeInUp d-inline-block\">Innovaci\u00f3n<\/span>\r\n                            <h2 class=\"mb-0 mt-4 wow fadeInUp crete_searvice_top_title_text\">Competitive <span class=\"primary-bg-light primary-text-color px-2\">Edge<\/span><\/h2>\r\n                        <\/div>\r\n                    <\/div>\r\n                <\/div>\r\n                <div class=\"hm2-service-slider slider-spacing mt-60\">\r\n                \r\n                        <div class=\"hm2-service-box\">\r\n                        <span class=\"icon-wrapper\">\r\n                            <img decoding=\"async\" src=\"https:\/\/buspas.com\/\/wp-content\/uploads\/2024\/07\/Font-Right.png\" alt=\"icon\" class=\"img-fluid\">\r\n                        <\/span>\r\n                            <h6 class=\"mt-32\">Retorno de Inversi\u00f3n M\u00e1s R\u00e1pido<\/h6>\r\n                            <p class=\"mb-32 mt-4 fw-medium\"><p><strong><span class=\"OYPEnA font-feature-liga-off font-feature-clig-off font-feature-calt-off text-decoration-none text-strikethrough-none\">Aprovechar los contratos existentes para acelerar la implementaci\u00f3n.<\/span><\/strong><\/p><p><span class=\"OYPEnA font-feature-liga-off font-feature-clig-off font-feature-calt-off text-decoration-none text-strikethrough-none\">Accederemos y mejoraremos la infraestructura basada en contratos existentes. No es necesario un nuevo legislaci\u00f3n ni una solicitud de propuestas (RFP). Los sitios, permisos y aprobaciones ya est\u00e1n completos. Podemos actualizar e instalar a trav\u00e9s de un mecanismo de mantenimiento regular.<\/span><\/p><\/p>\r\n                            <a href=\"https:\/\/buspas.com\/es\/contact\/\" class=\"explore-btn\">\r\n                                EMPEZAR                                 <span class=\"ms-2\">\r\n                                                           <\/span>\r\n                            <\/a>\r\n                        <\/div>\r\n\r\n\r\n                \r\n                        <div class=\"hm2-service-box\">\r\n                        <span class=\"icon-wrapper\">\r\n                            <img decoding=\"async\" src=\"https:\/\/buspas.com\/\/wp-content\/uploads\/2024\/09\/Gold-Keys.H03.2k-e1725296451344.png\" alt=\"icon\" class=\"img-fluid\">\r\n                        <\/span>\r\n                            <h6 class=\"mt-32\">Facilidad de Uso<\/h6>\r\n                            <p class=\"mb-32 mt-4 fw-medium\"><p class=\"cvGsUA direction-ltr align-start para-style-body\"><strong><span class=\"OYPEnA font-feature-liga-off font-feature-clig-off font-feature-calt-off text-decoration-none text-strikethrough-none\">Proporcionar una interfaz de usuario y experiencia de usuario avanzadas para una transparencia sin igual.<\/span><\/strong><\/p><p class=\"cvGsUA direction-ltr align-start para-style-body\"><span class=\"OYPEnA font-feature-liga-off font-feature-clig-off font-feature-calt-off text-decoration-none text-strikethrough-none\">Nuestros socios pueden auditar, examinar y ejecutar modelos a trav\u00e9s de <\/span><span class=\"OYPEnA font-feature-liga-off font-feature-clig-off font-feature-calt-off text-decoration-none text-strikethrough-none\">ORA<\/span><span class=\"OYPEnA font-feature-liga-off font-feature-clig-off font-feature-calt-off text-decoration-none text-strikethrough-none\"> antes, durante y despu\u00e9s de la implementaci\u00f3n del programa. Los programas llave en mano vienen con visualizaci\u00f3n de datos avanzada, an\u00e1lisis en tiempo real, aplicaciones y recomendaciones impulsadas por IA.<\/span><\/p><\/p>\r\n                            <a href=\"https:\/\/buspas.com\/es\/contact\/\" class=\"explore-btn\">\r\n                                EMPEZAR                                 <span class=\"ms-2\">\r\n                                                           <\/span>\r\n                            <\/a>\r\n                        <\/div>\r\n\r\n\r\n                \r\n                        <div class=\"hm2-service-box\">\r\n                        <span class=\"icon-wrapper\">\r\n                            <img decoding=\"async\" src=\"https:\/\/buspas.com\/\/wp-content\/uploads\/2024\/07\/Front-Left-2.png\" alt=\"icon\" class=\"img-fluid\">\r\n                        <\/span>\r\n                            <h6 class=\"mt-32\">Motor de Ingresos<\/h6>\r\n                            <p class=\"mb-32 mt-4 fw-medium\"><p class=\"cvGsUA direction-ltr align-start para-style-body\"><strong><span class=\"OYPEnA font-feature-liga-off font-feature-clig-off font-feature-calt-off text-decoration-none text-strikethrough-none\">Proporcionar nuevos ingresos para los socios a trav\u00e9s de la implementaci\u00f3n.<\/span><\/strong><\/p><p class=\"cvGsUA direction-ltr align-start para-style-body\"><span class=\"OYPEnA font-feature-liga-off font-feature-clig-off font-feature-calt-off text-decoration-none text-strikethrough-none\">Nuestros socios ahora pueden trabajar fuera de las limitaciones presupuestarias gracias a los nuevos ingresos. Usando nuestro <\/span><span class=\"OYPEnA font-feature-liga-off font-feature-clig-off font-feature-calt-off text-decoration-none text-strikethrough-none\">Zonas SaferSmart\u2122<\/span><span class=\"OYPEnA font-feature-liga-off font-feature-clig-off font-feature-calt-off text-decoration-none text-strikethrough-none\"> programa de implementaci\u00f3n, las ciudades y sus partes interesadas no necesitar\u00e1n presupuestos adicionales para ejecutar un programa. Los infractores de ordenanzas financiar\u00e1n las mejoras y el mantenimiento.<\/span><\/p><\/p>\r\n                            <a href=\"https:\/\/buspas.com\/es\/contact\/\" class=\"explore-btn\">\r\n                                EMPEZAR                                 <span class=\"ms-2\">\r\n                                                           <\/span>\r\n                            <\/a>\r\n                        <\/div>\r\n\r\n\r\n                \r\n                        <div class=\"hm2-service-box\">\r\n                        <span class=\"icon-wrapper\">\r\n                            <img decoding=\"async\" src=\"https:\/\/crete.themepreview.xyz\/home-one\/wp-content\/uploads\/sites\/2\/2023\/07\/icon-4.svg\" alt=\"icon\" class=\"img-fluid\">\r\n                        <\/span>\r\n                            <h6 class=\"mt-32\">IA Colaborativa<\/h6>\r\n                            <p class=\"mb-32 mt-4 fw-medium\"><p class=\"cvGsUA direction-ltr align-start para-style-body\"><strong><span class=\"OYPEnA font-feature-liga-off font-feature-clig-off font-feature-calt-off text-decoration-none text-strikethrough-none\">IA + ORA hace que el acceso a los datos sea fluido y la innovaci\u00f3n inevitable.<\/span><\/strong><\/p><p class=\"cvGsUA direction-ltr align-start para-style-body\"><span class=\"OYPEnA font-feature-liga-off font-feature-clig-off font-feature-calt-off text-decoration-none text-strikethrough-none\">Con las paradas de autob\u00fas modernizadas y la infraestructura de ciudad inteligente en su lugar, podemos ofrecer un acceso inigualable a los datos. Invitamos a emprendedores y desarrolladores inspirados a crear aplicaciones que puedan<\/span> <span class=\"OYPEnA font-feature-liga-off font-feature-clig-off font-feature-calt-off text-decoration-none text-strikethrough-none\">resolver problemas y impulsar ciudades inteligentes.<\/span><\/p><\/p>\r\n                            <a href=\"https:\/\/buspas.com\/es\/contact\/\" class=\"explore-btn\">\r\n                                EMPEZAR                                 <span class=\"ms-2\">\r\n                                                           <\/span>\r\n                            <\/a>\r\n                        <\/div>\r\n\r\n\r\n                \r\n                        <div class=\"hm2-service-box\">\r\n                        <span class=\"icon-wrapper\">\r\n                            <img decoding=\"async\" src=\"https:\/\/buspas.com\/\/wp-content\/uploads\/2024\/09\/Sun-Icon.H03.2k.png\" alt=\"icon\" class=\"img-fluid\">\r\n                        <\/span>\r\n                            <h6 class=\"mt-32\">Capacidad Solar<\/h6>\r\n                            <p class=\"mb-32 mt-4 fw-medium\"><p class=\"cvGsUA direction-ltr align-start para-style-body\"><strong><span class=\"OYPEnA font-feature-liga-off font-feature-clig-off font-feature-calt-off text-decoration-none text-strikethrough-none\">Ofrecer una soluci\u00f3n independiente de la red el\u00e9ctrica<\/span> <span class=\"OYPEnA font-feature-liga-off font-feature-clig-off font-feature-calt-off text-decoration-none text-strikethrough-none\">capaz de funcionar con energ\u00eda solar <\/span><span class=\"OYPEnA font-feature-liga-off font-feature-clig-off font-feature-calt-off text-decoration-none text-strikethrough-none\">soluci\u00f3n de energ\u00eda.<\/span><\/strong><\/p><p class=\"cvGsUA direction-ltr align-start para-style-body\"><span class=\"OYPEnA font-feature-liga-off font-feature-clig-off font-feature-calt-off text-decoration-none text-strikethrough-none\">Minimizaremos la dependencia de la red el\u00e9ctrica a\u00f1adiendo paneles solares.<\/span> <span class=\"OYPEnA font-feature-liga-off font-feature-clig-off font-feature-calt-off text-decoration-none text-strikethrough-none\">La unidad se alimentar\u00e1 principalmente de los paneles solares que funcionar\u00e1n d\u00eda y noche durante<\/span> <span class=\"OYPEnA font-feature-liga-off font-feature-clig-off font-feature-calt-off text-decoration-none text-strikethrough-none\">el verano y el invierno.<\/span><\/p><\/p>\r\n                            <a href=\"https:\/\/buspas.com\/es\/contact\/\" class=\"explore-btn\">\r\n                                EMPEZAR                                 <span class=\"ms-2\">\r\n                                                           <\/span>\r\n                            <\/a>\r\n                        <\/div>\r\n\r\n\r\n                                <\/div>\r\n            <\/div>\r\n        <\/div>\r\n    <\/section>\r\n    <!--brand & service end-->\r\n    \r\n\r\n\r\n        \t\t\t\t<\/div>\n\t\t\t\t<\/div>\n\t\t\t\t<\/div>\n\t\t<div class=\"elementor-element elementor-element-20c3b8f e-flex e-con-boxed e-con e-parent\" data-id=\"20c3b8f\" data-element_type=\"container\" data-e-type=\"container\">\n\t\t\t\t\t<div class=\"e-con-inner\">\n\t\t\t\t<div class=\"elementor-element elementor-element-c9cebfc elementor-widget elementor-widget-crete_info_section\" data-id=\"c9cebfc\" data-element_type=\"widget\" data-e-type=\"widget\" data-widget_type=\"crete_info_section.default\">\n\t\t\t\t<div class=\"elementor-widget-container\">\n\t\t\t\t\t    <!--exp section start-->\r\n    <section class=\"exp-section ptb-100 overflow-hidden\">\r\n        <div class=\"container\">\r\n            <div class=\"row g-5 align-items-center\">\r\n                <div class=\"col-xl-6 col-lg-6\">\r\n                    <div class=\"image-wrapper\">\r\n\r\n                                                    <img decoding=\"async\" src=\"https:\/\/buspas.com\/\/wp-content\/uploads\/2024\/09\/Value-Prop.png\" alt=\"about\"\r\n                                 class=\"img-fluid rounded-4\">\r\n                                            <\/div>\r\n                <\/div>\r\n                <div class=\"col-xl-6 col-lg-6\">\r\n                    <div class=\"exp-content-right\">\r\n                        <span class=\"cr-subtitle fw-semibold primary-text-color position-relative wow fadeInUp d-inline-block\">Soluciones<\/span>\r\n\r\n                        <h2 class=\"mb-5 mt-4 wow fadeInUp\"\r\n                            data-wow-delay=\"0.2s\">A new affordable approach to <span\r\n                                    class=\"primary-text-color primary-bg-light px-2\">data solutions.<\/span>\r\n                        <\/h2>\r\n                        <p class=\"mb-40 wow fadeInUp\"\r\n                           data-wow-delay=\"0.3s\">\nBusPas reduce el coste del acceso a datos fomentando las colaboraciones estrat\u00e9gicas y aprovechando la infraestructura compartida. A trav\u00e9s de estas alianzas, las ciudades pueden acceder a tecnolog\u00edas avanzadas y servicios de datos integrales a un costo menor, haciendo que las soluciones para ciudades inteligentes sean m\u00e1s realizables y disponibles. <span\r\n                                    class=\"primary-text-color fw-semibold\"><\/span>\r\n                        <\/p>\r\n                        <div class=\"d-flex align-items-center gap-3 gap-sm-4 flex-wrap\">\r\n\r\n                            <a href=\"https:\/\/buspas.com\/es\/use-cases\/\" class=\"template-btn primary-btn wow fadeInUp\" data-wow-delay=\"0.2s\">Saber m\u00e1s<\/a>\r\n                            <a href=\"https:\/\/buspas.com\/es\/contact\/\" class=\"template-btn  outline-secondary wow fadeInUp\" data-wow-delay=\"0.3s\">EMPEZAR <span\r\n                                        class=\"ms-2\"><i class=\"fas fa-arrow-right\"><\/i><\/span><\/a>\r\n                        <\/div>\r\n                    <\/div>\r\n                <\/div>\r\n            <\/div>\r\n        <\/div>\r\n    <\/section>\r\n    <!--expt section end-->\r\n    \r\n        \t\t\t\t<\/div>\n\t\t\t\t<\/div>\n\t\t\t\t\t<\/div>\n\t\t\t\t<\/div>\n\t\t<div class=\"elementor-element elementor-element-cb4f42a e-flex e-con-boxed e-con e-parent\" data-id=\"cb4f42a\" data-element_type=\"container\" data-e-type=\"container\">\n\t\t\t\t\t<div class=\"e-con-inner\">\n\t\t\t\t<div class=\"elementor-element elementor-element-eb44f5a elementor-widget elementor-widget-spacer\" data-id=\"eb44f5a\" data-element_type=\"widget\" data-e-type=\"widget\" data-widget_type=\"spacer.default\">\n\t\t\t\t<div class=\"elementor-widget-container\">\n\t\t\t\t\t\t\t<div class=\"elementor-spacer\">\n\t\t\t<div class=\"elementor-spacer-inner\"><\/div>\n\t\t<\/div>\n\t\t\t\t\t\t<\/div>\n\t\t\t\t<\/div>\n\t\t\t\t<div class=\"elementor-element elementor-element-25918c8 elementor-widget elementor-widget-crete-video-box\" data-id=\"25918c8\" data-element_type=\"widget\" data-e-type=\"widget\" data-widget_type=\"crete-video-box.default\">\n\t\t\t\t<div class=\"elementor-widget-container\">\n\t\t\t\t\t        <!--video box start-->\n        <section class=\"hm2-video-section\">\n            <div class=\"container custom_container_width\">\n                <div class=\"hm2-video-box d-flex align-items-center justify-content-between theme-shadow position-relative z-1 overflow-hidden gap-5 flex-wrap\">\n                                            <img decoding=\"async\" src=\"https:\/\/buspas.com\/\/wp-content\/uploads\/2023\/08\/curve-shape.png\" alt=\"curve shape\" class=\"position-absolute curve-shape z--1\">\n                                        <div class=\"content-left d-flex align-items-center gap-4 flex-wrap flex-md-nowrap\">\n                                                    <a href=\"https:\/\/buspas.com\/es\/contact\/\" class=\"video-popup-btn ripple-effect\"><i class=\"fas fa-play\"><\/i><\/a>\n                                                <div>\n                                                            <h3 class=\"mb-2 crete__video_box-heading\">Lanza un piloto de BusPas en tu ciudad.<\/h3>\n                                                                                        <p class=\"mb-0 lead crete__video_box-info\">Experimenta los beneficios de la planificaci\u00f3n urbana y del transporte impulsada por datos de IA. <\/p>\n                                                    <\/div>\n                    <\/div>\n                                            <a href=\"https:\/\/buspas.com\/es\/contact\/\" class=\"template-btn primary-btn\">CONT\u00c1CTANOS<\/a>\n                                    <\/div>\n            <\/div>\n        <\/section>\n        <!--video box end-->\n        \t\t\t\t<\/div>\n\t\t\t\t<\/div>\n\t\t\t\t<div class=\"elementor-element elementor-element-a209653 elementor-widget elementor-widget-spacer\" data-id=\"a209653\" data-element_type=\"widget\" data-e-type=\"widget\" data-widget_type=\"spacer.default\">\n\t\t\t\t<div class=\"elementor-widget-container\">\n\t\t\t\t\t\t\t<div class=\"elementor-spacer\">\n\t\t\t<div class=\"elementor-spacer-inner\"><\/div>\n\t\t<\/div>\n\t\t\t\t\t\t<\/div>\n\t\t\t\t<\/div>\n\t\t\t\t\t<\/div>\n\t\t\t\t<\/div>\n\t\t\t\t<\/div>","protected":false},"excerpt":{"rendered":"<p>About Connecting the cornerstones for smart cities around the world. We see bus stops and other urban furniture as the building blocks for digital transformation. BusPas develops AI, augments traditional infrastructure and builds applications to improve public transit, enhance public safety, and promote sustainability. At BusPas, we innovate to offer cutting-edge technology and user-friendly solutions [&hellip;]<\/p>\n","protected":false},"author":2,"featured_media":0,"parent":0,"menu_order":0,"comment_status":"closed","ping_status":"closed","template":"elementor_header_footer","meta":{"_acf_changed":false,"bg_version":"","footnotes":""},"class_list":["post-2670","page","type-page","status-publish","hentry"],"acf":[],"_links":{"self":[{"href":"https:\/\/buspas.com\/es\/wp-json\/wp\/v2\/pages\/2670","targetHints":{"allow":["GET"]}}],"collection":[{"href":"https:\/\/buspas.com\/es\/wp-json\/wp\/v2\/pages"}],"about":[{"href":"https:\/\/buspas.com\/es\/wp-json\/wp\/v2\/types\/page"}],"author":[{"embeddable":true,"href":"https:\/\/buspas.com\/es\/wp-json\/wp\/v2\/users\/2"}],"replies":[{"embeddable":true,"href":"https:\/\/buspas.com\/es\/wp-json\/wp\/v2\/comments?post=2670"}],"version-history":[{"count":1,"href":"https:\/\/buspas.com\/es\/wp-json\/wp\/v2\/pages\/2670\/revisions"}],"predecessor-version":[{"id":10389,"href":"https:\/\/buspas.com\/es\/wp-json\/wp\/v2\/pages\/2670\/revisions\/10389"}],"wp:attachment":[{"href":"https:\/\/buspas.com\/es\/wp-json\/wp\/v2\/media?parent=2670"}],"curies":[{"name":"wp","href":"https:\/\/api.w.org\/{rel}","templated":true}]}}